{"id":794,"date":"2022-09-05T08:01:31","date_gmt":"2022-09-05T08:01:31","guid":{"rendered":"https:\/\/jumi.be\/politique-de-confidentialite"},"modified":"2024-04-24T11:46:48","modified_gmt":"2024-04-24T11:46:48","slug":"politique-de-confidentialite","status":"publish","type":"page","link":"https:\/\/jumi.be\/fr\/politique-de-confidentialite","title":{"rendered":"Politique de confidentialit\u00e9"},"content":{"rendered":"\n<h2 class=\"wp-block-heading\">Pourquoi cette politique de confidentialit\u00e9 ?<\/h2>\n\n<p>La politique de confidentialit\u00e9 ci-dessous explique comment nous collectons des donn\u00e9es personnelles via notre site Web et dans quel but nous les utilisons. La politique de confidentialit\u00e9 s&rsquo;applique au site Web https:\/\/jumi.be\/et aux noms de domaine associ\u00e9s de Jumi ayant son si\u00e8ge social \u00e0 Jumi Plastics Belgium NV, Katteweidelaan 39, 3590 Diepenbeek, et num\u00e9ro d&rsquo;entreprise BE0412.540.109.<\/p>\n\n<p>Les donn\u00e9es personnelles sont trait\u00e9es conform\u00e9ment au R\u00e8glement G\u00e9n\u00e9ral sur la Protection des Donn\u00e9es du 27 avril 2016 (\u00e9galement appel\u00e9 &lsquo;RGPD&rsquo; ou &lsquo;GDPR&rsquo;) et \u00e0 la l\u00e9gislation d\u00e9riv\u00e9e. Les questions concernant cette politique de confidentialit\u00e9 peuvent \u00eatre pos\u00e9es en appelant le num\u00e9ro de t\u00e9l\u00e9phone 011 79 03 20 ou en envoyant un e-mail \u00e0 info@jumi.be.<\/p>\n\n<h2 class=\"wp-block-heading\">Qu&rsquo;est-ce que les donn\u00e9es personnelles ?<\/h2>\n\n<p>Les donn\u00e9es personnelles sont des informations qui permettent d&rsquo;identifier une personne ou qui peuvent \u00eatre identifi\u00e9es, telles qu&rsquo;un nom ou un pr\u00e9nom, une adresse e-mail ou d&rsquo;autres coordonn\u00e9es de contact. Il s&rsquo;agit des informations fournies \u00e0 Jumi via des formulaires en ligne, des e-mails et des appels t\u00e9l\u00e9phoniques, mais aussi des informations fournies lors de l&rsquo;achat de produits ou de services. Jumi traite ces donn\u00e9es conform\u00e9ment au R\u00e8glement G\u00e9n\u00e9ral sur la Protection des Donn\u00e9es (GDPR) de l&rsquo;Union Europ\u00e9enne.<\/p>\n\n<h2 class=\"wp-block-heading\">Quand traitons-nous des donn\u00e9es personnelles ?<\/h2>\n\n<p>Le traitement des donn\u00e9es comprend notamment la collecte, l&rsquo;organisation, le stockage, la modification, la consultation, l&rsquo;utilisation, la combinaison, la protection et la suppression de ces donn\u00e9es.<\/p>\n\n<p>Nous traitons des donn\u00e9es personnelles lorsque :<\/p>\n\n<ul class=\"wp-block-list\">\n<li>Une question est pos\u00e9e par un prospect, un client ou un fournisseur (potentiel) par e-mail ou via un formulaire en ligne ;<\/li>\n\n\n\n<li>Une commande est pass\u00e9e par e-mail ou via un formulaire en ligne ;<\/li>\n\n\n\n<li>Une candidature est soumise pour un stage ou un emploi par e-mail ou via un formulaire en ligne.<\/li>\n<\/ul>\n\n<p>Lorsque notre site Web est visit\u00e9, des cookies sont \u00e9galement utilis\u00e9s pour fournir des fonctionnalit\u00e9s, suivre les pr\u00e9f\u00e9rences des utilisateurs et traiter des donn\u00e9es statistiques afin d&rsquo;am\u00e9liorer l&rsquo;exp\u00e9rience utilisateur sur le site Web. Les cookies non essentiels ne sont plac\u00e9s qu&rsquo;apr\u00e8s confirmation active (opt-in) via la banni\u00e8re de cookies. Consultez \u00e9galement notre politique en mati\u00e8re de cookies pour plus d&rsquo;informations.<\/p>\n\n<h2 class=\"wp-block-heading\">\u00c0 quoi servent les donn\u00e9es personnelles ?<\/h2>\n\n<p>Jumi traite des donn\u00e9es personnelles \u00e0 diff\u00e9rentes fins. Pour chaque traitement de donn\u00e9es personnelles, des finalit\u00e9s et des dur\u00e9es de conservation sont d\u00e9finies. Ainsi, elles ne sont pas trait\u00e9es par nous plus longtemps que n\u00e9cessaire, ni pour d&rsquo;autres finalit\u00e9s que celles pour lesquelles elles ont \u00e9t\u00e9 fournies. Les finalit\u00e9s peuvent notamment \u00eatre les suivantes :<\/p>\n\n<ul class=\"wp-block-list\">\n<li>R\u00e9pondre aux questions ;<\/li>\n\n\n\n<li>Traiter les demandes de devis ;<\/li>\n\n\n\n<li>Traiter les commandes ;<\/li>\n\n\n\n<li>Effectuer des livraisons ;<\/li>\n\n\n\n<li>Ex\u00e9cuter des contrats ;<\/li>\n\n\n\n<li>G\u00e9rer l&rsquo;administration d&rsquo;entreprise et la comptabilit\u00e9 ;<\/li>\n\n\n\n<li>Fournir un support ;<\/li>\n\n\n\n<li>Am\u00e9liorer les services ;<\/li>\n\n\n\n<li>D\u00e9tecter et se prot\u00e9ger contre les activit\u00e9s frauduleuses, les erreurs et\/ou la criminalit\u00e9 ;<\/li>\n\n\n\n<li>Contacter \u00e0 des fins promotionnelles.<\/li>\n<\/ul>\n\n<h2 class=\"wp-block-heading\">Pendant combien de temps les donn\u00e9es personnelles sont-elles conserv\u00e9es ?<\/h2>\n\n<p>Jumi ne conserve pas les donn\u00e9es personnelles collect\u00e9es plus longtemps que n\u00e9cessaire. Si aucune dur\u00e9e de conservation l\u00e9galement fix\u00e9e n&rsquo;est d\u00e9finie pour les traitements, nous \u00e9valuons nous-m\u00eames la dur\u00e9e pendant laquelle nous avons raisonnablement besoin des donn\u00e9es pour l&rsquo;objectif pr\u00e9vu. Pass\u00e9 ce d\u00e9lai, les donn\u00e9es sont anonymis\u00e9es ou effac\u00e9es.<\/p>\n\n<p>Dans le cas du marketing direct, il est toujours possible de se d\u00e9sabonner des communications marketing en nous contactant.<\/p>\n\n<h2 class=\"wp-block-heading\">Avec qui partageons-nous des donn\u00e9es personnelles ?<\/h2>\n\n<p>Jumi peut partager des donn\u00e9es personnelles avec des sous-traitants. Les sous-traitants sont des personnes (morales ou physiques), des services ou des organismes qui traitent des donn\u00e9es personnelles pour le compte de Jumi. Il peut s&rsquo;agir de services logistiques, de partenaires informatiques et logiciels et d&rsquo;autres prestataires de services commerciaux tels que le comptable et le partenaire de communication. De plus, il est possible que nous partagions des donn\u00e9es personnelles avec des organismes gouvernementaux dans le cadre de notre respect de nos obligations administratives et l\u00e9gales.<\/p>\n\n<h2 class=\"wp-block-heading\">Comment prot\u00e9geons-nous les donn\u00e9es personnelles ?<\/h2>\n\n<p>Jumi a mis en place des mesures de s\u00e9curit\u00e9 techniques et organisationnelles appropri\u00e9es pour pr\u00e9venir la perte, le vol, l&rsquo;acc\u00e8s non autoris\u00e9, la diffusion non autoris\u00e9e ou la modification des donn\u00e9es personnelles transmises.<\/p>\n\n<p>Nous accordons donc une attention particuli\u00e8re \u00e0 la s\u00e9curit\u00e9 physique et num\u00e9rique des donn\u00e9es personnelles, ainsi qu&rsquo;aux syst\u00e8mes qui les g\u00e8rent. Jumi s&rsquo;efforce toujours de fournir des proc\u00e9dures de s\u00e9curit\u00e9 appropri\u00e9es et des mesures de s\u00e9curit\u00e9 technologique.<\/p>\n\n<h2 class=\"wp-block-heading\">Quels droits ont les personnes concern\u00e9es ?<\/h2>\n\n<p>La personne concern\u00e9e est la personne qui fournit ses donn\u00e9es personnelles. Le GDPR pr\u00e9voit diff\u00e9rents droits pour les personnes concern\u00e9es :<\/p>\n\n<ul class=\"wp-block-list\">\n<li>Droit d&rsquo;acc\u00e8s ;<\/li>\n\n\n\n<li>Droit de rectification ;<\/li>\n\n\n\n<li>Droit d&rsquo;opposition ;<\/li>\n\n\n\n<li>Droit \u00e0 la limitation du traitement ;<\/li>\n\n\n\n<li>Droit \u00e0 l&rsquo;effacement ;<\/li>\n\n\n\n<li>Droit de r\u00e9tractation du consentement.<\/li>\n<\/ul>\n\n<h2 class=\"wp-block-heading\">Que faire en cas de questions concernant cette politique de confidentialit\u00e9 ?<\/h2>\n\n<p>Toutes les questions et demandes concernant les droits des personnes concern\u00e9es peuvent \u00eatre adress\u00e9es par \u00e9crit \u00e0 Jumi, \u00e0 l&rsquo;attention d&rsquo;Irca Philips. Cela peut se faire par e-mail \u00e0 l&rsquo;adresse info@jumi.be ou par courrier \u00e0 Jumi Plastics Belgium NV, Katteweidelaan 39, 3590 Diepenbeek. Il est \u00e9galement possible de contacter l&rsquo;Autorit\u00e9 de protection des donn\u00e9es belge, Drukpersstraat 35, 1000 Bruxelles, <a href=\"tel:+3222744800\">+32 2 274 48 00<\/a>.<\/p>\n\n<p>Il est possible que Jumi ne puisse pas supprimer ou modifier toutes les informations en raison, entre autres, des sauvegardes, de l&rsquo;administration d&rsquo;entreprise, de l&rsquo;exercice ou de la d\u00e9fense d&rsquo;une r\u00e9clamation ou d&rsquo;autres droits et obligations l\u00e9gaux que nous pourrions avoir en tant qu&rsquo;organisation.<\/p>\n\n<p>Jumi s&rsquo;efforce de traiter chaque demande sans d\u00e9lai et au plus tard dans un d\u00e9lai de 30 jours. Selon la complexit\u00e9 des demandes et le nombre de demandes, ce d\u00e9lai peut \u00eatre prolong\u00e9 si n\u00e9cessaire.<\/p>\n\n<p><em>Cette page a \u00e9t\u00e9 modifi\u00e9e pour la derni\u00e8re fois le 24\/04\/2024.<\/em><\/p>\n","protected":false},"excerpt":{"rendered":"<p>Pourquoi cette politique de confidentialit\u00e9 ? La politique de confidentialit\u00e9 ci-dessous explique comment nous collectons des donn\u00e9es [&hellip;]<\/p>\n","protected":false},"author":1,"featured_media":0,"parent":0,"menu_order":0,"comment_status":"closed","ping_status":"open","template":"","meta":{"_uag_custom_page_level_css":"","site-sidebar-layout":"default","site-content-layout":"","ast-site-content-layout":"","site-content-style":"default","site-sidebar-style":"default","ast-global-header-display":"","ast-banner-title-visibility":"","ast-main-header-display":"","ast-hfb-above-header-display":"","ast-hfb-below-header-display":"","ast-hfb-mobile-header-display":"","site-post-title":"","ast-breadcrumbs-content":"","ast-featured-img":"","footer-sml-layout":"","theme-transparent-header-meta":"","adv-header-id-meta":"","stick-header-meta":"","header-above-stick-meta":"","header-main-stick-meta":"","header-below-stick-meta":"","astra-migrate-meta-layouts":"default","ast-page-background-enabled":"default","ast-page-background-meta":{"desktop":{"background-color":"var(--ast-global-color-4)","background-image":"","background-repeat":"repeat","background-position":"center center","background-size":"auto","background-attachment":"scroll","background-type":"","background-media":"","overlay-type":"","overlay-color":"","overlay-opacity":"","overlay-gradient":""},"tablet":{"background-color":"","background-image":"","background-repeat":"repeat","background-position":"center center","background-size":"auto","background-attachment":"scroll","background-type":"","background-media":"","overlay-type":"","overlay-color":"","overlay-opacity":"","overlay-gradient":""},"mobile":{"background-color":"","background-image":"","background-repeat":"repeat","background-position":"center center","background-size":"auto","background-attachment":"scroll","background-type":"","background-media":"","overlay-type":"","overlay-color":"","overlay-opacity":"","overlay-gradient":""}},"ast-content-background-meta":{"desktop":{"background-color":"var(--ast-global-color-5)","background-image":"","background-repeat":"repeat","background-position":"center center","background-size":"auto","background-attachment":"scroll","background-type":"","background-media":"","overlay-type":"","overlay-color":"","overlay-opacity":"","overlay-gradient":""},"tablet":{"background-color":"var(--ast-global-color-5)","background-image":"","background-repeat":"repeat","background-position":"center center","background-size":"auto","background-attachment":"scroll","background-type":"","background-media":"","overlay-type":"","overlay-color":"","overlay-opacity":"","overlay-gradient":""},"mobile":{"background-color":"var(--ast-global-color-5)","background-image":"","background-repeat":"repeat","background-position":"center center","background-size":"auto","background-attachment":"scroll","background-type":"","background-media":"","overlay-type":"","overlay-color":"","overlay-opacity":"","overlay-gradient":""}},"footnotes":""},"class_list":["post-794","page","type-page","status-publish","hentry"],"yoast_head":"<!-- This site is optimized with the Yoast SEO plugin v23.9 - https:\/\/yoast.com\/wordpress\/plugins\/seo\/ -->\n<title>Politique de confidentialit\u00e9 - Jumi<\/title>\n<meta name=\"robots\" content=\"index, follow, max-snippet:-1, max-image-preview:large, max-video-preview:-1\" \/>\n<link rel=\"canonical\" href=\"https:\/\/jumi.be\/fr\/politique-de-confidentialite\" \/>\n<meta property=\"og:locale\" content=\"fr_FR\" \/>\n<meta property=\"og:type\" content=\"article\" \/>\n<meta property=\"og:title\" content=\"Politique de confidentialit\u00e9 - Jumi\" \/>\n<meta property=\"og:description\" content=\"Pourquoi cette politique de confidentialit\u00e9 ? La politique de confidentialit\u00e9 ci-dessous explique comment nous collectons des donn\u00e9es [&hellip;]\" \/>\n<meta property=\"og:url\" content=\"https:\/\/jumi.be\/fr\/politique-de-confidentialite\" \/>\n<meta property=\"og:site_name\" content=\"Jumi\" \/>\n<meta property=\"article:modified_time\" content=\"2024-04-24T11:46:48+00:00\" \/>\n<meta name=\"twitter:card\" content=\"summary_large_image\" \/>\n<meta name=\"twitter:label1\" content=\"Dur\u00e9e de lecture estim\u00e9e\" \/>\n\t<meta name=\"twitter:data1\" content=\"5 minutes\" \/>\n<script type=\"application\/ld+json\" class=\"yoast-schema-graph\">{\"@context\":\"https:\/\/schema.org\",\"@graph\":[{\"@type\":\"WebPage\",\"@id\":\"https:\/\/jumi.be\/fr\/politique-de-confidentialite\",\"url\":\"https:\/\/jumi.be\/fr\/politique-de-confidentialite\",\"name\":\"Politique de confidentialit\u00e9 - Jumi\",\"isPartOf\":{\"@id\":\"https:\/\/jumi.be\/fr#website\"},\"datePublished\":\"2022-09-05T08:01:31+00:00\",\"dateModified\":\"2024-04-24T11:46:48+00:00\",\"breadcrumb\":{\"@id\":\"https:\/\/jumi.be\/fr\/politique-de-confidentialite#breadcrumb\"},\"inLanguage\":\"fr-FR\",\"potentialAction\":[{\"@type\":\"ReadAction\",\"target\":[\"https:\/\/jumi.be\/fr\/politique-de-confidentialite\"]}]},{\"@type\":\"BreadcrumbList\",\"@id\":\"https:\/\/jumi.be\/fr\/politique-de-confidentialite#breadcrumb\",\"itemListElement\":[{\"@type\":\"ListItem\",\"position\":1,\"name\":\"Home\",\"item\":\"https:\/\/jumi.be\/fr\"},{\"@type\":\"ListItem\",\"position\":2,\"name\":\"Politique de confidentialit\u00e9\"}]},{\"@type\":\"WebSite\",\"@id\":\"https:\/\/jumi.be\/fr#website\",\"url\":\"https:\/\/jumi.be\/fr\",\"name\":\"Jumi\",\"description\":\"En nog een WordPress website\",\"publisher\":{\"@id\":\"https:\/\/jumi.be\/fr#organization\"},\"potentialAction\":[{\"@type\":\"SearchAction\",\"target\":{\"@type\":\"EntryPoint\",\"urlTemplate\":\"https:\/\/jumi.be\/fr?s={search_term_string}\"},\"query-input\":{\"@type\":\"PropertyValueSpecification\",\"valueRequired\":true,\"valueName\":\"search_term_string\"}}],\"inLanguage\":\"fr-FR\"},{\"@type\":\"Organization\",\"@id\":\"https:\/\/jumi.be\/fr#organization\",\"name\":\"Jumi\",\"url\":\"https:\/\/jumi.be\/fr\",\"logo\":{\"@type\":\"ImageObject\",\"inLanguage\":\"fr-FR\",\"@id\":\"https:\/\/jumi.be\/fr#\/schema\/logo\/image\/\",\"url\":\"https:\/\/jumi.be\/wp-content\/uploads\/2022\/09\/logo-plastics.png\",\"contentUrl\":\"https:\/\/jumi.be\/wp-content\/uploads\/2022\/09\/logo-plastics.png\",\"width\":1200,\"height\":317,\"caption\":\"Jumi\"},\"image\":{\"@id\":\"https:\/\/jumi.be\/fr#\/schema\/logo\/image\/\"}}]}<\/script>\n<!-- \/ Yoast SEO plugin. -->","yoast_head_json":{"title":"Politique de confidentialit\u00e9 - Jumi","robots":{"index":"index","follow":"follow","max-snippet":"max-snippet:-1","max-image-preview":"max-image-preview:large","max-video-preview":"max-video-preview:-1"},"canonical":"https:\/\/jumi.be\/fr\/politique-de-confidentialite","og_locale":"fr_FR","og_type":"article","og_title":"Politique de confidentialit\u00e9 - Jumi","og_description":"Pourquoi cette politique de confidentialit\u00e9 ? La politique de confidentialit\u00e9 ci-dessous explique comment nous collectons des donn\u00e9es [&hellip;]","og_url":"https:\/\/jumi.be\/fr\/politique-de-confidentialite","og_site_name":"Jumi","article_modified_time":"2024-04-24T11:46:48+00:00","twitter_card":"summary_large_image","twitter_misc":{"Dur\u00e9e de lecture estim\u00e9e":"5 minutes"},"schema":{"@context":"https:\/\/schema.org","@graph":[{"@type":"WebPage","@id":"https:\/\/jumi.be\/fr\/politique-de-confidentialite","url":"https:\/\/jumi.be\/fr\/politique-de-confidentialite","name":"Politique de confidentialit\u00e9 - Jumi","isPartOf":{"@id":"https:\/\/jumi.be\/fr#website"},"datePublished":"2022-09-05T08:01:31+00:00","dateModified":"2024-04-24T11:46:48+00:00","breadcrumb":{"@id":"https:\/\/jumi.be\/fr\/politique-de-confidentialite#breadcrumb"},"inLanguage":"fr-FR","potentialAction":[{"@type":"ReadAction","target":["https:\/\/jumi.be\/fr\/politique-de-confidentialite"]}]},{"@type":"BreadcrumbList","@id":"https:\/\/jumi.be\/fr\/politique-de-confidentialite#breadcrumb","itemListElement":[{"@type":"ListItem","position":1,"name":"Home","item":"https:\/\/jumi.be\/fr"},{"@type":"ListItem","position":2,"name":"Politique de confidentialit\u00e9"}]},{"@type":"WebSite","@id":"https:\/\/jumi.be\/fr#website","url":"https:\/\/jumi.be\/fr","name":"Jumi","description":"En nog een WordPress website","publisher":{"@id":"https:\/\/jumi.be\/fr#organization"},"potentialAction":[{"@type":"SearchAction","target":{"@type":"EntryPoint","urlTemplate":"https:\/\/jumi.be\/fr?s={search_term_string}"},"query-input":{"@type":"PropertyValueSpecification","valueRequired":true,"valueName":"search_term_string"}}],"inLanguage":"fr-FR"},{"@type":"Organization","@id":"https:\/\/jumi.be\/fr#organization","name":"Jumi","url":"https:\/\/jumi.be\/fr","logo":{"@type":"ImageObject","inLanguage":"fr-FR","@id":"https:\/\/jumi.be\/fr#\/schema\/logo\/image\/","url":"https:\/\/jumi.be\/wp-content\/uploads\/2022\/09\/logo-plastics.png","contentUrl":"https:\/\/jumi.be\/wp-content\/uploads\/2022\/09\/logo-plastics.png","width":1200,"height":317,"caption":"Jumi"},"image":{"@id":"https:\/\/jumi.be\/fr#\/schema\/logo\/image\/"}}]}},"uagb_featured_image_src":{"full":false,"thumbnail":false,"medium":false,"medium_large":false,"large":false,"1536x1536":false,"2048x2048":false},"uagb_author_info":{"display_name":"Linkie","author_link":"https:\/\/jumi.be\/fr\/author\/linkie"},"uagb_comment_info":0,"uagb_excerpt":"Pourquoi cette politique de confidentialit\u00e9 ? La politique de confidentialit\u00e9 ci-dessous explique comment nous collectons des donn\u00e9es [&hellip;]","_links":{"self":[{"href":"https:\/\/jumi.be\/fr\/wp-json\/wp\/v2\/pages\/794","targetHints":{"allow":["GET"]}}],"collection":[{"href":"https:\/\/jumi.be\/fr\/wp-json\/wp\/v2\/pages"}],"about":[{"href":"https:\/\/jumi.be\/fr\/wp-json\/wp\/v2\/types\/page"}],"author":[{"embeddable":true,"href":"https:\/\/jumi.be\/fr\/wp-json\/wp\/v2\/users\/1"}],"replies":[{"embeddable":true,"href":"https:\/\/jumi.be\/fr\/wp-json\/wp\/v2\/comments?post=794"}],"version-history":[{"count":7,"href":"https:\/\/jumi.be\/fr\/wp-json\/wp\/v2\/pages\/794\/revisions"}],"predecessor-version":[{"id":905,"href":"https:\/\/jumi.be\/fr\/wp-json\/wp\/v2\/pages\/794\/revisions\/905"}],"wp:attachment":[{"href":"https:\/\/jumi.be\/fr\/wp-json\/wp\/v2\/media?parent=794"}],"curies":[{"name":"wp","href":"https:\/\/api.w.org\/{rel}","templated":true}]}}