{"id":790,"date":"2024-03-08T14:07:47","date_gmt":"2024-03-08T14:07:47","guid":{"rendered":"https:\/\/jumi.be\/la-politique-des-cookies"},"modified":"2024-04-24T11:46:08","modified_gmt":"2024-04-24T11:46:08","slug":"la-politique-des-cookies","status":"publish","type":"page","link":"https:\/\/jumi.be\/fr\/la-politique-des-cookies","title":{"rendered":"La politique des cookies"},"content":{"rendered":"\n<p>La politique des cookies ci-dessous explique comment nous collectons des donn\u00e9es personnelles via des cookies et dans quel but nous les utilisons. La politique des cookies s&rsquo;applique au site Web https:\/\/jumi.be\/ et aux domaines associ\u00e9s de Jumi ayant leur si\u00e8ge social chez Jumi Plastics Belgium NV, Katteweidelaan 39, 3590 Diepenbeek, et num\u00e9ro d&rsquo;entreprise BE0412.540.109.<\/p>\n\n<h2 class=\"wp-block-heading\">Qu&rsquo;est-ce que les cookies ?<\/h2>\n\n<p>Les cookies sont de petits fichiers texte plac\u00e9s sur les syst\u00e8mes informatiques ou les appareils mobiles pendant une certaine p\u00e9riode. Ils peuvent \u00eatre utilis\u00e9s pour stocker des pr\u00e9f\u00e9rences de site Web, assurer le bon fonctionnement du site et \u00e0 des fins marketing, entre autres.<\/p>\n\n<p>Les cookies sont utilis\u00e9s conform\u00e9ment au R\u00e8glement G\u00e9n\u00e9ral sur la Protection des Donn\u00e9es du 27 avril 2016 (\u00e9galement appel\u00e9 \u00ab\u00a0RGPD\u00a0\u00bb), ainsi qu&rsquo;\u00e0 la l\u00e9gislation d\u00e9riv\u00e9e. Les questions concernant cette politique de cookies peuvent \u00eatre pos\u00e9es en appelant le +32 (0)11 35 10 03 ou en envoyant un e-mail \u00e0 info@jumi.be.<\/p>\n\n<h2 class=\"wp-block-heading\">Quels types de cookies existent ?<\/h2>\n\n<p>Il existe une distinction entre les cookies first-party et les cookies third-party :<\/p>\n\n<ul class=\"wp-block-list\">\n<li><strong> Les cookies first-party<\/strong> sont utilis\u00e9s par le domaine du site Web. Lorsque vous visitez nos sites Web, les cookies first-party sont ceux qui se trouvent sur nos sites Web.<\/li>\n\n\n\n<li><strong>Les cookies third-party <\/strong> sont plac\u00e9s lorsque le site contient des \u00e9l\u00e9ments provenant d&rsquo;une tierce partie. Par exemple, des vid\u00e9os int\u00e9gr\u00e9es, des widgets de m\u00e9dias sociaux, des publicit\u00e9s ou des logiciels int\u00e9gr\u00e9s. La tierce partie envoie alors des cookies depuis ses propres serveurs.<\/li>\n<\/ul>\n\n<p>Les cookies ont g\u00e9n\u00e9ralement une date d&rsquo;expiration. Ils peuvent \u00eatre automatiquement supprim\u00e9s lorsque le navigateur est ferm\u00e9 (cookies de session), apr\u00e8s une certaine p\u00e9riode (par exemple, 1 mois), ou par une action manuelle (cookies persistants).<\/p>\n\n<p>En outre, nous distinguons quatre groupes de cookies :<\/p>\n\n<ul class=\"wp-block-list\">\n<li><strong>Cookies essentiels ou n\u00e9cessaires.<\/strong> Ce sont des cookies n\u00e9cessaires au bon fonctionnement du site Web. Il s&rsquo;agit, par exemple, de cookies qui g\u00e8rent une fonctionnalit\u00e9 de connexion ou le processus de paiement via un panier d&rsquo;achat.<\/li>\n\n\n\n<li><strong>Les cookies fonctionnels<\/strong> sont des cookies qui enregistrent les pr\u00e9f\u00e9rences des visiteurs du site Web afin d&rsquo;am\u00e9liorer la convivialit\u00e9. Par exemple, le rappel des pr\u00e9f\u00e9rences linguistiques ou nationales.<\/li>\n\n\n\n<li><strong>Les cookies analytiques<\/strong> sont des cookies qui permettent l&rsquo;analyse du trafic sur le site Web afin d&rsquo;am\u00e9liorer le site Web et de mesurer ses performances.<\/li>\n\n\n\n<li><strong>Les cookies marketing<\/strong> sont des cookies utilis\u00e9s pour cr\u00e9er des profils d&rsquo;utilisateurs ou afficher des publicit\u00e9s personnalis\u00e9es.<\/li>\n<\/ul>\n\n<h2 class=\"wp-block-heading\">L&rsquo;utilisation des cookies<\/h2>\n\n<p>Jumi s&rsquo;efforce d&rsquo;am\u00e9liorer l&rsquo;exp\u00e9rience utilisateur sur ce site Web, de faire fonctionner les sites Web de mani\u00e8re optimale et d&rsquo;am\u00e9liorer en permanence le contenu.<\/p>\n\n<p>Il est possible que, si l&rsquo;utilisation de cookies est refus\u00e9e ou limit\u00e9e, la fonctionnalit\u00e9 du site Web soit limit\u00e9e. De plus, il se peut que les pr\u00e9f\u00e9rences doivent \u00eatre r\u00e9gl\u00e9es \u00e0 nouveau \u00e0 chaque fois.<\/p>\n\n<h2 class=\"wp-block-heading\">Quels cookies sont utilis\u00e9s sur le site Web de Jumi ?<\/h2>\n\n<h3 class=\"wp-block-heading\">Cookies fonctionnels<\/h3>\n\n<figure class=\"wp-block-table\"><table><thead><tr><th><strong>Nom<\/strong><\/th><th><strong>H\u00f4te<\/strong><\/th><th><strong>Dur\u00e9e<\/strong><\/th><th><strong>Type<\/strong><\/th><th><strong>Description<\/strong><\/th><\/tr><\/thead><tbody><tr><td>wp-wpml_current_language<\/td><td>Jumi.be<\/td><td>Session<\/td><td>First-party<\/td><td>Ce cookie d\u00e9finit la langue correcte pour l&rsquo;utilisateur<\/td><\/tr><\/tbody><\/table><\/figure>\n<h3 class=\"wp-block-heading\">Cookies essentiels<\/h3>\n\n<figure class=\"wp-block-table\"><table><thead><tr><th><strong>Nom<\/strong><\/th><th><strong>H\u00f4te<\/strong><\/th><th><strong>Dur\u00e9e<\/strong><\/th><th><strong>Type<\/strong><\/th><th><strong>Description<\/strong><\/th><\/tr><\/thead><tbody><tr><td>moove_gdpr_popup<\/td><td>jumi.be<\/td><td>1 an<\/td><td>First-party<\/td><td>Ce cookie conserve les pr\u00e9f\u00e9rences de consentement aux cookies de l&rsquo;utilisateur Cookies analytiques<\/td><\/tr><\/tbody><\/table><\/figure>\n<h3 class=\"wp-block-heading\"><strong>Cookies analytiques<\/strong><\/h3>\n\n<figure class=\"wp-block-table\"><table><thead><tr><th><strong>Nom<\/strong><\/th><th><strong>H\u00f4te<\/strong><\/th><th><strong>Dur\u00e9e<\/strong><\/th><th><strong>Type<\/strong><\/th><th><strong>Description<\/strong><\/th><\/tr><\/thead><tbody><tr><td>_ga<\/td><td>jumi.be<\/td><td>2 ans<\/td><td>First-party<\/td><td>Permet au service de distinguer un visiteur d&rsquo;un autre et dure 2 ans<\/td><\/tr><tr><td>_ga_SLH2ER4Z8R<\/td><td>jumi.be<\/td><td>2 ans<\/td><td>First-party<\/td><td>Permet au service de distinguer un visiteur d&rsquo;un autre et dure 2 ans<\/td><\/tr><\/tbody><\/table><\/figure>\n<p>Jumi s&rsquo;efforce de surveiller les cookies pr\u00e9sents sur son site Web et de mettre \u00e0 jour cette liste au mieux de ses capacit\u00e9s. Si d&rsquo;autres cookies sont observ\u00e9s sur ce site Web, veuillez nous contacter pour des informations, ou contactez la tierce partie \u00e0 l&rsquo;origine de ces cookies.<\/p>\n\n<h2 class=\"wp-block-heading\">La limitation ou le blocage des cookies<\/h2>\n\n<p>Il est possible de d\u00e9sactiver ou de supprimer les cookies (partiellement) via les param\u00e8tres du navigateur. Selon le navigateur utilis\u00e9, une proc\u00e9dure diff\u00e9rente peut \u00eatre n\u00e9cessaire. Cliquez ci-dessous sur le nom du navigateur pour consulter la documentation \u00e0 ce sujet.<\/p>\n\n<ul class=\"wp-block-list\">\n<li><a href=\"https:\/\/support.google.com\/chrome\/answer\/95647?hl=nl\">Google Chrome<\/a><\/li>\n\n\n\n<li><a href=\"https:\/\/support.mozilla.org\/nl\/kb\/cookies-in-en-uitschakelen-websites-voorkeuren?redirectlocale=nl&amp;redirectslug=Cookies+in-+en+uitschakelen\">Mozilla Firefox<\/a><\/li>\n\n\n\n<li><a href=\"https:\/\/support.apple.com\/nl-be\/guide\/safari\/sfri11471\/mac\">Safari<\/a><\/li>\n\n\n\n<li><a href=\"https:\/\/support.microsoft.com\/nl-nl\/microsoft-edge\/cookies-verwijderen-in-microsoft-edge-63947406-40ac-c3b8-57b9-2a946a29ae09\">Microsoft Edge<\/a><\/li>\n\n\n\n<li>Veuillez noter qu&rsquo;il est possible que certains \u00e9l\u00e9ments de la page ne s&rsquo;affichent plus correctement lorsque les cookies sont d\u00e9sactiv\u00e9s, m\u00eame si Jumi fait tout son possible pour que l&rsquo;utilisation du site Web soit aussi fluide que possible.<\/li>\n<\/ul>\n\n<p>L&rsquo;utilisation de cookies n\u00e9cessaires et\/ou fonctionnels ne peut pas \u00eatre d\u00e9sactiv\u00e9e si cela bloque le bon fonctionnement du site Web. Pour ces cookies, aucun consentement (opt-in) n&rsquo;est requis.<\/p>\n\n<h2 class=\"wp-block-heading\">Que faire en cas de questions sur cette politique de cookies ?<\/h2>\n\n<p>Toutes les questions et demandes peuvent \u00eatre adress\u00e9es par \u00e9crit \u00e0 Jumi. Cela peut se faire par e-mail \u00e0 info@jumi.be ou par courrier \u00e0 Jumi Plastics Belgium NV, Katteweidelaan 39, 3590 Diepenbeek.<\/p>\n\n<p><em>Cette page a \u00e9t\u00e9 modifi\u00e9e pour la derni\u00e8re fois le 24\/04\/2024.<\/em><\/p>\n","protected":false},"excerpt":{"rendered":"<p>La politique des cookies ci-dessous explique comment nous collectons des donn\u00e9es personnelles via des cookies et dans [&hellip;]<\/p>\n","protected":false},"author":1,"featured_media":0,"parent":0,"menu_order":0,"comment_status":"closed","ping_status":"closed","template":"","meta":{"_uag_custom_page_level_css":"","site-sidebar-layout":"default","site-content-layout":"","ast-site-content-layout":"","site-content-style":"default","site-sidebar-style":"default","ast-global-header-display":"","ast-banner-title-visibility":"","ast-main-header-display":"","ast-hfb-above-header-display":"","ast-hfb-below-header-display":"","ast-hfb-mobile-header-display":"","site-post-title":"","ast-breadcrumbs-content":"","ast-featured-img":"","footer-sml-layout":"","theme-transparent-header-meta":"","adv-header-id-meta":"","stick-header-meta":"","header-above-stick-meta":"","header-main-stick-meta":"","header-below-stick-meta":"","astra-migrate-meta-layouts":"default","ast-page-background-enabled":"default","ast-page-background-meta":{"desktop":{"background-color":"var(--ast-global-color-4)","background-image":"","background-repeat":"repeat","background-position":"center center","background-size":"auto","background-attachment":"scroll","background-type":"","background-media":"","overlay-type":"","overlay-color":"","overlay-opacity":"","overlay-gradient":""},"tablet":{"background-color":"","background-image":"","background-repeat":"repeat","background-position":"center center","background-size":"auto","background-attachment":"scroll","background-type":"","background-media":"","overlay-type":"","overlay-color":"","overlay-opacity":"","overlay-gradient":""},"mobile":{"background-color":"","background-image":"","background-repeat":"repeat","background-position":"center center","background-size":"auto","background-attachment":"scroll","background-type":"","background-media":"","overlay-type":"","overlay-color":"","overlay-opacity":"","overlay-gradient":""}},"ast-content-background-meta":{"desktop":{"background-color":"var(--ast-global-color-5)","background-image":"","background-repeat":"repeat","background-position":"center center","background-size":"auto","background-attachment":"scroll","background-type":"","background-media":"","overlay-type":"","overlay-color":"","overlay-opacity":"","overlay-gradient":""},"tablet":{"background-color":"var(--ast-global-color-5)","background-image":"","background-repeat":"repeat","background-position":"center center","background-size":"auto","background-attachment":"scroll","background-type":"","background-media":"","overlay-type":"","overlay-color":"","overlay-opacity":"","overlay-gradient":""},"mobile":{"background-color":"var(--ast-global-color-5)","background-image":"","background-repeat":"repeat","background-position":"center center","background-size":"auto","background-attachment":"scroll","background-type":"","background-media":"","overlay-type":"","overlay-color":"","overlay-opacity":"","overlay-gradient":""}},"footnotes":""},"class_list":["post-790","page","type-page","status-publish","hentry"],"yoast_head":"<!-- This site is optimized with the Yoast SEO plugin v23.9 - https:\/\/yoast.com\/wordpress\/plugins\/seo\/ -->\n<title>La politique des cookies - Jumi<\/title>\n<meta name=\"robots\" content=\"index, follow, max-snippet:-1, max-image-preview:large, max-video-preview:-1\" \/>\n<link rel=\"canonical\" href=\"https:\/\/jumi.be\/fr\/la-politique-des-cookies\" \/>\n<meta property=\"og:locale\" content=\"fr_FR\" \/>\n<meta property=\"og:type\" content=\"article\" \/>\n<meta property=\"og:title\" content=\"La politique des cookies - Jumi\" \/>\n<meta property=\"og:description\" content=\"La politique des cookies ci-dessous explique comment nous collectons des donn\u00e9es personnelles via des cookies et dans [&hellip;]\" \/>\n<meta property=\"og:url\" content=\"https:\/\/jumi.be\/fr\/la-politique-des-cookies\" \/>\n<meta property=\"og:site_name\" content=\"Jumi\" \/>\n<meta property=\"article:modified_time\" content=\"2024-04-24T11:46:08+00:00\" \/>\n<meta name=\"twitter:card\" content=\"summary_large_image\" \/>\n<meta name=\"twitter:label1\" content=\"Dur\u00e9e de lecture estim\u00e9e\" \/>\n\t<meta name=\"twitter:data1\" content=\"4 minutes\" \/>\n<script type=\"application\/ld+json\" class=\"yoast-schema-graph\">{\"@context\":\"https:\/\/schema.org\",\"@graph\":[{\"@type\":\"WebPage\",\"@id\":\"https:\/\/jumi.be\/fr\/la-politique-des-cookies\",\"url\":\"https:\/\/jumi.be\/fr\/la-politique-des-cookies\",\"name\":\"La politique des cookies - Jumi\",\"isPartOf\":{\"@id\":\"https:\/\/jumi.be\/fr#website\"},\"datePublished\":\"2024-03-08T14:07:47+00:00\",\"dateModified\":\"2024-04-24T11:46:08+00:00\",\"breadcrumb\":{\"@id\":\"https:\/\/jumi.be\/fr\/la-politique-des-cookies#breadcrumb\"},\"inLanguage\":\"fr-FR\",\"potentialAction\":[{\"@type\":\"ReadAction\",\"target\":[\"https:\/\/jumi.be\/fr\/la-politique-des-cookies\"]}]},{\"@type\":\"BreadcrumbList\",\"@id\":\"https:\/\/jumi.be\/fr\/la-politique-des-cookies#breadcrumb\",\"itemListElement\":[{\"@type\":\"ListItem\",\"position\":1,\"name\":\"Home\",\"item\":\"https:\/\/jumi.be\/fr\"},{\"@type\":\"ListItem\",\"position\":2,\"name\":\"La politique des cookies\"}]},{\"@type\":\"WebSite\",\"@id\":\"https:\/\/jumi.be\/fr#website\",\"url\":\"https:\/\/jumi.be\/fr\",\"name\":\"Jumi\",\"description\":\"En nog een WordPress website\",\"publisher\":{\"@id\":\"https:\/\/jumi.be\/fr#organization\"},\"potentialAction\":[{\"@type\":\"SearchAction\",\"target\":{\"@type\":\"EntryPoint\",\"urlTemplate\":\"https:\/\/jumi.be\/fr?s={search_term_string}\"},\"query-input\":{\"@type\":\"PropertyValueSpecification\",\"valueRequired\":true,\"valueName\":\"search_term_string\"}}],\"inLanguage\":\"fr-FR\"},{\"@type\":\"Organization\",\"@id\":\"https:\/\/jumi.be\/fr#organization\",\"name\":\"Jumi\",\"url\":\"https:\/\/jumi.be\/fr\",\"logo\":{\"@type\":\"ImageObject\",\"inLanguage\":\"fr-FR\",\"@id\":\"https:\/\/jumi.be\/fr#\/schema\/logo\/image\/\",\"url\":\"https:\/\/jumi.be\/wp-content\/uploads\/2022\/09\/logo-plastics.png\",\"contentUrl\":\"https:\/\/jumi.be\/wp-content\/uploads\/2022\/09\/logo-plastics.png\",\"width\":1200,\"height\":317,\"caption\":\"Jumi\"},\"image\":{\"@id\":\"https:\/\/jumi.be\/fr#\/schema\/logo\/image\/\"}}]}<\/script>\n<!-- \/ Yoast SEO plugin. -->","yoast_head_json":{"title":"La politique des cookies - Jumi","robots":{"index":"index","follow":"follow","max-snippet":"max-snippet:-1","max-image-preview":"max-image-preview:large","max-video-preview":"max-video-preview:-1"},"canonical":"https:\/\/jumi.be\/fr\/la-politique-des-cookies","og_locale":"fr_FR","og_type":"article","og_title":"La politique des cookies - Jumi","og_description":"La politique des cookies ci-dessous explique comment nous collectons des donn\u00e9es personnelles via des cookies et dans [&hellip;]","og_url":"https:\/\/jumi.be\/fr\/la-politique-des-cookies","og_site_name":"Jumi","article_modified_time":"2024-04-24T11:46:08+00:00","twitter_card":"summary_large_image","twitter_misc":{"Dur\u00e9e de lecture estim\u00e9e":"4 minutes"},"schema":{"@context":"https:\/\/schema.org","@graph":[{"@type":"WebPage","@id":"https:\/\/jumi.be\/fr\/la-politique-des-cookies","url":"https:\/\/jumi.be\/fr\/la-politique-des-cookies","name":"La politique des cookies - Jumi","isPartOf":{"@id":"https:\/\/jumi.be\/fr#website"},"datePublished":"2024-03-08T14:07:47+00:00","dateModified":"2024-04-24T11:46:08+00:00","breadcrumb":{"@id":"https:\/\/jumi.be\/fr\/la-politique-des-cookies#breadcrumb"},"inLanguage":"fr-FR","potentialAction":[{"@type":"ReadAction","target":["https:\/\/jumi.be\/fr\/la-politique-des-cookies"]}]},{"@type":"BreadcrumbList","@id":"https:\/\/jumi.be\/fr\/la-politique-des-cookies#breadcrumb","itemListElement":[{"@type":"ListItem","position":1,"name":"Home","item":"https:\/\/jumi.be\/fr"},{"@type":"ListItem","position":2,"name":"La politique des cookies"}]},{"@type":"WebSite","@id":"https:\/\/jumi.be\/fr#website","url":"https:\/\/jumi.be\/fr","name":"Jumi","description":"En nog een WordPress website","publisher":{"@id":"https:\/\/jumi.be\/fr#organization"},"potentialAction":[{"@type":"SearchAction","target":{"@type":"EntryPoint","urlTemplate":"https:\/\/jumi.be\/fr?s={search_term_string}"},"query-input":{"@type":"PropertyValueSpecification","valueRequired":true,"valueName":"search_term_string"}}],"inLanguage":"fr-FR"},{"@type":"Organization","@id":"https:\/\/jumi.be\/fr#organization","name":"Jumi","url":"https:\/\/jumi.be\/fr","logo":{"@type":"ImageObject","inLanguage":"fr-FR","@id":"https:\/\/jumi.be\/fr#\/schema\/logo\/image\/","url":"https:\/\/jumi.be\/wp-content\/uploads\/2022\/09\/logo-plastics.png","contentUrl":"https:\/\/jumi.be\/wp-content\/uploads\/2022\/09\/logo-plastics.png","width":1200,"height":317,"caption":"Jumi"},"image":{"@id":"https:\/\/jumi.be\/fr#\/schema\/logo\/image\/"}}]}},"uagb_featured_image_src":{"full":false,"thumbnail":false,"medium":false,"medium_large":false,"large":false,"1536x1536":false,"2048x2048":false},"uagb_author_info":{"display_name":"Linkie","author_link":"https:\/\/jumi.be\/fr\/author\/linkie"},"uagb_comment_info":0,"uagb_excerpt":"La politique des cookies ci-dessous explique comment nous collectons des donn\u00e9es personnelles via des cookies et dans [&hellip;]","_links":{"self":[{"href":"https:\/\/jumi.be\/fr\/wp-json\/wp\/v2\/pages\/790","targetHints":{"allow":["GET"]}}],"collection":[{"href":"https:\/\/jumi.be\/fr\/wp-json\/wp\/v2\/pages"}],"about":[{"href":"https:\/\/jumi.be\/fr\/wp-json\/wp\/v2\/types\/page"}],"author":[{"embeddable":true,"href":"https:\/\/jumi.be\/fr\/wp-json\/wp\/v2\/users\/1"}],"replies":[{"embeddable":true,"href":"https:\/\/jumi.be\/fr\/wp-json\/wp\/v2\/comments?post=790"}],"version-history":[{"count":7,"href":"https:\/\/jumi.be\/fr\/wp-json\/wp\/v2\/pages\/790\/revisions"}],"predecessor-version":[{"id":901,"href":"https:\/\/jumi.be\/fr\/wp-json\/wp\/v2\/pages\/790\/revisions\/901"}],"wp:attachment":[{"href":"https:\/\/jumi.be\/fr\/wp-json\/wp\/v2\/media?parent=790"}],"curies":[{"name":"wp","href":"https:\/\/api.w.org\/{rel}","templated":true}]}}