{"id":710,"date":"2022-09-05T12:44:53","date_gmt":"2022-09-05T12:44:53","guid":{"rendered":"https:\/\/jumi.be\/jumi-plastics\/a-propos-de-nous"},"modified":"2024-04-23T14:12:07","modified_gmt":"2024-04-23T14:12:07","slug":"a-propos-de-nous","status":"publish","type":"page","link":"https:\/\/jumi.be\/fr\/jumi-plastics\/a-propos-de-nous","title":{"rendered":"\u00c0 propos de nous"},"content":{"rendered":"\n<div class=\"wp-block-cover alignfull is-light hero\" style=\"min-height:400px;aspect-ratio:unset;\"><span aria-hidden=\"true\" class=\"wp-block-cover__background has-background-dim\"><\/span><img loading=\"lazy\" decoding=\"async\" width=\"2500\" height=\"1673\" src=\"https:\/\/jumi.be\/wp-content\/uploads\/2022\/09\/over_jumi_plastics.jpg\" class=\"wp-block-cover__image-background wp-post-image\" alt=\"\" data-object-fit=\"cover\" data-object-position=\"50% 50%\" style=\"object-position:50% 50%;\" srcset=\"https:\/\/jumi.be\/wp-content\/uploads\/2022\/09\/over_jumi_plastics.jpg 2500w, https:\/\/jumi.be\/wp-content\/uploads\/2022\/09\/over_jumi_plastics-300x201.jpg 300w, https:\/\/jumi.be\/wp-content\/uploads\/2022\/09\/over_jumi_plastics-1024x685.jpg 1024w, https:\/\/jumi.be\/wp-content\/uploads\/2022\/09\/over_jumi_plastics-768x514.jpg 768w, https:\/\/jumi.be\/wp-content\/uploads\/2022\/09\/over_jumi_plastics-1536x1028.jpg 1536w, https:\/\/jumi.be\/wp-content\/uploads\/2022\/09\/over_jumi_plastics-2048x1371.jpg 2048w\" sizes=\"auto, (max-width: 2500px) 100vw, 2500px\" \/><div class=\"wp-block-cover__inner-container is-layout-flow wp-block-cover-is-layout-flow\">\n<h1 class=\"has-text-align-center wp-block-heading\">\u00c0 propos de nous<\/h1>\n\n\n\n<p class=\"has-text-align-center\" style=\"font-size:18px\">D\u00e9couvrez votre partenaire en moulage par injection<a href=\"https:\/\/www.jumi.be\/overJumi#\"><\/a><\/p>\n\n\n\n<p class=\"has-text-align-center\" style=\"font-size:18px\"><a href=\"https:\/\/www.jumi.be\/matrijzen#\"><\/a><\/p>\n\n\n\n<p class=\"has-text-align-center\" style=\"font-size:18px\"><a href=\"https:\/\/www.jumi.be\/spuitgieten#\"><\/a><\/p>\n\n\n<div class=\"yoast-breadcrumbs\"><span><span><a href=\"https:\/\/jumi.be\/fr\">Home<\/a><\/span> &raquo; <span><a href=\"https:\/\/jumi.be\/fr\/jumi-plastics\">Jumi plastics<\/a><\/span> &raquo; <span class=\"breadcrumb_last\" aria-current=\"page\">\u00c0 propos de nous<\/span><\/span><\/div><\/div><\/div>\n\n<div class=\"wp-block-columns bg-light-gray is-layout-flex wp-container-core-columns-is-layout-1 wp-block-columns-is-layout-flex\">\n<div class=\"wp-block-column is-layout-flow wp-block-column-is-layout-flow\">\n<h6 class=\"has-text-align-center wp-block-heading\">Jumi Plastics est une entreprise innovante sp\u00e9cialis\u00e9e dans la production pour des secteurs tels que l\u2019industrie automobile, l\u2019ing\u00e9nierie m\u00e9canique et les t\u00e9l\u00e9communications.<\/h6>\n\n\n\n<h2 class=\"has-text-align-center wp-block-heading\">Au d\u00e9but<\/h2>\n\n\n\n<p class=\"has-text-align-center\">Jumi Plastics est sp\u00e9cialis\u00e9e dans le moulage par injection depuis sa cr\u00e9ation en 1972. De plus, l\u2019entreprise innove dans le monde du moulage par injection de plastique depuis de nombreuses ann\u00e9es et continue \u00e0 \u00e9voluer et \u00e0 innover constamment. Jumi Plastics se charge de la production dans des segments de march\u00e9 tels que les t\u00e9l\u00e9communications, l\u2019industrie automobile et les pi\u00e8ces de machines.<\/p>\n<\/div>\n<\/div>\n\n<div class=\"wp-block-columns alignwide info-cols row-margin is-layout-flex wp-container-core-columns-is-layout-2 wp-block-columns-is-layout-flex\">\n<div class=\"wp-block-column is-layout-flow wp-block-column-is-layout-flow\">\n<figure class=\"wp-block-image size-large\"><img loading=\"lazy\" decoding=\"async\" width=\"1024\" height=\"685\" src=\"https:\/\/jumi.be\/wp-content\/uploads\/2022\/09\/over_jumi_plastics-1024x685.jpg\" alt=\"\" class=\"wp-image-184\" srcset=\"https:\/\/jumi.be\/wp-content\/uploads\/2022\/09\/over_jumi_plastics-1024x685.jpg 1024w, https:\/\/jumi.be\/wp-content\/uploads\/2022\/09\/over_jumi_plastics-300x201.jpg 300w, https:\/\/jumi.be\/wp-content\/uploads\/2022\/09\/over_jumi_plastics-768x514.jpg 768w, https:\/\/jumi.be\/wp-content\/uploads\/2022\/09\/over_jumi_plastics-1536x1028.jpg 1536w, https:\/\/jumi.be\/wp-content\/uploads\/2022\/09\/over_jumi_plastics-2048x1371.jpg 2048w\" sizes=\"auto, (max-width: 1024px) 100vw, 1024px\" \/><\/figure><\/div>\n\n\n\n<div class=\"wp-block-column is-layout-flow wp-block-column-is-layout-flow\">\n<h6 class=\"wp-block-heading\">Voyage \u00e0 travers le temps<\/h6>\n\n\n\n<h2 class=\"wp-block-heading\">Bref historique<\/h2>\n\n\n\n<ul class=\"wp-block-list\">\n<li>En 1980, la cr\u00e9ation d\u2019AMAG &#8211; aujourd\u2019hui Jumi Metals &#8211; a entra\u00een\u00e9 la ventilation du d\u00e9partement de moulage par injection et d\u2019assemblage.<\/li>\n\n\n\n<li>En 2000, de nouveaux entrep\u00f4ts ont \u00e9t\u00e9 am\u00e9nag\u00e9s et notre parc de machines s\u2019est enrichi de presses lourdes.<\/li>\n\n\n\n<li>En 2013, nos entrep\u00f4ts connaissent \u00e0 nouveau de nouvelles extensions.<\/li>\n\n\n\n<li>En 2015, les 2e et 3e g\u00e9n\u00e9rations reprennent l\u2019entreprise suite au d\u00e9c\u00e8s de M. Hugo Philips.<\/li>\n\n\n\n<li>En 2016, des investissements sont consentis dans un nouveau transport de mati\u00e8res premi\u00e8res et dans des fours de s\u00e9chage.<\/li>\n\n\n\n<li>En 2017, des investissements sont effectu\u00e9s dans des nouvelles machines de moulage par injection.<\/li>\n<\/ul>\n\n\n\n<div class=\"wp-block-buttons is-layout-flex wp-block-buttons-is-layout-flex\">\n<div class=\"wp-block-button\"><a class=\"wp-block-button__link wp-element-button\" href=\"https:\/\/jumi.be\/fr\/jumi-plastics\/contact\">Vous avez une question pour votre partenaire en moulage par injection ?<br\/>Contactez-nous !<\/a><\/div>\n<\/div>\n<\/div>\n<\/div>\n\n<div class=\"wp-block-columns info-cols dark is-layout-flex wp-container-core-columns-is-layout-3 wp-block-columns-is-layout-flex\">\n<div class=\"wp-block-column is-layout-flow wp-block-column-is-layout-flow\">\n<figure class=\"wp-block-image size-full\"><img loading=\"lazy\" decoding=\"async\" width=\"1000\" height=\"667\" src=\"https:\/\/jumi.be\/wp-content\/uploads\/2022\/09\/matrijs_voor_spuitgieten.jpg\" alt=\"\" class=\"wp-image-180\" srcset=\"https:\/\/jumi.be\/wp-content\/uploads\/2022\/09\/matrijs_voor_spuitgieten.jpg 1000w, https:\/\/jumi.be\/wp-content\/uploads\/2022\/09\/matrijs_voor_spuitgieten-300x200.jpg 300w, https:\/\/jumi.be\/wp-content\/uploads\/2022\/09\/matrijs_voor_spuitgieten-768x512.jpg 768w\" sizes=\"auto, (max-width: 1000px) 100vw, 1000px\" \/><\/figure><\/div>\n\n\n\n<div class=\"wp-block-column mini-grid is-layout-flow wp-block-column-is-layout-flow\">\n<h6 class=\"wp-block-heading\">Jumi plastics est une entreprise o\u00f9 la responsabilit\u00e9 sociale des entreprises (RSE) n\u2019est pas un slogan vide de sens<\/h6>\n\n\n\n<h2 class=\"wp-block-heading\">Nous nous engageons pleinement au quotidien pour :<\/h2>\n\n\n\n<div class=\"inherit-container-width wp-block-group is-layout-constrained wp-block-group-is-layout-constrained\">\n<h5 class=\"wp-block-heading\">Des objectifs de d\u00e9veloppement durable<\/h5>\n\n\n\n<p>Jumi Plastics pr\u00f4ne le d\u00e9veloppement durable, s\u2019engage d\u00e8s lors dans des initiatives et prend les d\u00e9cisions utiles pour mettre notre soci\u00e9t\u00e9 et notre plan\u00e8te sur la voie du d\u00e9veloppement durable.<\/p>\n<\/div>\n\n\n\n<div class=\"inherit-container-width wp-block-group is-layout-constrained wp-block-group-is-layout-constrained\">\n<h5 class=\"wp-block-heading\">La s\u00e9curit\u00e9 &amp; la sant\u00e9<\/h5>\n\n\n\n<p>Jumi Plastics fait des efforts particuliers pour le bien-\u00eatre sur le lieu de travail. La soci\u00e9t\u00e9 offre ainsi aux employ\u00e9s un espace de travail s\u00fbr et sain afin qu\u2019ils puissent toujours livrer des produits de qualit\u00e9.<\/p>\n<\/div>\n\n\n\n<div class=\"inherit-container-width wp-block-group is-layout-constrained wp-block-group-is-layout-constrained\">\n<h5 class=\"wp-block-heading\">Le d\u00e9veloppement du personnel<\/h5>\n\n\n\n<p>Le d\u00e9veloppement des comp\u00e9tences des employ\u00e9s est d\u2019une grande importance pour Jumi Plastics. Apprendre et suivre les nouvelles tendances constitue une valeur ajout\u00e9e pour notre entreprise et permet en outre aux employ\u00e9s de rester inform\u00e9s et impliqu\u00e9s.<\/p>\n<\/div>\n\n\n\n<div class=\"inherit-container-width wp-block-group is-layout-constrained wp-block-group-is-layout-constrained\">\n<h5 class=\"wp-block-heading\">L\u2019utilisation durable des mat\u00e9riaux<\/h5>\n\n\n\n<p>Les mat\u00e9riaux constituent l\u2019\u00e9pine dorsale de notre \u00e9conomie, mais ils sont souvent n\u00e9fastes pour l\u2019environnement. Jumi Plastics \u0153uvre donc pour une utilisation durable des mat\u00e9riaux afin de r\u00e9duire l\u2019impact de nos produits.<\/p>\n<\/div>\n\n\n\n<div class=\"inherit-container-width wp-block-group is-layout-constrained wp-block-group-is-layout-constrained\">\n<h5 class=\"wp-block-heading\">La satisfaction client<\/h5>\n\n\n\n<p>Jumi Plastics attache une grande importance \u00e0 une relation client durable. Par exemple, nous appliquons une politique client qui prend en compte tous ses souhaits et s\u2019appuie toujours sur une attention et un service personnalis\u00e9s.<\/p>\n<\/div>\n<\/div>\n<\/div>\n\n<div class=\"wp-block-columns alignwide are-vertically-aligned-center cta-row is-layout-flex wp-container-core-columns-is-layout-4 wp-block-columns-is-layout-flex\">\n<div class=\"wp-block-column is-vertically-aligned-center is-layout-flow wp-block-column-is-layout-flow\" style=\"flex-basis:100%\">\n<h2 class=\"wp-block-heading\">Contactez votre sp\u00e9cialiste en moulage technique par injection<\/h2>\n<\/div>\n\n\n\n<div class=\"wp-block-column is-vertically-aligned-center is-layout-flow wp-block-column-is-layout-flow\" style=\"flex-basis:281px\">\n<div class=\"wp-block-buttons is-content-justification-right is-layout-flex wp-container-core-buttons-is-layout-2 wp-block-buttons-is-layout-flex\">\n<div class=\"wp-block-button is-style-outline is-style-outline--1\"><a class=\"wp-block-button__link\" href=\"https:\/\/jumi.be\/fr\/jumi-plastics\/contact\">Contactez nous !<\/a><\/div>\n<\/div>\n<\/div>\n<\/div>\n","protected":false},"excerpt":{"rendered":"<p>Jumi Plastics est une entreprise innovante sp\u00e9cialis\u00e9e dans la production pour des secteurs tels que l\u2019industrie automobile, [&hellip;]<\/p>\n","protected":false},"author":1,"featured_media":711,"parent":696,"menu_order":0,"comment_status":"closed","ping_status":"closed","template":"","meta":{"_uag_custom_page_level_css":"","site-sidebar-layout":"default","site-content-layout":"","ast-site-content-layout":"","site-content-style":"default","site-sidebar-style":"default","ast-global-header-display":"","ast-banner-title-visibility":"","ast-main-header-display":"","ast-hfb-above-header-display":"","ast-hfb-below-header-display":"","ast-hfb-mobile-header-display":"","site-post-title":"","ast-breadcrumbs-content":"","ast-featured-img":"disabled","footer-sml-layout":"","theme-transparent-header-meta":"","adv-header-id-meta":"","stick-header-meta":"","header-above-stick-meta":"","header-main-stick-meta":"","header-below-stick-meta":"","astra-migrate-meta-layouts":"default","ast-page-background-enabled":"default","ast-page-background-meta":{"desktop":{"background-color":"var(--ast-global-color-4)","background-image":"","background-repeat":"repeat","background-position":"center center","background-size":"auto","background-attachment":"scroll","background-type":"","background-media":"","overlay-type":"","overlay-color":"","overlay-opacity":"","overlay-gradient":""},"tablet":{"background-color":"","background-image":"","background-repeat":"repeat","background-position":"center center","background-size":"auto","background-attachment":"scroll","background-type":"","background-media":"","overlay-type":"","overlay-color":"","overlay-opacity":"","overlay-gradient":""},"mobile":{"background-color":"","background-image":"","background-repeat":"repeat","background-position":"center center","background-size":"auto","background-attachment":"scroll","background-type":"","background-media":"","overlay-type":"","overlay-color":"","overlay-opacity":"","overlay-gradient":""}},"ast-content-background-meta":{"desktop":{"background-color":"var(--ast-global-color-5)","background-image":"","background-repeat":"repeat","background-position":"center center","background-size":"auto","background-attachment":"scroll","background-type":"","background-media":"","overlay-type":"","overlay-color":"","overlay-opacity":"","overlay-gradient":""},"tablet":{"background-color":"var(--ast-global-color-5)","background-image":"","background-repeat":"repeat","background-position":"center center","background-size":"auto","background-attachment":"scroll","background-type":"","background-media":"","overlay-type":"","overlay-color":"","overlay-opacity":"","overlay-gradient":""},"mobile":{"background-color":"var(--ast-global-color-5)","background-image":"","background-repeat":"repeat","background-position":"center center","background-size":"auto","background-attachment":"scroll","background-type":"","background-media":"","overlay-type":"","overlay-color":"","overlay-opacity":"","overlay-gradient":""}},"footnotes":""},"class_list":["post-710","page","type-page","status-publish","has-post-thumbnail","hentry"],"yoast_head":"<!-- This site is optimized with the Yoast SEO plugin v23.9 - https:\/\/yoast.com\/wordpress\/plugins\/seo\/ -->\n<title>Matrices pour le moulage par injection de mati\u00e8res plastiques | Jumi Plastics<\/title>\n<meta name=\"description\" content=\"La qualit\u00e9 des matrices d\u00e9termine celle du produit final. Jumi Plastics aide \u00e0 fabriquer des matrices via une approche de co-conception.\" \/>\n<meta name=\"robots\" content=\"index, follow, max-snippet:-1, max-image-preview:large, max-video-preview:-1\" \/>\n<link rel=\"canonical\" href=\"https:\/\/jumi.be\/fr\/jumi-plastics\/a-propos-de-nous\" \/>\n<meta property=\"og:locale\" content=\"fr_FR\" \/>\n<meta property=\"og:type\" content=\"article\" \/>\n<meta property=\"og:title\" content=\"Matrices pour le moulage par injection de mati\u00e8res plastiques | Jumi Plastics\" \/>\n<meta property=\"og:description\" content=\"La qualit\u00e9 des matrices d\u00e9termine celle du produit final. Jumi Plastics aide \u00e0 fabriquer des matrices via une approche de co-conception.\" \/>\n<meta property=\"og:url\" content=\"https:\/\/jumi.be\/fr\/jumi-plastics\/a-propos-de-nous\" \/>\n<meta property=\"og:site_name\" content=\"Jumi\" \/>\n<meta property=\"article:modified_time\" content=\"2024-04-23T14:12:07+00:00\" \/>\n<meta property=\"og:image\" content=\"https:\/\/jumi.be\/wp-content\/uploads\/2022\/09\/over_jumi_plastics.jpg\" \/>\n\t<meta property=\"og:image:width\" content=\"2500\" \/>\n\t<meta property=\"og:image:height\" content=\"1673\" \/>\n\t<meta property=\"og:image:type\" content=\"image\/jpeg\" \/>\n<meta name=\"twitter:card\" content=\"summary_large_image\" \/>\n<meta name=\"twitter:label1\" content=\"Dur\u00e9e de lecture estim\u00e9e\" \/>\n\t<meta name=\"twitter:data1\" content=\"2 minutes\" \/>\n<script type=\"application\/ld+json\" class=\"yoast-schema-graph\">{\"@context\":\"https:\/\/schema.org\",\"@graph\":[{\"@type\":\"WebPage\",\"@id\":\"https:\/\/jumi.be\/fr\/jumi-plastics\/a-propos-de-nous\",\"url\":\"https:\/\/jumi.be\/fr\/jumi-plastics\/a-propos-de-nous\",\"name\":\"Matrices pour le moulage par injection de mati\u00e8res plastiques | Jumi Plastics\",\"isPartOf\":{\"@id\":\"https:\/\/jumi.be\/fr#website\"},\"primaryImageOfPage\":{\"@id\":\"https:\/\/jumi.be\/fr\/jumi-plastics\/a-propos-de-nous#primaryimage\"},\"image\":{\"@id\":\"https:\/\/jumi.be\/fr\/jumi-plastics\/a-propos-de-nous#primaryimage\"},\"thumbnailUrl\":\"https:\/\/jumi.be\/wp-content\/uploads\/2022\/09\/over_jumi_plastics.jpg\",\"datePublished\":\"2022-09-05T12:44:53+00:00\",\"dateModified\":\"2024-04-23T14:12:07+00:00\",\"description\":\"La qualit\u00e9 des matrices d\u00e9termine celle du produit final. Jumi Plastics aide \u00e0 fabriquer des matrices via une approche de co-conception.\",\"breadcrumb\":{\"@id\":\"https:\/\/jumi.be\/fr\/jumi-plastics\/a-propos-de-nous#breadcrumb\"},\"inLanguage\":\"fr-FR\",\"potentialAction\":[{\"@type\":\"ReadAction\",\"target\":[\"https:\/\/jumi.be\/fr\/jumi-plastics\/a-propos-de-nous\"]}]},{\"@type\":\"ImageObject\",\"inLanguage\":\"fr-FR\",\"@id\":\"https:\/\/jumi.be\/fr\/jumi-plastics\/a-propos-de-nous#primaryimage\",\"url\":\"https:\/\/jumi.be\/wp-content\/uploads\/2022\/09\/over_jumi_plastics.jpg\",\"contentUrl\":\"https:\/\/jumi.be\/wp-content\/uploads\/2022\/09\/over_jumi_plastics.jpg\",\"width\":2500,\"height\":1673},{\"@type\":\"BreadcrumbList\",\"@id\":\"https:\/\/jumi.be\/fr\/jumi-plastics\/a-propos-de-nous#breadcrumb\",\"itemListElement\":[{\"@type\":\"ListItem\",\"position\":1,\"name\":\"Home\",\"item\":\"https:\/\/jumi.be\/fr\"},{\"@type\":\"ListItem\",\"position\":2,\"name\":\"Jumi plastics\",\"item\":\"https:\/\/jumi.be\/fr\/jumi-plastics\"},{\"@type\":\"ListItem\",\"position\":3,\"name\":\"\u00c0 propos de nous\"}]},{\"@type\":\"WebSite\",\"@id\":\"https:\/\/jumi.be\/fr#website\",\"url\":\"https:\/\/jumi.be\/fr\",\"name\":\"Jumi\",\"description\":\"En nog een WordPress website\",\"publisher\":{\"@id\":\"https:\/\/jumi.be\/fr#organization\"},\"potentialAction\":[{\"@type\":\"SearchAction\",\"target\":{\"@type\":\"EntryPoint\",\"urlTemplate\":\"https:\/\/jumi.be\/fr?s={search_term_string}\"},\"query-input\":{\"@type\":\"PropertyValueSpecification\",\"valueRequired\":true,\"valueName\":\"search_term_string\"}}],\"inLanguage\":\"fr-FR\"},{\"@type\":\"Organization\",\"@id\":\"https:\/\/jumi.be\/fr#organization\",\"name\":\"Jumi\",\"url\":\"https:\/\/jumi.be\/fr\",\"logo\":{\"@type\":\"ImageObject\",\"inLanguage\":\"fr-FR\",\"@id\":\"https:\/\/jumi.be\/fr#\/schema\/logo\/image\/\",\"url\":\"https:\/\/jumi.be\/wp-content\/uploads\/2022\/09\/logo-plastics.png\",\"contentUrl\":\"https:\/\/jumi.be\/wp-content\/uploads\/2022\/09\/logo-plastics.png\",\"width\":1200,\"height\":317,\"caption\":\"Jumi\"},\"image\":{\"@id\":\"https:\/\/jumi.be\/fr#\/schema\/logo\/image\/\"}}]}<\/script>\n<!-- \/ Yoast SEO plugin. -->","yoast_head_json":{"title":"Matrices pour le moulage par injection de mati\u00e8res plastiques | Jumi Plastics","description":"La qualit\u00e9 des matrices d\u00e9termine celle du produit final. Jumi Plastics aide \u00e0 fabriquer des matrices via une approche de co-conception.","robots":{"index":"index","follow":"follow","max-snippet":"max-snippet:-1","max-image-preview":"max-image-preview:large","max-video-preview":"max-video-preview:-1"},"canonical":"https:\/\/jumi.be\/fr\/jumi-plastics\/a-propos-de-nous","og_locale":"fr_FR","og_type":"article","og_title":"Matrices pour le moulage par injection de mati\u00e8res plastiques | Jumi Plastics","og_description":"La qualit\u00e9 des matrices d\u00e9termine celle du produit final. Jumi Plastics aide \u00e0 fabriquer des matrices via une approche de co-conception.","og_url":"https:\/\/jumi.be\/fr\/jumi-plastics\/a-propos-de-nous","og_site_name":"Jumi","article_modified_time":"2024-04-23T14:12:07+00:00","og_image":[{"width":2500,"height":1673,"url":"https:\/\/jumi.be\/wp-content\/uploads\/2022\/09\/over_jumi_plastics.jpg","type":"image\/jpeg"}],"twitter_card":"summary_large_image","twitter_misc":{"Dur\u00e9e de lecture estim\u00e9e":"2 minutes"},"schema":{"@context":"https:\/\/schema.org","@graph":[{"@type":"WebPage","@id":"https:\/\/jumi.be\/fr\/jumi-plastics\/a-propos-de-nous","url":"https:\/\/jumi.be\/fr\/jumi-plastics\/a-propos-de-nous","name":"Matrices pour le moulage par injection de mati\u00e8res plastiques | Jumi Plastics","isPartOf":{"@id":"https:\/\/jumi.be\/fr#website"},"primaryImageOfPage":{"@id":"https:\/\/jumi.be\/fr\/jumi-plastics\/a-propos-de-nous#primaryimage"},"image":{"@id":"https:\/\/jumi.be\/fr\/jumi-plastics\/a-propos-de-nous#primaryimage"},"thumbnailUrl":"https:\/\/jumi.be\/wp-content\/uploads\/2022\/09\/over_jumi_plastics.jpg","datePublished":"2022-09-05T12:44:53+00:00","dateModified":"2024-04-23T14:12:07+00:00","description":"La qualit\u00e9 des matrices d\u00e9termine celle du produit final. Jumi Plastics aide \u00e0 fabriquer des matrices via une approche de co-conception.","breadcrumb":{"@id":"https:\/\/jumi.be\/fr\/jumi-plastics\/a-propos-de-nous#breadcrumb"},"inLanguage":"fr-FR","potentialAction":[{"@type":"ReadAction","target":["https:\/\/jumi.be\/fr\/jumi-plastics\/a-propos-de-nous"]}]},{"@type":"ImageObject","inLanguage":"fr-FR","@id":"https:\/\/jumi.be\/fr\/jumi-plastics\/a-propos-de-nous#primaryimage","url":"https:\/\/jumi.be\/wp-content\/uploads\/2022\/09\/over_jumi_plastics.jpg","contentUrl":"https:\/\/jumi.be\/wp-content\/uploads\/2022\/09\/over_jumi_plastics.jpg","width":2500,"height":1673},{"@type":"BreadcrumbList","@id":"https:\/\/jumi.be\/fr\/jumi-plastics\/a-propos-de-nous#breadcrumb","itemListElement":[{"@type":"ListItem","position":1,"name":"Home","item":"https:\/\/jumi.be\/fr"},{"@type":"ListItem","position":2,"name":"Jumi plastics","item":"https:\/\/jumi.be\/fr\/jumi-plastics"},{"@type":"ListItem","position":3,"name":"\u00c0 propos de nous"}]},{"@type":"WebSite","@id":"https:\/\/jumi.be\/fr#website","url":"https:\/\/jumi.be\/fr","name":"Jumi","description":"En nog een WordPress website","publisher":{"@id":"https:\/\/jumi.be\/fr#organization"},"potentialAction":[{"@type":"SearchAction","target":{"@type":"EntryPoint","urlTemplate":"https:\/\/jumi.be\/fr?s={search_term_string}"},"query-input":{"@type":"PropertyValueSpecification","valueRequired":true,"valueName":"search_term_string"}}],"inLanguage":"fr-FR"},{"@type":"Organization","@id":"https:\/\/jumi.be\/fr#organization","name":"Jumi","url":"https:\/\/jumi.be\/fr","logo":{"@type":"ImageObject","inLanguage":"fr-FR","@id":"https:\/\/jumi.be\/fr#\/schema\/logo\/image\/","url":"https:\/\/jumi.be\/wp-content\/uploads\/2022\/09\/logo-plastics.png","contentUrl":"https:\/\/jumi.be\/wp-content\/uploads\/2022\/09\/logo-plastics.png","width":1200,"height":317,"caption":"Jumi"},"image":{"@id":"https:\/\/jumi.be\/fr#\/schema\/logo\/image\/"}}]}},"uagb_featured_image_src":{"full":["https:\/\/jumi.be\/wp-content\/uploads\/2022\/09\/over_jumi_plastics.jpg",2500,1673,false],"thumbnail":["https:\/\/jumi.be\/wp-content\/uploads\/2022\/09\/over_jumi_plastics-150x150.jpg",150,150,true],"medium":["https:\/\/jumi.be\/wp-content\/uploads\/2022\/09\/over_jumi_plastics-300x201.jpg",300,201,true],"medium_large":["https:\/\/jumi.be\/wp-content\/uploads\/2022\/09\/over_jumi_plastics-768x514.jpg",768,514,true],"large":["https:\/\/jumi.be\/wp-content\/uploads\/2022\/09\/over_jumi_plastics-1024x685.jpg",1024,685,true],"1536x1536":["https:\/\/jumi.be\/wp-content\/uploads\/2022\/09\/over_jumi_plastics-1536x1028.jpg",1536,1028,true],"2048x2048":["https:\/\/jumi.be\/wp-content\/uploads\/2022\/09\/over_jumi_plastics-2048x1371.jpg",2048,1371,true]},"uagb_author_info":{"display_name":"Linkie","author_link":"https:\/\/jumi.be\/fr\/author\/linkie"},"uagb_comment_info":0,"uagb_excerpt":"Jumi Plastics est une entreprise innovante sp\u00e9cialis\u00e9e dans la production pour des secteurs tels que l\u2019industrie automobile, [&hellip;]","_links":{"self":[{"href":"https:\/\/jumi.be\/fr\/wp-json\/wp\/v2\/pages\/710","targetHints":{"allow":["GET"]}}],"collection":[{"href":"https:\/\/jumi.be\/fr\/wp-json\/wp\/v2\/pages"}],"about":[{"href":"https:\/\/jumi.be\/fr\/wp-json\/wp\/v2\/types\/page"}],"author":[{"embeddable":true,"href":"https:\/\/jumi.be\/fr\/wp-json\/wp\/v2\/users\/1"}],"replies":[{"embeddable":true,"href":"https:\/\/jumi.be\/fr\/wp-json\/wp\/v2\/comments?post=710"}],"version-history":[{"count":3,"href":"https:\/\/jumi.be\/fr\/wp-json\/wp\/v2\/pages\/710\/revisions"}],"predecessor-version":[{"id":714,"href":"https:\/\/jumi.be\/fr\/wp-json\/wp\/v2\/pages\/710\/revisions\/714"}],"up":[{"embeddable":true,"href":"https:\/\/jumi.be\/fr\/wp-json\/wp\/v2\/pages\/696"}],"wp:featuredmedia":[{"embeddable":true,"href":"https:\/\/jumi.be\/fr\/wp-json\/wp\/v2\/media\/711"}],"wp:attachment":[{"href":"https:\/\/jumi.be\/fr\/wp-json\/wp\/v2\/media?parent=710"}],"curies":[{"name":"wp","href":"https:\/\/api.w.org\/{rel}","templated":true}]}}