{"id":705,"date":"2022-09-05T12:44:30","date_gmt":"2022-09-05T12:44:30","guid":{"rendered":"https:\/\/jumi.be\/jumi-plastics\/matrices"},"modified":"2024-04-23T14:07:07","modified_gmt":"2024-04-23T14:07:07","slug":"matrices","status":"publish","type":"page","link":"https:\/\/jumi.be\/fr\/jumi-plastics\/matrices","title":{"rendered":"Matrices"},"content":{"rendered":"\n<div class=\"wp-block-cover alignfull hero\" style=\"min-height:400px;aspect-ratio:unset;\"><span aria-hidden=\"true\" class=\"wp-block-cover__background has-background-dim\"><\/span><img loading=\"lazy\" decoding=\"async\" width=\"2500\" height=\"1667\" src=\"https:\/\/jumi.be\/wp-content\/uploads\/2022\/09\/matrijs_spuitgieten.jpg\" class=\"wp-block-cover__image-background wp-post-image\" alt=\"\" data-object-fit=\"cover\" data-object-position=\"50% 50%\" style=\"object-position:50% 50%;\" srcset=\"https:\/\/jumi.be\/wp-content\/uploads\/2022\/09\/matrijs_spuitgieten.jpg 2500w, https:\/\/jumi.be\/wp-content\/uploads\/2022\/09\/matrijs_spuitgieten-300x200.jpg 300w, https:\/\/jumi.be\/wp-content\/uploads\/2022\/09\/matrijs_spuitgieten-1024x683.jpg 1024w, https:\/\/jumi.be\/wp-content\/uploads\/2022\/09\/matrijs_spuitgieten-768x512.jpg 768w, https:\/\/jumi.be\/wp-content\/uploads\/2022\/09\/matrijs_spuitgieten-1536x1024.jpg 1536w, https:\/\/jumi.be\/wp-content\/uploads\/2022\/09\/matrijs_spuitgieten-2048x1366.jpg 2048w\" sizes=\"auto, (max-width: 2500px) 100vw, 2500px\" \/><div class=\"wp-block-cover__inner-container is-layout-flow wp-block-cover-is-layout-flow\">\n<h1 class=\"has-text-align-center wp-block-heading\">Matrices pour le moulage par injection de mati\u00e8res plastiques<\/h1>\n\n\n\n<p class=\"has-text-align-center\" style=\"font-size:18px\">Votre partenaire en moulage technique par injection<a href=\"https:\/\/www.jumi.be\/matrijzen#\"><\/a><\/p>\n\n\n\n<p class=\"has-text-align-center\" style=\"font-size:18px\"><a href=\"https:\/\/www.jumi.be\/spuitgieten#\"><\/a><\/p>\n\n\n<div class=\"yoast-breadcrumbs\"><span><span><a href=\"https:\/\/jumi.be\/fr\">Home<\/a><\/span> &raquo; <span><a href=\"https:\/\/jumi.be\/fr\/jumi-plastics\">Jumi plastics<\/a><\/span> &raquo; <span class=\"breadcrumb_last\" aria-current=\"page\">Matrices<\/span><\/span><\/div><\/div><\/div>\n\n<div class=\"wp-block-columns alignwide bg-light-gray info-cols is-layout-flex wp-container-core-columns-is-layout-1 wp-block-columns-is-layout-flex\">\n<div class=\"wp-block-column is-layout-flow wp-block-column-is-layout-flow\">\n<div class=\"wp-block-cb-carousel cb-single-slide\" data-slick=\"{&quot;slidesToShow&quot;:1,&quot;slidesToScroll&quot;:1,&quot;speed&quot;:300,&quot;arrows&quot;:false,&quot;dots&quot;:true,&quot;autoplay&quot;:true,&quot;autoplaySpeed&quot;:3000,&quot;infinite&quot;:true,&quot;responsive&quot;:[{&quot;breakpoint&quot;:769,&quot;settings&quot;:{&quot;slidesToShow&quot;:1,&quot;slidesToScroll&quot;:1}}]}\">\n<div class=\"wp-block-cb-slide\">\n<figure class=\"wp-block-image size-full\"><img loading=\"lazy\" decoding=\"async\" width=\"1000\" height=\"667\" src=\"https:\/\/jumi.be\/wp-content\/uploads\/2022\/09\/matrijs_spuitgieten2.jpg\" alt=\"\" class=\"wp-image-179\" srcset=\"https:\/\/jumi.be\/wp-content\/uploads\/2022\/09\/matrijs_spuitgieten2.jpg 1000w, https:\/\/jumi.be\/wp-content\/uploads\/2022\/09\/matrijs_spuitgieten2-300x200.jpg 300w, https:\/\/jumi.be\/wp-content\/uploads\/2022\/09\/matrijs_spuitgieten2-768x512.jpg 768w\" sizes=\"auto, (max-width: 1000px) 100vw, 1000px\" \/><\/figure><\/div>\n\n\n\n<div class=\"wp-block-cb-slide\">\n<figure class=\"wp-block-image size-full\"><img loading=\"lazy\" decoding=\"async\" width=\"1000\" height=\"667\" src=\"https:\/\/jumi.be\/wp-content\/uploads\/2022\/09\/matrijs_voor_spuitgieten.jpg\" alt=\"\" class=\"wp-image-180\" srcset=\"https:\/\/jumi.be\/wp-content\/uploads\/2022\/09\/matrijs_voor_spuitgieten.jpg 1000w, https:\/\/jumi.be\/wp-content\/uploads\/2022\/09\/matrijs_voor_spuitgieten-300x200.jpg 300w, https:\/\/jumi.be\/wp-content\/uploads\/2022\/09\/matrijs_voor_spuitgieten-768x512.jpg 768w\" sizes=\"auto, (max-width: 1000px) 100vw, 1000px\" \/><\/figure><\/div>\n\n\n\n<div class=\"wp-block-cb-slide\">\n<figure class=\"wp-block-image size-full\"><img loading=\"lazy\" decoding=\"async\" width=\"1000\" height=\"667\" src=\"https:\/\/jumi.be\/wp-content\/uploads\/2022\/09\/matrijzen_technisch_spuitgieten.jpg\" alt=\"\" class=\"wp-image-181\" srcset=\"https:\/\/jumi.be\/wp-content\/uploads\/2022\/09\/matrijzen_technisch_spuitgieten.jpg 1000w, https:\/\/jumi.be\/wp-content\/uploads\/2022\/09\/matrijzen_technisch_spuitgieten-300x200.jpg 300w, https:\/\/jumi.be\/wp-content\/uploads\/2022\/09\/matrijzen_technisch_spuitgieten-768x512.jpg 768w\" sizes=\"auto, (max-width: 1000px) 100vw, 1000px\" \/><\/figure><\/div>\n<\/div>\n\n\n\n<div class=\"wp-block-buttons is-layout-flex wp-block-buttons-is-layout-flex\">\n<div class=\"wp-block-button\"><a class=\"wp-block-button__link\" href=\"https:\/\/jumi.be\/fr\/jumi-plastics\/contact\">Vous avez un design de produit que vous souhaitez produire via moulage par injection technique ? Faites usage de notre assistance de co-conception de projet pour un processus de production sans soucis.<\/a><\/div>\n<\/div>\n<\/div>\n\n\n\n<div class=\"wp-block-column is-layout-flow wp-block-column-is-layout-flow\">\n<h6 class=\"wp-block-heading\">Jumi Plastics est, depuis des ann\u00e9es, une entreprise innovante dans le monde du moulage par injection de plastique.<br\/><\/h6>\n\n\n\n<h2 class=\"wp-block-heading\">Matrices pour le moulage par injection de mati\u00e8res plastiques<\/h2>\n\n\n\n<p>Jumi Plastics attache une grande importance aux matrices de haute qualit\u00e9 et bien entretenues. C\u2019est aussi pour cette raison que nous aidons nos clients dans le processus de d\u00e9veloppement de ces matrices. Chez Jumi Plastics, nous ne produisons pas en interne des matrices pour le moulage par injection, mais nous op\u00e9rons par le biais d\u2019une approche de co-conception du projet. Cela signifie que nous coordonnons et contr\u00f4lons le travail du fabricant de matrices en concertation avec le client sur la base de notre expertise et de notre exp\u00e9rience dans le moulage par injection afin d\u2019obtenir toujours un r\u00e9sultat final qualitativement solide. Lorsque les matrices nous sont livr\u00e9es au d\u00e9but du processus de moulage par injection, elles sont entretenues avec beaucoup de soin \u00e0 partir du moment o\u00f9 elles nous sont confi\u00e9es. Les matrices pour le moulage par injection sont entretenues et lubrifi\u00e9es apr\u00e8s chaque utilisation afin de garantir que les futurs processus de production se d\u00e9roulent toujours de mani\u00e8re optimale et fluide. Apr\u00e8s cela, elles sont soigneusement stock\u00e9es afin qu\u2019elles soient pr\u00eates pour le processus de production suivant.<\/p>\n<\/div>\n<\/div>\n\n<div class=\"wp-block-columns alignwide are-vertically-aligned-center cta-row is-layout-flex wp-container-core-columns-is-layout-2 wp-block-columns-is-layout-flex\">\n<div class=\"wp-block-column is-vertically-aligned-center is-layout-flow wp-block-column-is-layout-flow\" style=\"flex-basis:100%\">\n<h2 class=\"wp-block-heading\">Contactez votre sp\u00e9cialiste en moulage technique par injection<\/h2>\n<\/div>\n\n\n\n<div class=\"wp-block-column is-vertically-aligned-center is-layout-flow wp-block-column-is-layout-flow\" style=\"flex-basis:281px\">\n<div class=\"wp-block-buttons is-content-justification-right is-layout-flex wp-container-core-buttons-is-layout-2 wp-block-buttons-is-layout-flex\">\n<div class=\"wp-block-button is-style-outline is-style-outline--1\"><a class=\"wp-block-button__link\" href=\"https:\/\/jumi.be\/fr\/jumi-plastics\/contact\">Contactez nous !<\/a><\/div>\n<\/div>\n<\/div>\n<\/div>\n","protected":false},"excerpt":{"rendered":"<p>Jumi Plastics est, depuis des ann\u00e9es, une entreprise innovante dans le monde du moulage par injection de [&hellip;]<\/p>\n","protected":false},"author":1,"featured_media":706,"parent":696,"menu_order":0,"comment_status":"closed","ping_status":"closed","template":"","meta":{"_uag_custom_page_level_css":"","site-sidebar-layout":"default","site-content-layout":"","ast-site-content-layout":"","site-content-style":"default","site-sidebar-style":"default","ast-global-header-display":"","ast-banner-title-visibility":"","ast-main-header-display":"","ast-hfb-above-header-display":"","ast-hfb-below-header-display":"","ast-hfb-mobile-header-display":"","site-post-title":"","ast-breadcrumbs-content":"","ast-featured-img":"disabled","footer-sml-layout":"","theme-transparent-header-meta":"","adv-header-id-meta":"","stick-header-meta":"","header-above-stick-meta":"","header-main-stick-meta":"","header-below-stick-meta":"","astra-migrate-meta-layouts":"default","ast-page-background-enabled":"default","ast-page-background-meta":{"desktop":{"background-color":"var(--ast-global-color-4)","background-image":"","background-repeat":"repeat","background-position":"center center","background-size":"auto","background-attachment":"scroll","background-type":"","background-media":"","overlay-type":"","overlay-color":"","overlay-opacity":"","overlay-gradient":""},"tablet":{"background-color":"","background-image":"","background-repeat":"repeat","background-position":"center center","background-size":"auto","background-attachment":"scroll","background-type":"","background-media":"","overlay-type":"","overlay-color":"","overlay-opacity":"","overlay-gradient":""},"mobile":{"background-color":"","background-image":"","background-repeat":"repeat","background-position":"center center","background-size":"auto","background-attachment":"scroll","background-type":"","background-media":"","overlay-type":"","overlay-color":"","overlay-opacity":"","overlay-gradient":""}},"ast-content-background-meta":{"desktop":{"background-color":"var(--ast-global-color-5)","background-image":"","background-repeat":"repeat","background-position":"center center","background-size":"auto","background-attachment":"scroll","background-type":"","background-media":"","overlay-type":"","overlay-color":"","overlay-opacity":"","overlay-gradient":""},"tablet":{"background-color":"var(--ast-global-color-5)","background-image":"","background-repeat":"repeat","background-position":"center center","background-size":"auto","background-attachment":"scroll","background-type":"","background-media":"","overlay-type":"","overlay-color":"","overlay-opacity":"","overlay-gradient":""},"mobile":{"background-color":"var(--ast-global-color-5)","background-image":"","background-repeat":"repeat","background-position":"center center","background-size":"auto","background-attachment":"scroll","background-type":"","background-media":"","overlay-type":"","overlay-color":"","overlay-opacity":"","overlay-gradient":""}},"footnotes":""},"class_list":["post-705","page","type-page","status-publish","has-post-thumbnail","hentry"],"yoast_head":"<!-- This site is optimized with the Yoast SEO plugin v23.9 - https:\/\/yoast.com\/wordpress\/plugins\/seo\/ -->\n<title>Matrices pour le moulage par injection de mati\u00e8res plastiques | Jumi Plastics<\/title>\n<meta name=\"description\" content=\"La qualit\u00e9 des matrices d\u00e9termine celle du produit final. Jumi Plastics aide \u00e0 fabriquer des matrices via une approche de co-conception.\" \/>\n<meta name=\"robots\" content=\"index, follow, max-snippet:-1, max-image-preview:large, max-video-preview:-1\" \/>\n<link rel=\"canonical\" href=\"https:\/\/jumi.be\/fr\/jumi-plastics\/matrices\" \/>\n<meta property=\"og:locale\" content=\"fr_FR\" \/>\n<meta property=\"og:type\" content=\"article\" \/>\n<meta property=\"og:title\" content=\"Matrices pour le moulage par injection de mati\u00e8res plastiques | Jumi Plastics\" \/>\n<meta property=\"og:description\" content=\"La qualit\u00e9 des matrices d\u00e9termine celle du produit final. Jumi Plastics aide \u00e0 fabriquer des matrices via une approche de co-conception.\" \/>\n<meta property=\"og:url\" content=\"https:\/\/jumi.be\/fr\/jumi-plastics\/matrices\" \/>\n<meta property=\"og:site_name\" content=\"Jumi\" \/>\n<meta property=\"article:modified_time\" content=\"2024-04-23T14:07:07+00:00\" \/>\n<meta property=\"og:image\" content=\"https:\/\/jumi.be\/wp-content\/uploads\/2022\/09\/matrijs_spuitgieten.jpg\" \/>\n\t<meta property=\"og:image:width\" content=\"2500\" \/>\n\t<meta property=\"og:image:height\" content=\"1667\" \/>\n\t<meta property=\"og:image:type\" content=\"image\/jpeg\" \/>\n<meta name=\"twitter:card\" content=\"summary_large_image\" \/>\n<meta name=\"twitter:label1\" content=\"Dur\u00e9e de lecture estim\u00e9e\" \/>\n\t<meta name=\"twitter:data1\" content=\"1 minute\" \/>\n<script type=\"application\/ld+json\" class=\"yoast-schema-graph\">{\"@context\":\"https:\/\/schema.org\",\"@graph\":[{\"@type\":\"WebPage\",\"@id\":\"https:\/\/jumi.be\/fr\/jumi-plastics\/matrices\",\"url\":\"https:\/\/jumi.be\/fr\/jumi-plastics\/matrices\",\"name\":\"Matrices pour le moulage par injection de mati\u00e8res plastiques | Jumi Plastics\",\"isPartOf\":{\"@id\":\"https:\/\/jumi.be\/fr#website\"},\"primaryImageOfPage\":{\"@id\":\"https:\/\/jumi.be\/fr\/jumi-plastics\/matrices#primaryimage\"},\"image\":{\"@id\":\"https:\/\/jumi.be\/fr\/jumi-plastics\/matrices#primaryimage\"},\"thumbnailUrl\":\"https:\/\/jumi.be\/wp-content\/uploads\/2022\/09\/matrijs_spuitgieten.jpg\",\"datePublished\":\"2022-09-05T12:44:30+00:00\",\"dateModified\":\"2024-04-23T14:07:07+00:00\",\"description\":\"La qualit\u00e9 des matrices d\u00e9termine celle du produit final. Jumi Plastics aide \u00e0 fabriquer des matrices via une approche de co-conception.\",\"breadcrumb\":{\"@id\":\"https:\/\/jumi.be\/fr\/jumi-plastics\/matrices#breadcrumb\"},\"inLanguage\":\"fr-FR\",\"potentialAction\":[{\"@type\":\"ReadAction\",\"target\":[\"https:\/\/jumi.be\/fr\/jumi-plastics\/matrices\"]}]},{\"@type\":\"ImageObject\",\"inLanguage\":\"fr-FR\",\"@id\":\"https:\/\/jumi.be\/fr\/jumi-plastics\/matrices#primaryimage\",\"url\":\"https:\/\/jumi.be\/wp-content\/uploads\/2022\/09\/matrijs_spuitgieten.jpg\",\"contentUrl\":\"https:\/\/jumi.be\/wp-content\/uploads\/2022\/09\/matrijs_spuitgieten.jpg\",\"width\":2500,\"height\":1667},{\"@type\":\"BreadcrumbList\",\"@id\":\"https:\/\/jumi.be\/fr\/jumi-plastics\/matrices#breadcrumb\",\"itemListElement\":[{\"@type\":\"ListItem\",\"position\":1,\"name\":\"Home\",\"item\":\"https:\/\/jumi.be\/fr\"},{\"@type\":\"ListItem\",\"position\":2,\"name\":\"Jumi plastics\",\"item\":\"https:\/\/jumi.be\/fr\/jumi-plastics\"},{\"@type\":\"ListItem\",\"position\":3,\"name\":\"Matrices\"}]},{\"@type\":\"WebSite\",\"@id\":\"https:\/\/jumi.be\/fr#website\",\"url\":\"https:\/\/jumi.be\/fr\",\"name\":\"Jumi\",\"description\":\"En nog een WordPress website\",\"publisher\":{\"@id\":\"https:\/\/jumi.be\/fr#organization\"},\"potentialAction\":[{\"@type\":\"SearchAction\",\"target\":{\"@type\":\"EntryPoint\",\"urlTemplate\":\"https:\/\/jumi.be\/fr?s={search_term_string}\"},\"query-input\":{\"@type\":\"PropertyValueSpecification\",\"valueRequired\":true,\"valueName\":\"search_term_string\"}}],\"inLanguage\":\"fr-FR\"},{\"@type\":\"Organization\",\"@id\":\"https:\/\/jumi.be\/fr#organization\",\"name\":\"Jumi\",\"url\":\"https:\/\/jumi.be\/fr\",\"logo\":{\"@type\":\"ImageObject\",\"inLanguage\":\"fr-FR\",\"@id\":\"https:\/\/jumi.be\/fr#\/schema\/logo\/image\/\",\"url\":\"https:\/\/jumi.be\/wp-content\/uploads\/2022\/09\/logo-plastics.png\",\"contentUrl\":\"https:\/\/jumi.be\/wp-content\/uploads\/2022\/09\/logo-plastics.png\",\"width\":1200,\"height\":317,\"caption\":\"Jumi\"},\"image\":{\"@id\":\"https:\/\/jumi.be\/fr#\/schema\/logo\/image\/\"}}]}<\/script>\n<!-- \/ Yoast SEO plugin. -->","yoast_head_json":{"title":"Matrices pour le moulage par injection de mati\u00e8res plastiques | Jumi Plastics","description":"La qualit\u00e9 des matrices d\u00e9termine celle du produit final. Jumi Plastics aide \u00e0 fabriquer des matrices via une approche de co-conception.","robots":{"index":"index","follow":"follow","max-snippet":"max-snippet:-1","max-image-preview":"max-image-preview:large","max-video-preview":"max-video-preview:-1"},"canonical":"https:\/\/jumi.be\/fr\/jumi-plastics\/matrices","og_locale":"fr_FR","og_type":"article","og_title":"Matrices pour le moulage par injection de mati\u00e8res plastiques | Jumi Plastics","og_description":"La qualit\u00e9 des matrices d\u00e9termine celle du produit final. Jumi Plastics aide \u00e0 fabriquer des matrices via une approche de co-conception.","og_url":"https:\/\/jumi.be\/fr\/jumi-plastics\/matrices","og_site_name":"Jumi","article_modified_time":"2024-04-23T14:07:07+00:00","og_image":[{"width":2500,"height":1667,"url":"https:\/\/jumi.be\/wp-content\/uploads\/2022\/09\/matrijs_spuitgieten.jpg","type":"image\/jpeg"}],"twitter_card":"summary_large_image","twitter_misc":{"Dur\u00e9e de lecture estim\u00e9e":"1 minute"},"schema":{"@context":"https:\/\/schema.org","@graph":[{"@type":"WebPage","@id":"https:\/\/jumi.be\/fr\/jumi-plastics\/matrices","url":"https:\/\/jumi.be\/fr\/jumi-plastics\/matrices","name":"Matrices pour le moulage par injection de mati\u00e8res plastiques | Jumi Plastics","isPartOf":{"@id":"https:\/\/jumi.be\/fr#website"},"primaryImageOfPage":{"@id":"https:\/\/jumi.be\/fr\/jumi-plastics\/matrices#primaryimage"},"image":{"@id":"https:\/\/jumi.be\/fr\/jumi-plastics\/matrices#primaryimage"},"thumbnailUrl":"https:\/\/jumi.be\/wp-content\/uploads\/2022\/09\/matrijs_spuitgieten.jpg","datePublished":"2022-09-05T12:44:30+00:00","dateModified":"2024-04-23T14:07:07+00:00","description":"La qualit\u00e9 des matrices d\u00e9termine celle du produit final. Jumi Plastics aide \u00e0 fabriquer des matrices via une approche de co-conception.","breadcrumb":{"@id":"https:\/\/jumi.be\/fr\/jumi-plastics\/matrices#breadcrumb"},"inLanguage":"fr-FR","potentialAction":[{"@type":"ReadAction","target":["https:\/\/jumi.be\/fr\/jumi-plastics\/matrices"]}]},{"@type":"ImageObject","inLanguage":"fr-FR","@id":"https:\/\/jumi.be\/fr\/jumi-plastics\/matrices#primaryimage","url":"https:\/\/jumi.be\/wp-content\/uploads\/2022\/09\/matrijs_spuitgieten.jpg","contentUrl":"https:\/\/jumi.be\/wp-content\/uploads\/2022\/09\/matrijs_spuitgieten.jpg","width":2500,"height":1667},{"@type":"BreadcrumbList","@id":"https:\/\/jumi.be\/fr\/jumi-plastics\/matrices#breadcrumb","itemListElement":[{"@type":"ListItem","position":1,"name":"Home","item":"https:\/\/jumi.be\/fr"},{"@type":"ListItem","position":2,"name":"Jumi plastics","item":"https:\/\/jumi.be\/fr\/jumi-plastics"},{"@type":"ListItem","position":3,"name":"Matrices"}]},{"@type":"WebSite","@id":"https:\/\/jumi.be\/fr#website","url":"https:\/\/jumi.be\/fr","name":"Jumi","description":"En nog een WordPress website","publisher":{"@id":"https:\/\/jumi.be\/fr#organization"},"potentialAction":[{"@type":"SearchAction","target":{"@type":"EntryPoint","urlTemplate":"https:\/\/jumi.be\/fr?s={search_term_string}"},"query-input":{"@type":"PropertyValueSpecification","valueRequired":true,"valueName":"search_term_string"}}],"inLanguage":"fr-FR"},{"@type":"Organization","@id":"https:\/\/jumi.be\/fr#organization","name":"Jumi","url":"https:\/\/jumi.be\/fr","logo":{"@type":"ImageObject","inLanguage":"fr-FR","@id":"https:\/\/jumi.be\/fr#\/schema\/logo\/image\/","url":"https:\/\/jumi.be\/wp-content\/uploads\/2022\/09\/logo-plastics.png","contentUrl":"https:\/\/jumi.be\/wp-content\/uploads\/2022\/09\/logo-plastics.png","width":1200,"height":317,"caption":"Jumi"},"image":{"@id":"https:\/\/jumi.be\/fr#\/schema\/logo\/image\/"}}]}},"uagb_featured_image_src":{"full":["https:\/\/jumi.be\/wp-content\/uploads\/2022\/09\/matrijs_spuitgieten.jpg",2500,1667,false],"thumbnail":["https:\/\/jumi.be\/wp-content\/uploads\/2022\/09\/matrijs_spuitgieten-150x150.jpg",150,150,true],"medium":["https:\/\/jumi.be\/wp-content\/uploads\/2022\/09\/matrijs_spuitgieten-300x200.jpg",300,200,true],"medium_large":["https:\/\/jumi.be\/wp-content\/uploads\/2022\/09\/matrijs_spuitgieten-768x512.jpg",768,512,true],"large":["https:\/\/jumi.be\/wp-content\/uploads\/2022\/09\/matrijs_spuitgieten-1024x683.jpg",1024,683,true],"1536x1536":["https:\/\/jumi.be\/wp-content\/uploads\/2022\/09\/matrijs_spuitgieten-1536x1024.jpg",1536,1024,true],"2048x2048":["https:\/\/jumi.be\/wp-content\/uploads\/2022\/09\/matrijs_spuitgieten-2048x1366.jpg",2048,1366,true]},"uagb_author_info":{"display_name":"Linkie","author_link":"https:\/\/jumi.be\/fr\/author\/linkie"},"uagb_comment_info":0,"uagb_excerpt":"Jumi Plastics est, depuis des ann\u00e9es, une entreprise innovante dans le monde du moulage par injection de [&hellip;]","_links":{"self":[{"href":"https:\/\/jumi.be\/fr\/wp-json\/wp\/v2\/pages\/705","targetHints":{"allow":["GET"]}}],"collection":[{"href":"https:\/\/jumi.be\/fr\/wp-json\/wp\/v2\/pages"}],"about":[{"href":"https:\/\/jumi.be\/fr\/wp-json\/wp\/v2\/types\/page"}],"author":[{"embeddable":true,"href":"https:\/\/jumi.be\/fr\/wp-json\/wp\/v2\/users\/1"}],"replies":[{"embeddable":true,"href":"https:\/\/jumi.be\/fr\/wp-json\/wp\/v2\/comments?post=705"}],"version-history":[{"count":3,"href":"https:\/\/jumi.be\/fr\/wp-json\/wp\/v2\/pages\/705\/revisions"}],"predecessor-version":[{"id":709,"href":"https:\/\/jumi.be\/fr\/wp-json\/wp\/v2\/pages\/705\/revisions\/709"}],"up":[{"embeddable":true,"href":"https:\/\/jumi.be\/fr\/wp-json\/wp\/v2\/pages\/696"}],"wp:featuredmedia":[{"embeddable":true,"href":"https:\/\/jumi.be\/fr\/wp-json\/wp\/v2\/media\/706"}],"wp:attachment":[{"href":"https:\/\/jumi.be\/fr\/wp-json\/wp\/v2\/media?parent=705"}],"curies":[{"name":"wp","href":"https:\/\/api.w.org\/{rel}","templated":true}]}}