{"id":696,"date":"2022-09-05T12:43:38","date_gmt":"2022-09-05T12:43:38","guid":{"rendered":"https:\/\/jumi.be\/jumi-plastics"},"modified":"2024-11-29T09:55:16","modified_gmt":"2024-11-29T09:55:16","slug":"jumi-plastics","status":"publish","type":"page","link":"https:\/\/jumi.be\/fr\/jumi-plastics","title":{"rendered":"Jumi plastics"},"content":{"rendered":"\n<div class=\"wp-block-cover alignfull is-light\"><span aria-hidden=\"true\" class=\"wp-block-cover__background has-background-dim\"><\/span><img loading=\"lazy\" decoding=\"async\" width=\"2400\" height=\"900\" class=\"wp-block-cover__image-background wp-image-69\" alt=\"\" src=\"https:\/\/jumi.be\/wp-content\/uploads\/2022\/09\/technisch-spuitgieten.jpg\" style=\"object-position:50% 0%\" data-object-fit=\"cover\" data-object-position=\"50% 0%\" srcset=\"https:\/\/jumi.be\/wp-content\/uploads\/2022\/09\/technisch-spuitgieten.jpg 2400w, https:\/\/jumi.be\/wp-content\/uploads\/2022\/09\/technisch-spuitgieten-300x113.jpg 300w, https:\/\/jumi.be\/wp-content\/uploads\/2022\/09\/technisch-spuitgieten-1024x384.jpg 1024w, https:\/\/jumi.be\/wp-content\/uploads\/2022\/09\/technisch-spuitgieten-768x288.jpg 768w, https:\/\/jumi.be\/wp-content\/uploads\/2022\/09\/technisch-spuitgieten-1536x576.jpg 1536w, https:\/\/jumi.be\/wp-content\/uploads\/2022\/09\/technisch-spuitgieten-2048x768.jpg 2048w\" sizes=\"auto, (max-width: 2400px) 100vw, 2400px\" \/><div class=\"wp-block-cover__inner-container is-layout-flow wp-block-cover-is-layout-flow\">\n<h1 class=\"wp-block-heading has-text-align-center has-ast-global-color-5-color has-text-color has-link-color wp-elements-98c121e46dca60fb202b3b5b18c5018b\">Sp\u00e9cialis\u00e9 dans le moulage technique par injection depuis 1972<\/h1>\n<\/div><\/div>\n\n<div class=\"wp-block-columns alignwide are-vertically-aligned-center cta-row is-layout-flex wp-container-core-columns-is-layout-1 wp-block-columns-is-layout-flex\">\n<div class=\"wp-block-column is-vertically-aligned-center is-layout-flow wp-block-column-is-layout-flow\" style=\"flex-basis:100%\">\n<h2 class=\"wp-block-heading\">Contactez votre sp\u00e9cialiste en moulage technique par injection<\/h2>\n<\/div>\n\n\n\n<div class=\"wp-block-column is-vertically-aligned-center is-layout-flow wp-block-column-is-layout-flow\" style=\"flex-basis:281px\">\n<div class=\"wp-block-buttons is-content-justification-right is-layout-flex wp-container-core-buttons-is-layout-1 wp-block-buttons-is-layout-flex\">\n<div class=\"wp-block-button is-style-outline is-style-outline--1\"><a class=\"wp-block-button__link\" href=\"https:\/\/jumi.be\/fr\/jumi-plastics\/contact\">Contactez nous !<\/a><\/div>\n<\/div>\n<\/div>\n<\/div>\n\n<div class=\"wp-block-columns alignwide is-layout-flex wp-container-core-columns-is-layout-2 wp-block-columns-is-layout-flex\">\n<div class=\"wp-block-column is-layout-flow wp-block-column-is-layout-flow\">\n<figure class=\"wp-block-video alignfull bedrijfsfilm\"><video controls=\"\" src=\"https:\/\/jumi.be\/wp-content\/uploads\/2024\/11\/Jumi-Plastics-met-interview.mp4\"><\/video><\/figure>\n<\/div>\n<\/div>\n\n<div class=\"wp-block-columns alignwide pillars row-margin is-layout-flex wp-container-core-columns-is-layout-3 wp-block-columns-is-layout-flex\">\n<div class=\"wp-block-column is-layout-flow wp-block-column-is-layout-flow\">\n<figure class=\"wp-block-image aligncenter size-large is-resized\"><img loading=\"lazy\" decoding=\"async\" width=\"52\" height=\"53\" src=\"https:\/\/jumi.be\/wp-content\/uploads\/2022\/09\/clock-2.svg\" alt=\"\" class=\"wp-image-433\" style=\"width:50px\"\/><\/figure>\n\n\n\n<h3 class=\"wp-block-heading has-text-align-center\">Processus de production en continu<\/h3>\n\n\n\n<p class=\"has-text-align-center\">Notre service fonctionne 7 jours sur 7, dans un syst\u00e8me \u00e0 5 \u00e9quipes pour assurer une production en continu.<\/p>\n<\/div>\n\n\n\n<div class=\"wp-block-column is-layout-flow wp-block-column-is-layout-flow\">\n<figure class=\"wp-block-image aligncenter size-large\"><img loading=\"lazy\" decoding=\"async\" width=\"50\" height=\"53\" src=\"https:\/\/jumi.be\/wp-content\/uploads\/2022\/09\/gear-2.svg\" alt=\"\" class=\"wp-image-435\"\/><\/figure>\n\n\n\n<h3 class=\"wp-block-heading has-text-align-center\">Un parc complet de machines<\/h3>\n\n\n\n<p class=\"has-text-align-center\">40 machines de moulage par injection avec une force de serrage de 25 \u00e0 1400 tonnes pour le moulage technique par injection de produits de 1 g \u00e0 6 kg.<\/p>\n<\/div>\n\n\n\n<div class=\"wp-block-column is-layout-flow wp-block-column-is-layout-flow\">\n<figure class=\"wp-block-image aligncenter size-large is-resized\"><img loading=\"lazy\" decoding=\"async\" width=\"52\" height=\"53\" src=\"https:\/\/jumi.be\/wp-content\/uploads\/2022\/09\/globe-2.svg\" alt=\"\" class=\"wp-image-437\" style=\"width:50px;height:50px\"\/><\/figure>\n\n\n\n<h3 class=\"wp-block-heading has-text-align-center\">Soucieux de l\u2019environnement<\/h3>\n\n\n\n<p class=\"has-text-align-center\">Nous investissons constamment dans nos processus de production et nos infrastructures pour limiter notre impact sur l\u2019environnement et souhaitons \u00e9voluer vers une organisation RSE plus mature.<\/p>\n<\/div>\n<\/div>\n\n<div class=\"wp-block-columns alignwide bg-light-gray info-cols is-layout-flex wp-container-core-columns-is-layout-4 wp-block-columns-is-layout-flex\">\n<div class=\"wp-block-column is-layout-flow wp-block-column-is-layout-flow\">\n<figure class=\"wp-block-image size-large\"><img loading=\"lazy\" decoding=\"async\" width=\"1024\" height=\"683\" src=\"https:\/\/jumi.be\/wp-content\/uploads\/2022\/09\/spuitgieten-1024x683.jpeg\" alt=\"\" class=\"wp-image-100\" srcset=\"https:\/\/jumi.be\/wp-content\/uploads\/2022\/09\/spuitgieten-1024x683.jpeg 1024w, https:\/\/jumi.be\/wp-content\/uploads\/2022\/09\/spuitgieten-300x200.jpeg 300w, https:\/\/jumi.be\/wp-content\/uploads\/2022\/09\/spuitgieten-768x512.jpeg 768w, https:\/\/jumi.be\/wp-content\/uploads\/2022\/09\/spuitgieten-1536x1024.jpeg 1536w, https:\/\/jumi.be\/wp-content\/uploads\/2022\/09\/spuitgieten-2048x1366.jpeg 2048w\" sizes=\"auto, (max-width: 1024px) 100vw, 1024px\" \/><\/figure>\n<\/div>\n\n\n\n<div class=\"wp-block-column is-layout-flow wp-block-column-is-layout-flow\">\n<h6 class=\"wp-block-heading\">Jumi Plastics Belgium nv est, depuis des ann\u00e9es, une entreprise innovante dans le monde du moulage par injection de plastique.<\/h6>\n\n\n\n<h2 class=\"wp-block-heading\">Moulage technique par injection<\/h2>\n\n\n\n<p>Notre parc de machines, compos\u00e9 de presses de derni\u00e8re g\u00e9n\u00e9ration et dot\u00e9es d\u2019une force de serrage de 25 \u00e0 1400 tonnes, nous permettent de fabriquer tous les produits moul\u00e9s par injection dans des conditions optimales. Toutes les machines sont \u00e9galement \u00e9quip\u00e9es de robots sophistiqu\u00e9s avec une automatisation avanc\u00e9e, ce qui permet de r\u00e9aliser les produits les plus divers sur base de la gamme compl\u00e8te de thermoplastiques.<\/p>\n\n\n\n<div class=\"wp-block-buttons is-layout-flex wp-block-buttons-is-layout-flex\">\n<div class=\"wp-block-button\"><a class=\"wp-block-button__link wp-element-button\" href=\"https:\/\/jumi.be\/fr\/jumi-plastics\/moulage-par-injection\">Moulage technique par injection<\/a><\/div>\n<\/div>\n<\/div>\n<\/div>\n\n<div class=\"wp-block-cover alignfull has-parallax\" style=\"min-height:430px;aspect-ratio:unset;\"><span aria-hidden=\"true\" class=\"wp-block-cover__background has-background-dim-70 has-background-dim\"><\/span><div class=\"wp-block-cover__image-background wp-image-113 has-parallax\" style=\"background-position:50% 50%;background-image:url(https:\/\/jumi.be\/wp-content\/uploads\/2022\/09\/bg-parallax.jpeg)\"><\/div><div class=\"wp-block-cover__inner-container is-layout-flow wp-block-cover-is-layout-flow\">\n<h2 class=\"wp-block-heading has-ast-global-color-5-color has-text-color has-link-color wp-elements-b7a2d0fbe4a85dfeeb528ec42f7fcbd4\">\u00c0 propos de Jumi Plastics Belgium<\/h2>\n\n\n\n<p class=\"has-ast-global-color-5-color has-text-color has-link-color wp-elements-8d029b5006ea6245806fa387964d230f\">Jumi Plastics dispose de 40 machines de moulage par injection, avec une force de serrage de 25 \u00e0 1400 tonnes. Toutes les machines sont \u00e9quip\u00e9es de bras robotis\u00e9s, pour vous permettre une automatisation avanc\u00e9e.<\/p>\n\n\n\n<div class=\"wp-block-columns is-layout-flex wp-container-core-columns-is-layout-5 wp-block-columns-is-layout-flex\">\n<div class=\"wp-block-column is-layout-flow wp-block-column-is-layout-flow\">\n<div class=\"wp-block-ideabox-counter\"><div class=\"ib-counter-container\" style=\"text-align:left\"><div class=\"ib-counter\" style=\"font-size:40px;color:var(--ast-global-color-5)\"><span class=\"ib-counter-number\" data-from-value=\"0\" data-to-value=\"6\" data-delimiter=\"none\" data-duration=\"2000\">0<\/span><\/div><div class=\"ib-counter-title\" style=\"color:var(--ast-global-color-5)\">Segments de march\u00e9<\/div><\/div><\/div>\n<\/div>\n\n\n\n<div class=\"wp-block-column is-layout-flow wp-block-column-is-layout-flow\">\n<div class=\"wp-block-ideabox-counter\"><div class=\"ib-counter-container\" style=\"text-align:left\"><div class=\"ib-counter\" style=\"font-size:40px;color:var(--ast-global-color-5)\"><span class=\"ib-counter-number\" data-from-value=\"0\" data-to-value=\"12000\" data-delimiter=\"none\" data-duration=\"2000\">0<\/span><\/div><div class=\"ib-counter-title\" style=\"color:var(--ast-global-color-5)\">M\u00e8tres de superficie b\u00e2tie<\/div><\/div><\/div>\n<\/div>\n\n\n\n<div class=\"wp-block-column is-layout-flow wp-block-column-is-layout-flow\">\n<div class=\"wp-block-ideabox-counter\"><div class=\"ib-counter-container\" style=\"text-align:left\"><div class=\"ib-counter\" style=\"font-size:40px;color:var(--ast-global-color-5)\"><span class=\"ib-counter-number\" data-from-value=\"0\" data-to-value=\"40\" data-delimiter=\"none\" data-duration=\"2000\">0<\/span><\/div><div class=\"ib-counter-title\" style=\"color:var(--ast-global-color-5)\">Pulv\u00e9risateurs<\/div><\/div><\/div>\n<\/div>\n\n\n\n<div class=\"wp-block-column is-layout-flow wp-block-column-is-layout-flow\">\n<div class=\"wp-block-ideabox-counter\"><div class=\"ib-counter-container\" style=\"text-align:left\"><div class=\"ib-counter\" style=\"font-size:40px;color:var(--ast-global-color-5)\"><span class=\"ib-counter-number\" data-from-value=\"0\" data-to-value=\"15\" data-delimiter=\"none\" data-duration=\"2000\">0<\/span><\/div><div class=\"ib-counter-title\" style=\"color:var(--ast-global-color-5)\">Pays<\/div><\/div><\/div>\n<\/div>\n<\/div>\n<\/div><\/div>\n\n<div class=\"wp-block-columns alignwide row-margin is-layout-flex wp-container-core-columns-is-layout-6 wp-block-columns-is-layout-flex\">\n<div class=\"wp-block-column is-layout-flow wp-block-column-is-layout-flow\"><ul class=\"wp-block-latest-posts__list has-dates wp-block-latest-posts\"><li><div class=\"wp-block-latest-posts__featured-image\"><a href=\"https:\/\/jumi.be\/fr\/non-classifiee\/production-dun-pot-de-fleurs-sur-lune-de-nos-machines-de-660-tonnes\" aria-label=\"Production d&rsquo;un pot de fleurs sur l&rsquo;une de nos machines de 660 tonnes.\"><img loading=\"lazy\" decoding=\"async\" width=\"300\" height=\"135\" src=\"https:\/\/jumi.be\/wp-content\/uploads\/2022\/11\/Screenshot_20221116-112521_Gallery-300x135.jpg\" class=\"attachment-medium size-medium wp-post-image\" alt=\"\" style=\"\" srcset=\"https:\/\/jumi.be\/wp-content\/uploads\/2022\/11\/Screenshot_20221116-112521_Gallery-300x135.jpg 300w, https:\/\/jumi.be\/wp-content\/uploads\/2022\/11\/Screenshot_20221116-112521_Gallery-1024x461.jpg 1024w, https:\/\/jumi.be\/wp-content\/uploads\/2022\/11\/Screenshot_20221116-112521_Gallery-768x346.jpg 768w, https:\/\/jumi.be\/wp-content\/uploads\/2022\/11\/Screenshot_20221116-112521_Gallery-1536x691.jpg 1536w, https:\/\/jumi.be\/wp-content\/uploads\/2022\/11\/Screenshot_20221116-112521_Gallery-2048x922.jpg 2048w\" sizes=\"auto, (max-width: 300px) 100vw, 300px\" \/><\/a><\/div><a class=\"wp-block-latest-posts__post-title\" href=\"https:\/\/jumi.be\/fr\/non-classifiee\/production-dun-pot-de-fleurs-sur-lune-de-nos-machines-de-660-tonnes\">Production d&rsquo;un pot de fleurs sur l&rsquo;une de nos machines de 660 tonnes.<\/a><time datetime=\"2024-04-30T09:18:35+00:00\" class=\"wp-block-latest-posts__post-date\">30 avril 2024<\/time><div class=\"wp-block-latest-posts__post-excerpt\">En plus de l&rsquo;injection plastique, nous sommes \u00e9galement en mesure d&rsquo;\u00e9tiqueter \/ imprimer automatiquement des\u2026 <a class=\"wp-block-latest-posts__read-more\" href=\"https:\/\/jumi.be\/fr\/non-classifiee\/production-dun-pot-de-fleurs-sur-lune-de-nos-machines-de-660-tonnes\" rel=\"noopener noreferrer\">Lire la suite<span class=\"screen-reader-text\">\u00a0: Production d&rsquo;un pot de fleurs sur l&rsquo;une de nos machines de 660 tonnes.<\/span><\/a><\/div><\/li>\n<li><div class=\"wp-block-latest-posts__featured-image\"><a href=\"https:\/\/jumi.be\/fr\/non-classifiee\/notre-ekw-pi-hybrid-de-bmb\" aria-label=\"Notre eKW-Pi HYBRID de BMB\"><img loading=\"lazy\" decoding=\"async\" width=\"300\" height=\"225\" src=\"https:\/\/jumi.be\/wp-content\/uploads\/2022\/09\/1400-ton-hybride-machine-van-BMB-300x225.jpg\" class=\"attachment-medium size-medium wp-post-image\" alt=\"\" style=\"\" srcset=\"https:\/\/jumi.be\/wp-content\/uploads\/2022\/09\/1400-ton-hybride-machine-van-BMB-300x225.jpg 300w, https:\/\/jumi.be\/wp-content\/uploads\/2022\/09\/1400-ton-hybride-machine-van-BMB-1024x768.jpg 1024w, https:\/\/jumi.be\/wp-content\/uploads\/2022\/09\/1400-ton-hybride-machine-van-BMB-768x576.jpg 768w, https:\/\/jumi.be\/wp-content\/uploads\/2022\/09\/1400-ton-hybride-machine-van-BMB-1536x1152.jpg 1536w, https:\/\/jumi.be\/wp-content\/uploads\/2022\/09\/1400-ton-hybride-machine-van-BMB.jpg 2016w\" sizes=\"auto, (max-width: 300px) 100vw, 300px\" \/><\/a><\/div><a class=\"wp-block-latest-posts__post-title\" href=\"https:\/\/jumi.be\/fr\/non-classifiee\/notre-ekw-pi-hybrid-de-bmb\">Notre eKW-Pi HYBRID de BMB<\/a><time datetime=\"2022-09-22T07:17:05+00:00\" class=\"wp-block-latest-posts__post-date\">22 septembre 2022<\/time><div class=\"wp-block-latest-posts__post-excerpt\">Notre derni\u00e8re nouvelle machine est une machine hybride de 1400 tonnes de BMB. Actuellement la\u2026 <a class=\"wp-block-latest-posts__read-more\" href=\"https:\/\/jumi.be\/fr\/non-classifiee\/notre-ekw-pi-hybrid-de-bmb\" rel=\"noopener noreferrer\">Lire la suite<span class=\"screen-reader-text\">\u00a0: Notre eKW-Pi HYBRID de BMB<\/span><\/a><\/div><\/li>\n<\/ul><\/div>\n<\/div>\n","protected":false},"excerpt":{"rendered":"<p>Processus de production en continu Notre service fonctionne 7 jours sur 7, dans un syst\u00e8me \u00e0 5 [&hellip;]<\/p>\n","protected":false},"author":1,"featured_media":0,"parent":0,"menu_order":0,"comment_status":"closed","ping_status":"closed","template":"","meta":{"_uag_custom_page_level_css":"","site-sidebar-layout":"default","site-content-layout":"","ast-site-content-layout":"default","site-content-style":"default","site-sidebar-style":"default","ast-global-header-display":"","ast-banner-title-visibility":"","ast-main-header-display":"","ast-hfb-above-header-display":"","ast-hfb-below-header-display":"","ast-hfb-mobile-header-display":"","site-post-title":"","ast-breadcrumbs-content":"","ast-featured-img":"","footer-sml-layout":"","theme-transparent-header-meta":"","adv-header-id-meta":"","stick-header-meta":"","header-above-stick-meta":"","header-main-stick-meta":"","header-below-stick-meta":"","astra-migrate-meta-layouts":"default","ast-page-background-enabled":"default","ast-page-background-meta":{"desktop":{"background-color":"var(--ast-global-color-4)","background-image":"","background-repeat":"repeat","background-position":"center center","background-size":"auto","background-attachment":"scroll","background-type":"","background-media":"","overlay-type":"","overlay-color":"","overlay-opacity":"","overlay-gradient":""},"tablet":{"background-color":"","background-image":"","background-repeat":"repeat","background-position":"center center","background-size":"auto","background-attachment":"scroll","background-type":"","background-media":"","overlay-type":"","overlay-color":"","overlay-opacity":"","overlay-gradient":""},"mobile":{"background-color":"","background-image":"","background-repeat":"repeat","background-position":"center center","background-size":"auto","background-attachment":"scroll","background-type":"","background-media":"","overlay-type":"","overlay-color":"","overlay-opacity":"","overlay-gradient":""}},"ast-content-background-meta":{"desktop":{"background-color":"var(--ast-global-color-5)","background-image":"","background-repeat":"repeat","background-position":"center center","background-size":"auto","background-attachment":"scroll","background-type":"","background-media":"","overlay-type":"","overlay-color":"","overlay-opacity":"","overlay-gradient":""},"tablet":{"background-color":"var(--ast-global-color-5)","background-image":"","background-repeat":"repeat","background-position":"center center","background-size":"auto","background-attachment":"scroll","background-type":"","background-media":"","overlay-type":"","overlay-color":"","overlay-opacity":"","overlay-gradient":""},"mobile":{"background-color":"var(--ast-global-color-5)","background-image":"","background-repeat":"repeat","background-position":"center center","background-size":"auto","background-attachment":"scroll","background-type":"","background-media":"","overlay-type":"","overlay-color":"","overlay-opacity":"","overlay-gradient":""}},"footnotes":""},"class_list":["post-696","page","type-page","status-publish","hentry"],"yoast_head":"<!-- This site is optimized with the Yoast SEO plugin v23.9 - https:\/\/yoast.com\/wordpress\/plugins\/seo\/ -->\n<title>Sp\u00e9cialiste du moulage par injection de produits plastiques | Jumi Plastics<\/title>\n<meta name=\"description\" content=\"Vous avez besoin d\u2019une pulv\u00e9risation de plastique ? C\u2019est possible chez Jumi Plastics \u00e0 Diepenbeek, dans le Limbourg ! Les presses \u00e0 injecter garantissent toujours la qualit\u00e9.\" \/>\n<meta name=\"robots\" content=\"index, follow, max-snippet:-1, max-image-preview:large, max-video-preview:-1\" \/>\n<link rel=\"canonical\" href=\"https:\/\/jumi.be\/fr\/jumi-plastics\" \/>\n<meta property=\"og:locale\" content=\"fr_FR\" \/>\n<meta property=\"og:type\" content=\"article\" \/>\n<meta property=\"og:title\" content=\"Sp\u00e9cialiste du moulage par injection de produits plastiques | Jumi Plastics\" \/>\n<meta property=\"og:description\" content=\"Vous avez besoin d\u2019une pulv\u00e9risation de plastique ? C\u2019est possible chez Jumi Plastics \u00e0 Diepenbeek, dans le Limbourg ! Les presses \u00e0 injecter garantissent toujours la qualit\u00e9.\" \/>\n<meta property=\"og:url\" content=\"https:\/\/jumi.be\/fr\/jumi-plastics\" \/>\n<meta property=\"og:site_name\" content=\"Jumi\" \/>\n<meta property=\"article:modified_time\" content=\"2024-11-29T09:55:16+00:00\" \/>\n<meta property=\"og:image\" content=\"https:\/\/jumi.be\/wp-content\/uploads\/2022\/09\/technisch-spuitgieten.jpg\" \/>\n\t<meta property=\"og:image:width\" content=\"2400\" \/>\n\t<meta property=\"og:image:height\" content=\"900\" \/>\n\t<meta property=\"og:image:type\" content=\"image\/jpeg\" \/>\n<meta name=\"twitter:card\" content=\"summary_large_image\" \/>\n<meta name=\"twitter:label1\" content=\"Dur\u00e9e de lecture estim\u00e9e\" \/>\n\t<meta name=\"twitter:data1\" content=\"1 minute\" \/>\n<script type=\"application\/ld+json\" class=\"yoast-schema-graph\">{\"@context\":\"https:\/\/schema.org\",\"@graph\":[{\"@type\":\"WebPage\",\"@id\":\"https:\/\/jumi.be\/fr\/jumi-plastics\",\"url\":\"https:\/\/jumi.be\/fr\/jumi-plastics\",\"name\":\"Sp\u00e9cialiste du moulage par injection de produits plastiques | Jumi Plastics\",\"isPartOf\":{\"@id\":\"https:\/\/jumi.be\/fr#website\"},\"primaryImageOfPage\":{\"@id\":\"https:\/\/jumi.be\/fr\/jumi-plastics#primaryimage\"},\"image\":{\"@id\":\"https:\/\/jumi.be\/fr\/jumi-plastics#primaryimage\"},\"thumbnailUrl\":\"https:\/\/jumi.be\/wp-content\/uploads\/2022\/09\/technisch-spuitgieten.jpg\",\"datePublished\":\"2022-09-05T12:43:38+00:00\",\"dateModified\":\"2024-11-29T09:55:16+00:00\",\"description\":\"Vous avez besoin d\u2019une pulv\u00e9risation de plastique ? C\u2019est possible chez Jumi Plastics \u00e0 Diepenbeek, dans le Limbourg ! Les presses \u00e0 injecter garantissent toujours la qualit\u00e9.\",\"breadcrumb\":{\"@id\":\"https:\/\/jumi.be\/fr\/jumi-plastics#breadcrumb\"},\"inLanguage\":\"fr-FR\",\"potentialAction\":[{\"@type\":\"ReadAction\",\"target\":[\"https:\/\/jumi.be\/fr\/jumi-plastics\"]}]},{\"@type\":\"ImageObject\",\"inLanguage\":\"fr-FR\",\"@id\":\"https:\/\/jumi.be\/fr\/jumi-plastics#primaryimage\",\"url\":\"https:\/\/jumi.be\/wp-content\/uploads\/2022\/09\/technisch-spuitgieten.jpg\",\"contentUrl\":\"https:\/\/jumi.be\/wp-content\/uploads\/2022\/09\/technisch-spuitgieten.jpg\"},{\"@type\":\"BreadcrumbList\",\"@id\":\"https:\/\/jumi.be\/fr\/jumi-plastics#breadcrumb\",\"itemListElement\":[{\"@type\":\"ListItem\",\"position\":1,\"name\":\"Home\",\"item\":\"https:\/\/jumi.be\/fr\"},{\"@type\":\"ListItem\",\"position\":2,\"name\":\"Jumi plastics\"}]},{\"@type\":\"WebSite\",\"@id\":\"https:\/\/jumi.be\/fr#website\",\"url\":\"https:\/\/jumi.be\/fr\",\"name\":\"Jumi\",\"description\":\"En nog een WordPress website\",\"publisher\":{\"@id\":\"https:\/\/jumi.be\/fr#organization\"},\"potentialAction\":[{\"@type\":\"SearchAction\",\"target\":{\"@type\":\"EntryPoint\",\"urlTemplate\":\"https:\/\/jumi.be\/fr?s={search_term_string}\"},\"query-input\":{\"@type\":\"PropertyValueSpecification\",\"valueRequired\":true,\"valueName\":\"search_term_string\"}}],\"inLanguage\":\"fr-FR\"},{\"@type\":\"Organization\",\"@id\":\"https:\/\/jumi.be\/fr#organization\",\"name\":\"Jumi\",\"url\":\"https:\/\/jumi.be\/fr\",\"logo\":{\"@type\":\"ImageObject\",\"inLanguage\":\"fr-FR\",\"@id\":\"https:\/\/jumi.be\/fr#\/schema\/logo\/image\/\",\"url\":\"https:\/\/jumi.be\/wp-content\/uploads\/2022\/09\/logo-plastics.png\",\"contentUrl\":\"https:\/\/jumi.be\/wp-content\/uploads\/2022\/09\/logo-plastics.png\",\"width\":1200,\"height\":317,\"caption\":\"Jumi\"},\"image\":{\"@id\":\"https:\/\/jumi.be\/fr#\/schema\/logo\/image\/\"}}]}<\/script>\n<!-- \/ Yoast SEO plugin. -->","yoast_head_json":{"title":"Sp\u00e9cialiste du moulage par injection de produits plastiques | Jumi Plastics","description":"Vous avez besoin d\u2019une pulv\u00e9risation de plastique ? C\u2019est possible chez Jumi Plastics \u00e0 Diepenbeek, dans le Limbourg ! Les presses \u00e0 injecter garantissent toujours la qualit\u00e9.","robots":{"index":"index","follow":"follow","max-snippet":"max-snippet:-1","max-image-preview":"max-image-preview:large","max-video-preview":"max-video-preview:-1"},"canonical":"https:\/\/jumi.be\/fr\/jumi-plastics","og_locale":"fr_FR","og_type":"article","og_title":"Sp\u00e9cialiste du moulage par injection de produits plastiques | Jumi Plastics","og_description":"Vous avez besoin d\u2019une pulv\u00e9risation de plastique ? C\u2019est possible chez Jumi Plastics \u00e0 Diepenbeek, dans le Limbourg ! Les presses \u00e0 injecter garantissent toujours la qualit\u00e9.","og_url":"https:\/\/jumi.be\/fr\/jumi-plastics","og_site_name":"Jumi","article_modified_time":"2024-11-29T09:55:16+00:00","og_image":[{"width":2400,"height":900,"url":"https:\/\/jumi.be\/wp-content\/uploads\/2022\/09\/technisch-spuitgieten.jpg","type":"image\/jpeg"}],"twitter_card":"summary_large_image","twitter_misc":{"Dur\u00e9e de lecture estim\u00e9e":"1 minute"},"schema":{"@context":"https:\/\/schema.org","@graph":[{"@type":"WebPage","@id":"https:\/\/jumi.be\/fr\/jumi-plastics","url":"https:\/\/jumi.be\/fr\/jumi-plastics","name":"Sp\u00e9cialiste du moulage par injection de produits plastiques | Jumi Plastics","isPartOf":{"@id":"https:\/\/jumi.be\/fr#website"},"primaryImageOfPage":{"@id":"https:\/\/jumi.be\/fr\/jumi-plastics#primaryimage"},"image":{"@id":"https:\/\/jumi.be\/fr\/jumi-plastics#primaryimage"},"thumbnailUrl":"https:\/\/jumi.be\/wp-content\/uploads\/2022\/09\/technisch-spuitgieten.jpg","datePublished":"2022-09-05T12:43:38+00:00","dateModified":"2024-11-29T09:55:16+00:00","description":"Vous avez besoin d\u2019une pulv\u00e9risation de plastique ? C\u2019est possible chez Jumi Plastics \u00e0 Diepenbeek, dans le Limbourg ! Les presses \u00e0 injecter garantissent toujours la qualit\u00e9.","breadcrumb":{"@id":"https:\/\/jumi.be\/fr\/jumi-plastics#breadcrumb"},"inLanguage":"fr-FR","potentialAction":[{"@type":"ReadAction","target":["https:\/\/jumi.be\/fr\/jumi-plastics"]}]},{"@type":"ImageObject","inLanguage":"fr-FR","@id":"https:\/\/jumi.be\/fr\/jumi-plastics#primaryimage","url":"https:\/\/jumi.be\/wp-content\/uploads\/2022\/09\/technisch-spuitgieten.jpg","contentUrl":"https:\/\/jumi.be\/wp-content\/uploads\/2022\/09\/technisch-spuitgieten.jpg"},{"@type":"BreadcrumbList","@id":"https:\/\/jumi.be\/fr\/jumi-plastics#breadcrumb","itemListElement":[{"@type":"ListItem","position":1,"name":"Home","item":"https:\/\/jumi.be\/fr"},{"@type":"ListItem","position":2,"name":"Jumi plastics"}]},{"@type":"WebSite","@id":"https:\/\/jumi.be\/fr#website","url":"https:\/\/jumi.be\/fr","name":"Jumi","description":"En nog een WordPress website","publisher":{"@id":"https:\/\/jumi.be\/fr#organization"},"potentialAction":[{"@type":"SearchAction","target":{"@type":"EntryPoint","urlTemplate":"https:\/\/jumi.be\/fr?s={search_term_string}"},"query-input":{"@type":"PropertyValueSpecification","valueRequired":true,"valueName":"search_term_string"}}],"inLanguage":"fr-FR"},{"@type":"Organization","@id":"https:\/\/jumi.be\/fr#organization","name":"Jumi","url":"https:\/\/jumi.be\/fr","logo":{"@type":"ImageObject","inLanguage":"fr-FR","@id":"https:\/\/jumi.be\/fr#\/schema\/logo\/image\/","url":"https:\/\/jumi.be\/wp-content\/uploads\/2022\/09\/logo-plastics.png","contentUrl":"https:\/\/jumi.be\/wp-content\/uploads\/2022\/09\/logo-plastics.png","width":1200,"height":317,"caption":"Jumi"},"image":{"@id":"https:\/\/jumi.be\/fr#\/schema\/logo\/image\/"}}]}},"uagb_featured_image_src":{"full":false,"thumbnail":false,"medium":false,"medium_large":false,"large":false,"1536x1536":false,"2048x2048":false},"uagb_author_info":{"display_name":"Linkie","author_link":"https:\/\/jumi.be\/fr\/author\/linkie"},"uagb_comment_info":0,"uagb_excerpt":"Processus de production en continu Notre service fonctionne 7 jours sur 7, dans un syst\u00e8me \u00e0 5 [&hellip;]","_links":{"self":[{"href":"https:\/\/jumi.be\/fr\/wp-json\/wp\/v2\/pages\/696","targetHints":{"allow":["GET"]}}],"collection":[{"href":"https:\/\/jumi.be\/fr\/wp-json\/wp\/v2\/pages"}],"about":[{"href":"https:\/\/jumi.be\/fr\/wp-json\/wp\/v2\/types\/page"}],"author":[{"embeddable":true,"href":"https:\/\/jumi.be\/fr\/wp-json\/wp\/v2\/users\/1"}],"replies":[{"embeddable":true,"href":"https:\/\/jumi.be\/fr\/wp-json\/wp\/v2\/comments?post=696"}],"version-history":[{"count":20,"href":"https:\/\/jumi.be\/fr\/wp-json\/wp\/v2\/pages\/696\/revisions"}],"predecessor-version":[{"id":1457,"href":"https:\/\/jumi.be\/fr\/wp-json\/wp\/v2\/pages\/696\/revisions\/1457"}],"wp:attachment":[{"href":"https:\/\/jumi.be\/fr\/wp-json\/wp\/v2\/media?parent=696"}],"curies":[{"name":"wp","href":"https:\/\/api.w.org\/{rel}","templated":true}]}}