{"id":896,"date":"2022-09-05T08:01:31","date_gmt":"2022-09-05T08:01:31","guid":{"rendered":"https:\/\/jumi.be\/datenschutzrichtlinie"},"modified":"2024-04-24T11:48:11","modified_gmt":"2024-04-24T11:48:11","slug":"datenschutzrichtlinie","status":"publish","type":"page","link":"https:\/\/jumi.be\/de\/datenschutzrichtlinie","title":{"rendered":"Datenschutzrichtlinie"},"content":{"rendered":"\n<h2 class=\"wp-block-heading\">Warum diese Datenschutzrichtlinie?<\/h2>\n\n<p>Die folgende Datenschutzrichtlinie erl\u00e4utert, wie wir personenbezogene Daten \u00fcber unsere Website sammeln und wof\u00fcr wir sie verwenden. Die Datenschutzrichtlinie gilt f\u00fcr die Website https:\/\/jumi.be\/ und die damit verbundenen Domainnamen von Jumi mit Sitz in Jumi Plastics Belgium NV, Katteweidelaan 39, 3590 Diepenbeek und der Unternehmensnummer BE0412.540.109.<\/p>\n\n<p>Personenbezogene Daten werden gem\u00e4\u00df der Allgemeinen Datenschutzverordnung vom 27. April 2016 (auch bekannt als &#8222;DSGVO&#8220; oder &#8222;GDPR&#8220;) und den darauf basierenden Gesetzen verarbeitet. Fragen zu dieser Datenschutzrichtlinie k\u00f6nnen telefonisch unter 011 79 03 20 oder per E-Mail an info@jumi.be gestellt werden.<\/p>\n\n<h2 class=\"wp-block-heading\">Was sind personenbezogene Daten?<\/h2>\n\n<p>Personenbezogene Daten sind Daten, die zu einer identifizierten oder identifizierbaren Person f\u00fchren k\u00f6nnen und k\u00f6nnen ein Name, ein Vorname, eine E-Mail-Adresse oder andere Kontakt- und Adressdaten sein. Es handelt sich um Daten, die Jumi \u00fcber Online-Formulare, E-Mails und Telefonate mitteilt, aber auch um Daten, die bei der Bestellung von Produkten oder Dienstleistungen mitgeteilt werden. Jumi verarbeitet diese Daten gem\u00e4\u00df der Europ\u00e4ischen Datenschutz-Grundverordnung (DSGVO).<\/p>\n\n<h2 class=\"wp-block-heading\">Wann verarbeiten wir personenbezogene Daten?<\/h2>\n\n<p>Unter Verarbeitung verstehen wir unter anderem das Sammeln, Ordnen, Speichern, Bearbeiten, Abfragen, Verwenden, Zusammenf\u00fchren, Abschirmen und L\u00f6schen dieser Daten.<\/p>\n\n<p>Wir verarbeiten personenbezogene Daten, wenn:<\/p>\n\n<ul class=\"wp-block-list\">\n<li>Eine Anfrage per E-Mail oder ein Online-Formular von einem Interessenten, Kunden oder (potenziellen) Lieferanten gestellt wird;<\/li>\n\n\n\n<li>Eine Bestellung per E-Mail oder ein Online-Formular erfolgt;<\/li>\n\n\n\n<li>Sich jemand per E-Mail oder ein Online-Formular f\u00fcr ein Praktikum oder eine Stelle bewirbt.<\/li>\n<\/ul>\n\n<p>Dar\u00fcber hinaus werden bei einem Besuch unserer Website auch Cookies verwendet, um Funktionen anzubieten, Benutzervorlieben zu speichern und statistische Daten zu verarbeiten, um das Nutzungserlebnis der Website zu verbessern. Nicht-essentielle Cookies werden nur nach aktiver Best\u00e4tigung (Opt-in) \u00fcber das Cookie-Banner platziert. Lesen Sie auch unsere Cookie-Richtlinie f\u00fcr weitere Informationen.<\/p>\n\n<h2 class=\"wp-block-heading\">Wof\u00fcr verwenden wir personenbezogene Daten?<\/h2>\n\n<p>Jumi verarbeitet personenbezogene Daten f\u00fcr verschiedene Zwecke. F\u00fcr die Verarbeitung von personenbezogenen Daten werden immer Zwecke und Aufbewahrungsfristen festgelegt. Sie werden von uns nicht l\u00e4nger verarbeitet als erforderlich, und auch nicht f\u00fcr andere Zwecke als die, f\u00fcr die sie bereitgestellt wurden. Die Zwecke k\u00f6nnen unter anderem die folgenden sein:<\/p>\n\n<ul class=\"wp-block-list\">\n<li>Beantwortung von Anfragen;<\/li>\n\n\n\n<li>Bearbeitung von Angebotsanfragen;<\/li>\n\n\n\n<li>Bearbeitung von Bestellungen;<\/li>\n\n\n\n<li>Durchf\u00fchrung von Lieferungen;<\/li>\n\n\n\n<li>Erf\u00fcllung von Vereinbarungen;<\/li>\n\n\n\n<li>Gesch\u00e4ftsverwaltung und Buchhaltung;<\/li>\n\n\n\n<li>Bereitstellung von Unterst\u00fctzung;<\/li>\n\n\n\n<li>Verbesserung der Dienstleistungen;<\/li>\n\n\n\n<li>Erkennung und Schutz vor betr\u00fcgerischen Aktivit\u00e4ten, Fehlern und\/oder Kriminalit\u00e4t;<\/li>\n\n\n\n<li>Kontaktaufnahme zu Werbezwecken.<\/li>\n<\/ul>\n\n<h2 class=\"wp-block-heading\">Wie lange werden personenbezogene Daten gespeichert?<\/h2>\n\n<p>Jumi speichert die gesammelten personenbezogenen Daten nicht l\u00e4nger als notwendig. Wenn f\u00fcr Verarbeitungen keine gesetzlich festgelegte Aufbewahrungsfrist festgelegt ist, werden wir selbst eine Sch\u00e4tzung der Zeitspanne vornehmen, innerhalb der wir die Daten vern\u00fcnftigerweise f\u00fcr den vorgesehenen Zweck ben\u00f6tigen. Nach Ablauf dieser Aufbewahrungsfrist werden die Daten anonymisiert oder gel\u00f6scht.<\/p>\n\n<p>Im Falle von Direktmarketing ist es jederzeit m\u00f6glich, sich von Marketingkommunikation abzumelden, indem Sie Kontakt mit uns aufnehmen.<\/p>\n\n<h2 class=\"wp-block-heading\">Mit wem teilen wir personenbezogene Daten?<\/h2>\n\n<p>Jumi kann personenbezogene Daten mit Auftragsverarbeitern teilen. Auftragsverarbeiter sind (Rechts-) Personen, Dienste oder Einrichtungen, die im Auftrag von Jumi personenbezogene Daten verarbeiten. Dazu geh\u00f6ren Logistikdienstleister, IT- und Softwarepartner sowie andere Gesch\u00e4ftsdienstleister wie Buchhalter und Kommunikationspartner. Dar\u00fcber hinaus ist es m\u00f6glich, dass wir personenbezogene Daten mit staatlichen Stellen teilen, um unseren administrativen und gesetzlichen Verpflichtungen nachzukommen.<\/p>\n\n<h2 class=\"wp-block-heading\">Wie sch\u00fctzen wir personenbezogene Daten?<\/h2>\n\n<p>Jumi hat angemessene technische und organisatorische Sicherheitsma\u00dfnahmen implementiert, um den Verlust, Diebstahl, unbefugten Zugriff, unbefugte Verbreitung oder \u00c4nderung der \u00fcbermittelten personenbezogenen Daten zu verhindern.<\/p>\n\n<p>Wir achten auf die physische und digitale Sicherheit von personenbezogenen Daten und den daf\u00fcr vorgesehenen Systemen. Jumi bem\u00fcht sich stets um angemessene Sicherheitsverfahren und technologische Sicherheitsma\u00dfnahmen.<\/p>\n\n<h2 class=\"wp-block-heading\">Welche Rechte hat die betroffene Person?<\/h2>\n\n<p>Die betroffene Person ist die Person, die ihre personenbezogenen Daten bereitstellt. Die DSGVO sieht verschiedene Rechte f\u00fcr betroffene Personen vor:<\/p>\n\n<ul class=\"wp-block-list\">\n<li>Recht auf Auskunft<\/li>\n\n\n\n<li>Recht auf Berichtigung<\/li>\n\n\n\n<li>Widerspruchsrecht<\/li>\n\n\n\n<li>Recht auf Einschr\u00e4nkung der Verarbeitung<\/li>\n\n\n\n<li>Recht auf L\u00f6schung<\/li>\n\n\n\n<li>Recht auf Widerruf der Einwilligung<\/li>\n<\/ul>\n\n<h2 class=\"wp-block-heading\">Was bei Fragen zu dieser Datenschutzrichtlinie?<\/h2>\n\n<p>Alle Fragen und Anfragen bez\u00fcglich der Rechte als betroffene Person k\u00f6nnen schriftlich an Jumi, z. Hd. Irca Philips, gerichtet werden. Dies erfolgt per E-Mail an info@jumi.be oder per Post an Jumi Plastics Belgium NV, Katteweidelaan 39, 3590 Diepenbeek. Dar\u00fcber hinaus ist es auch m\u00f6glich, sich an die Belgische Datenschutzbeh\u00f6rde, Drukpersstraat 35, 1000 Br\u00fcssel, <a href=\"tel:+3222744800\">+32 2 274 48 00<\/a>, zu wenden.<\/p>\n\n<p>Es ist m\u00f6glich, dass Jumi nicht alle Informationen l\u00f6schen oder anpassen kann, einschlie\u00dflich, aber nicht beschr\u00e4nkt auf Backups, Gesch\u00e4ftsverwaltung, die Aus\u00fcbung oder Verteidigung eines Anspruchs oder andere gesetzliche Rechte und Pflichten, die wir als Organisation haben k\u00f6nnen.<\/p>\n\n<p>Jumi bem\u00fcht sich, jede Anfrage unverz\u00fcglich und sp\u00e4testens innerhalb von 30 Tagen zu bearbeiten. Abh\u00e4ngig von der Komplexit\u00e4t der Anfragen und der Anzahl der Anfragen kann diese Frist bei Bedarf verl\u00e4ngert werden.<\/p>\n\n<p><em>Diese Seite wurde zuletzt am 24\/04\/2024 aktualisiert.<\/em><\/p>\n","protected":false},"excerpt":{"rendered":"<p>Warum diese Datenschutzrichtlinie? Die folgende Datenschutzrichtlinie erl\u00e4utert, wie wir personenbezogene Daten \u00fcber unsere Website sammeln und wof\u00fcr [&hellip;]<\/p>\n","protected":false},"author":1,"featured_media":0,"parent":0,"menu_order":0,"comment_status":"closed","ping_status":"open","template":"","meta":{"_uag_custom_page_level_css":"","site-sidebar-layout":"default","site-content-layout":"","ast-site-content-layout":"","site-content-style":"default","site-sidebar-style":"default","ast-global-header-display":"","ast-banner-title-visibility":"","ast-main-header-display":"","ast-hfb-above-header-display":"","ast-hfb-below-header-display":"","ast-hfb-mobile-header-display":"","site-post-title":"","ast-breadcrumbs-content":"","ast-featured-img":"","footer-sml-layout":"","theme-transparent-header-meta":"","adv-header-id-meta":"","stick-header-meta":"","header-above-stick-meta":"","header-main-stick-meta":"","header-below-stick-meta":"","astra-migrate-meta-layouts":"default","ast-page-background-enabled":"default","ast-page-background-meta":{"desktop":{"background-color":"var(--ast-global-color-4)","background-image":"","background-repeat":"repeat","background-position":"center center","background-size":"auto","background-attachment":"scroll","background-type":"","background-media":"","overlay-type":"","overlay-color":"","overlay-opacity":"","overlay-gradient":""},"tablet":{"background-color":"","background-image":"","background-repeat":"repeat","background-position":"center center","background-size":"auto","background-attachment":"scroll","background-type":"","background-media":"","overlay-type":"","overlay-color":"","overlay-opacity":"","overlay-gradient":""},"mobile":{"background-color":"","background-image":"","background-repeat":"repeat","background-position":"center center","background-size":"auto","background-attachment":"scroll","background-type":"","background-media":"","overlay-type":"","overlay-color":"","overlay-opacity":"","overlay-gradient":""}},"ast-content-background-meta":{"desktop":{"background-color":"var(--ast-global-color-5)","background-image":"","background-repeat":"repeat","background-position":"center center","background-size":"auto","background-attachment":"scroll","background-type":"","background-media":"","overlay-type":"","overlay-color":"","overlay-opacity":"","overlay-gradient":""},"tablet":{"background-color":"var(--ast-global-color-5)","background-image":"","background-repeat":"repeat","background-position":"center center","background-size":"auto","background-attachment":"scroll","background-type":"","background-media":"","overlay-type":"","overlay-color":"","overlay-opacity":"","overlay-gradient":""},"mobile":{"background-color":"var(--ast-global-color-5)","background-image":"","background-repeat":"repeat","background-position":"center center","background-size":"auto","background-attachment":"scroll","background-type":"","background-media":"","overlay-type":"","overlay-color":"","overlay-opacity":"","overlay-gradient":""}},"footnotes":""},"class_list":["post-896","page","type-page","status-publish","hentry"],"yoast_head":"<!-- This site is optimized with the Yoast SEO plugin v23.9 - https:\/\/yoast.com\/wordpress\/plugins\/seo\/ -->\n<title>Datenschutzrichtlinie - Jumi<\/title>\n<meta name=\"robots\" content=\"index, follow, max-snippet:-1, max-image-preview:large, max-video-preview:-1\" \/>\n<link rel=\"canonical\" href=\"https:\/\/jumi.be\/de\/datenschutzrichtlinie\" \/>\n<meta property=\"og:locale\" content=\"de_DE\" \/>\n<meta property=\"og:type\" content=\"article\" \/>\n<meta property=\"og:title\" content=\"Datenschutzrichtlinie - Jumi\" \/>\n<meta property=\"og:description\" content=\"Warum diese Datenschutzrichtlinie? Die folgende Datenschutzrichtlinie erl\u00e4utert, wie wir personenbezogene Daten \u00fcber unsere Website sammeln und wof\u00fcr [&hellip;]\" \/>\n<meta property=\"og:url\" content=\"https:\/\/jumi.be\/de\/datenschutzrichtlinie\" \/>\n<meta property=\"og:site_name\" content=\"Jumi\" \/>\n<meta property=\"article:modified_time\" content=\"2024-04-24T11:48:11+00:00\" \/>\n<meta name=\"twitter:card\" content=\"summary_large_image\" \/>\n<meta name=\"twitter:label1\" content=\"Gesch\u00e4tzte Lesezeit\" \/>\n\t<meta name=\"twitter:data1\" content=\"4\u00a0Minuten\" \/>\n<script type=\"application\/ld+json\" class=\"yoast-schema-graph\">{\"@context\":\"https:\/\/schema.org\",\"@graph\":[{\"@type\":\"WebPage\",\"@id\":\"https:\/\/jumi.be\/de\/datenschutzrichtlinie\",\"url\":\"https:\/\/jumi.be\/de\/datenschutzrichtlinie\",\"name\":\"Datenschutzrichtlinie - Jumi\",\"isPartOf\":{\"@id\":\"https:\/\/jumi.be\/de#website\"},\"datePublished\":\"2022-09-05T08:01:31+00:00\",\"dateModified\":\"2024-04-24T11:48:11+00:00\",\"breadcrumb\":{\"@id\":\"https:\/\/jumi.be\/de\/datenschutzrichtlinie#breadcrumb\"},\"inLanguage\":\"de\",\"potentialAction\":[{\"@type\":\"ReadAction\",\"target\":[\"https:\/\/jumi.be\/de\/datenschutzrichtlinie\"]}]},{\"@type\":\"BreadcrumbList\",\"@id\":\"https:\/\/jumi.be\/de\/datenschutzrichtlinie#breadcrumb\",\"itemListElement\":[{\"@type\":\"ListItem\",\"position\":1,\"name\":\"Home\",\"item\":\"https:\/\/jumi.be\/de\/home\"},{\"@type\":\"ListItem\",\"position\":2,\"name\":\"Datenschutzrichtlinie\"}]},{\"@type\":\"WebSite\",\"@id\":\"https:\/\/jumi.be\/de#website\",\"url\":\"https:\/\/jumi.be\/de\",\"name\":\"Jumi\",\"description\":\"En nog een WordPress website\",\"publisher\":{\"@id\":\"https:\/\/jumi.be\/de#organization\"},\"potentialAction\":[{\"@type\":\"SearchAction\",\"target\":{\"@type\":\"EntryPoint\",\"urlTemplate\":\"https:\/\/jumi.be\/de?s={search_term_string}\"},\"query-input\":{\"@type\":\"PropertyValueSpecification\",\"valueRequired\":true,\"valueName\":\"search_term_string\"}}],\"inLanguage\":\"de\"},{\"@type\":\"Organization\",\"@id\":\"https:\/\/jumi.be\/de#organization\",\"name\":\"Jumi\",\"url\":\"https:\/\/jumi.be\/de\",\"logo\":{\"@type\":\"ImageObject\",\"inLanguage\":\"de\",\"@id\":\"https:\/\/jumi.be\/de#\/schema\/logo\/image\/\",\"url\":\"https:\/\/jumi.be\/wp-content\/uploads\/2022\/09\/logo-plastics.png\",\"contentUrl\":\"https:\/\/jumi.be\/wp-content\/uploads\/2022\/09\/logo-plastics.png\",\"width\":1200,\"height\":317,\"caption\":\"Jumi\"},\"image\":{\"@id\":\"https:\/\/jumi.be\/de#\/schema\/logo\/image\/\"}}]}<\/script>\n<!-- \/ Yoast SEO plugin. -->","yoast_head_json":{"title":"Datenschutzrichtlinie - Jumi","robots":{"index":"index","follow":"follow","max-snippet":"max-snippet:-1","max-image-preview":"max-image-preview:large","max-video-preview":"max-video-preview:-1"},"canonical":"https:\/\/jumi.be\/de\/datenschutzrichtlinie","og_locale":"de_DE","og_type":"article","og_title":"Datenschutzrichtlinie - Jumi","og_description":"Warum diese Datenschutzrichtlinie? Die folgende Datenschutzrichtlinie erl\u00e4utert, wie wir personenbezogene Daten \u00fcber unsere Website sammeln und wof\u00fcr [&hellip;]","og_url":"https:\/\/jumi.be\/de\/datenschutzrichtlinie","og_site_name":"Jumi","article_modified_time":"2024-04-24T11:48:11+00:00","twitter_card":"summary_large_image","twitter_misc":{"Gesch\u00e4tzte Lesezeit":"4\u00a0Minuten"},"schema":{"@context":"https:\/\/schema.org","@graph":[{"@type":"WebPage","@id":"https:\/\/jumi.be\/de\/datenschutzrichtlinie","url":"https:\/\/jumi.be\/de\/datenschutzrichtlinie","name":"Datenschutzrichtlinie - Jumi","isPartOf":{"@id":"https:\/\/jumi.be\/de#website"},"datePublished":"2022-09-05T08:01:31+00:00","dateModified":"2024-04-24T11:48:11+00:00","breadcrumb":{"@id":"https:\/\/jumi.be\/de\/datenschutzrichtlinie#breadcrumb"},"inLanguage":"de","potentialAction":[{"@type":"ReadAction","target":["https:\/\/jumi.be\/de\/datenschutzrichtlinie"]}]},{"@type":"BreadcrumbList","@id":"https:\/\/jumi.be\/de\/datenschutzrichtlinie#breadcrumb","itemListElement":[{"@type":"ListItem","position":1,"name":"Home","item":"https:\/\/jumi.be\/de\/home"},{"@type":"ListItem","position":2,"name":"Datenschutzrichtlinie"}]},{"@type":"WebSite","@id":"https:\/\/jumi.be\/de#website","url":"https:\/\/jumi.be\/de","name":"Jumi","description":"En nog een WordPress website","publisher":{"@id":"https:\/\/jumi.be\/de#organization"},"potentialAction":[{"@type":"SearchAction","target":{"@type":"EntryPoint","urlTemplate":"https:\/\/jumi.be\/de?s={search_term_string}"},"query-input":{"@type":"PropertyValueSpecification","valueRequired":true,"valueName":"search_term_string"}}],"inLanguage":"de"},{"@type":"Organization","@id":"https:\/\/jumi.be\/de#organization","name":"Jumi","url":"https:\/\/jumi.be\/de","logo":{"@type":"ImageObject","inLanguage":"de","@id":"https:\/\/jumi.be\/de#\/schema\/logo\/image\/","url":"https:\/\/jumi.be\/wp-content\/uploads\/2022\/09\/logo-plastics.png","contentUrl":"https:\/\/jumi.be\/wp-content\/uploads\/2022\/09\/logo-plastics.png","width":1200,"height":317,"caption":"Jumi"},"image":{"@id":"https:\/\/jumi.be\/de#\/schema\/logo\/image\/"}}]}},"uagb_featured_image_src":{"full":false,"thumbnail":false,"medium":false,"medium_large":false,"large":false,"1536x1536":false,"2048x2048":false},"uagb_author_info":{"display_name":"Linkie","author_link":"https:\/\/jumi.be\/de\/author\/linkie"},"uagb_comment_info":0,"uagb_excerpt":"Warum diese Datenschutzrichtlinie? Die folgende Datenschutzrichtlinie erl\u00e4utert, wie wir personenbezogene Daten \u00fcber unsere Website sammeln und wof\u00fcr [&hellip;]","_links":{"self":[{"href":"https:\/\/jumi.be\/de\/wp-json\/wp\/v2\/pages\/896","targetHints":{"allow":["GET"]}}],"collection":[{"href":"https:\/\/jumi.be\/de\/wp-json\/wp\/v2\/pages"}],"about":[{"href":"https:\/\/jumi.be\/de\/wp-json\/wp\/v2\/types\/page"}],"author":[{"embeddable":true,"href":"https:\/\/jumi.be\/de\/wp-json\/wp\/v2\/users\/1"}],"replies":[{"embeddable":true,"href":"https:\/\/jumi.be\/de\/wp-json\/wp\/v2\/comments?post=896"}],"version-history":[{"count":5,"href":"https:\/\/jumi.be\/de\/wp-json\/wp\/v2\/pages\/896\/revisions"}],"predecessor-version":[{"id":915,"href":"https:\/\/jumi.be\/de\/wp-json\/wp\/v2\/pages\/896\/revisions\/915"}],"wp:attachment":[{"href":"https:\/\/jumi.be\/de\/wp-json\/wp\/v2\/media?parent=896"}],"curies":[{"name":"wp","href":"https:\/\/api.w.org\/{rel}","templated":true}]}}