{"id":892,"date":"2024-03-08T14:07:47","date_gmt":"2024-03-08T14:07:47","guid":{"rendered":"https:\/\/jumi.be\/cookie-richtlinie"},"modified":"2024-04-24T11:47:41","modified_gmt":"2024-04-24T11:47:41","slug":"cookie-richtlinie","status":"publish","type":"page","link":"https:\/\/jumi.be\/de\/cookie-richtlinie","title":{"rendered":"Cookie-Richtlinie"},"content":{"rendered":"\n<p>Die folgende Cookie-Richtlinie erl\u00e4utert, wie wir personenbezogene Daten \u00fcber Cookies sammeln und wof\u00fcr wir diese verwenden. Die Cookie-Richtlinie gilt f\u00fcr die Website https:\/\/jumi.be\/ und die damit verbundenen Domainnamen von Jumi mit Sitz in Jumi Plastics Belgium NV, Katteweidelaan 39, 3590 Diepenbeek und der Unternehmensnummer BE0412.540.109.<\/p>\n\n<h2 class=\"wp-block-heading\">Was sind Cookies?<\/h2>\n\n<p>Cookies sind kleine Textdateien, die f\u00fcr eine bestimmte Zeit auf Computersystemen oder mobilen Ger\u00e4ten platziert werden. Sie k\u00f6nnen unter anderem verwendet werden, um Website-Einstellungen zu speichern, die Website optimal zu betreiben und f\u00fcr Marketingzwecke.<\/p>\n\n<p>Cookies werden gem\u00e4\u00df der Allgemeinen Datenschutzverordnung vom 27. April 2016 (auch bekannt als &#8222;DSGVO&#8220;) und den daraus abgeleiteten Gesetzen angewendet. Fragen zu dieser Cookie-Richtlinie k\u00f6nnen telefonisch unter +32 (0)11 35 10 03 oder per E-Mail an info@jumi.be gestellt werden.<\/p>\n\n<h2 class=\"wp-block-heading\">Welche Arten von Cookies gibt es?<\/h2>\n\n<p>Es gibt einen Unterschied zwischen First-Party-Cookies und Third-Party-Cookies:<\/p>\n\n<ul class=\"wp-block-list\">\n<li><strong>First-Party-Cookies<\/strong> werden von der Website-Dom\u00e4ne verwendet. Beim Besuch unserer Websites sind First-Party-Cookies die Cookies innerhalb unserer Websites.<\/li>\n\n\n\n<li><strong>Third-Party-Cookies<\/strong> werden platziert, wenn eine Website Elemente einer externen Partei enth\u00e4lt. Denken Sie zum Beispiel an eingebettete Videos, Social-Media-Widgets, Anzeigen oder integrierte Software. Die externe Partei sendet dann von ihren eigenen Servern Cookies mit.<\/li>\n<\/ul>\n\n<p>Cookies haben in der Regel ein Ablaufdatum. Sie k\u00f6nnen automatisch gel\u00f6scht werden, wenn der Browser geschlossen wird (Session-Cookies), nachdem eine bestimmte Zeit abgelaufen ist (z. B. 1 Monat) oder durch manuelles Handeln (permanente Cookies).<\/p>\n\n<p>Dar\u00fcber hinaus unterscheiden wir vier Gruppen von Cookies:<\/p>\n\n<ul class=\"wp-block-list\">\n<li><strong>Essenzielle oder notwendige Cookies:<\/strong> Diese Cookies sind f\u00fcr das reibungslose Funktionieren der Website erforderlich. Dazu geh\u00f6ren Cookies, die eine Login-Funktionalit\u00e4t regeln oder den Bestellvorgang \u00fcber einen Warenkorb abwickeln.<\/li>\n\n\n\n<li><strong>Funktionale Cookies:<\/strong> Diese Cookies speichern die Pr\u00e4ferenzen von Website-Besuchern, um die Benutzerfreundlichkeit zu erh\u00f6hen. Dazu geh\u00f6ren zum Beispiel das Speichern von Sprach- oder L\u00e4ndereinstellungen.<\/li>\n\n\n\n<li><strong>Analytische Cookies:<\/strong> Diese Cookies erm\u00f6glichen die Analyse des Website-Verkehrs, um die Website zu verbessern und die Leistung zu messen.<\/li>\n\n\n\n<li><strong>Marketing-Cookies:<\/strong> Diese Cookies werden verwendet, um Benutzerprofile zu erstellen oder personalisierte Werbung anzuzeigen.<\/li>\n<\/ul>\n\n<h2 class=\"wp-block-heading\">Verwendung von Cookies<\/h2>\n\n<p>Jumi bem\u00fcht sich, durch die Verwendung von Cookies das Benutzererlebnis auf dieser Website zu verbessern, die Websites optimal zu betreiben und den vorhandenen Inhalt st\u00e4ndig zu verbessern.<\/p>\n\n<p>Wenn die Verwendung von Cookies abgelehnt oder eingeschr\u00e4nkt wird, kann die Funktionalit\u00e4t der Website eingeschr\u00e4nkt sein. Dar\u00fcber hinaus m\u00fcssen m\u00f6glicherweise Pr\u00e4ferenzen immer wieder neu eingestellt werden.<\/p>\n\n<h2 class=\"wp-block-heading\">Welche Cookies werden auf der Website von Jumi verwendet?<\/h2>\n\n<h3 class=\"wp-block-heading\">Funktionale Cookies:<\/h3>\n\n<figure class=\"wp-block-table\"><table><thead><tr><th><strong>Name<\/strong><\/th><th><strong>Host<\/strong><\/th><th><strong>Dauer<\/strong><\/th><th><strong>Typ<\/strong><\/th><th><strong>Beschreibung<\/strong><\/th><\/tr><\/thead><tbody><tr><td>wp-wpml_current_language<\/td><td>Jumi.be<\/td><td>Session<\/td><td>First-party<\/td><td>Dieses Cookie stellt die korrekte Sprache f\u00fcr den Benutzer ein.<\/td><\/tr><\/tbody><\/table><\/figure>\n<h3 class=\"wp-block-heading\">Essenzielle Cookies:<\/h3>\n\n<figure class=\"wp-block-table\"><table><thead><tr><th><strong>Name<\/strong><\/th><th><strong>Host<\/strong><\/th><th><strong>Dauer<\/strong><\/th><th><strong>Typ<\/strong><\/th><th><strong>Beschreibung<\/strong><\/th><\/tr><\/thead><tbody><tr><td>moove_gdpr_popup<\/td><td>jumi.be<\/td><td>1 jahr<\/td><td>First-party<\/td><td>Dieses Cookie speichert die Benutzereinstellungen in Bezug auf die Cookie-Zustimmung.<\/td><\/tr><\/tbody><\/table><\/figure>\n<h3 class=\"wp-block-heading\"><strong>Analytische Cookies:<\/strong><\/h3>\n\n<figure class=\"wp-block-table\"><table><thead><tr><th><strong>Name<\/strong><\/th><th><strong>Host<\/strong><\/th><th><strong>Dauer<\/strong><\/th><th><strong>Typ<\/strong><\/th><th><strong>Beschreibung<\/strong><\/th><\/tr><\/thead><tbody><tr><td>_ga<\/td><td>jumi.be<\/td><td>2 jahre<\/td><td>First-party<\/td><td>Dieses Cookie erm\u00f6glicht es dem Dienst, einen Besucher von einem anderen zu unterscheiden und dauert 2 Jahre.<\/td><\/tr><tr><td>_ga_SLH2ER4Z8R<\/td><td>jumi.be<\/td><td>2 jahre<\/td><td>First-party<\/td><td>Dieses Cookie erm\u00f6glicht es dem Dienst, einen Besucher von einem anderen zu unterscheiden und dauert 2 Jahre.<\/td><\/tr><\/tbody><\/table><\/figure>\n<p>Jumi bem\u00fcht sich nach besten Kr\u00e4ften, die vorhandenen Cookies zu \u00fcberwachen und diese Liste zu aktualisieren. Wenn andere Cookies auf dieser Website beobachtet werden, nehmen Sie bitte Kontakt auf, um weitere Informationen zu erhalten, oder kontaktieren Sie die Drittpartei, von der diese Cookies stammen.<\/p>\n\n<h2 class=\"wp-block-heading\">Einschr\u00e4nken oder Blockieren von Cookies<\/h2>\n\n<p>Es ist m\u00f6glich, Cookies (teilweise) \u00fcber die Browsereinstellungen zu deaktivieren oder zu l\u00f6schen. Je nach verwendetem Browser ist ein anderer Schritt erforderlich. Klicken Sie unten auf den Namen des Browsers, um die entsprechende Dokumentation zu lesen.<\/p>\n\n<ul class=\"wp-block-list\">\n<li><a href=\"https:\/\/support.google.com\/chrome\/answer\/95647?hl=nl\">Google Chrome<\/a><\/li>\n\n\n\n<li><a href=\"https:\/\/support.mozilla.org\/nl\/kb\/cookies-in-en-uitschakelen-websites-voorkeuren?redirectlocale=nl&amp;redirectslug=Cookies+in-+en+uitschakelen\">Mozilla Firefox<\/a><\/li>\n\n\n\n<li><a href=\"https:\/\/support.apple.com\/nl-be\/guide\/safari\/sfri11471\/mac\">Safari<\/a><\/li>\n\n\n\n<li><a href=\"https:\/\/support.microsoft.com\/nl-nl\/microsoft-edge\/cookies-verwijderen-in-microsoft-edge-63947406-40ac-c3b8-57b9-2a946a29ae09\">Microsoft Edge<\/a><\/li>\n\n\n\n<li>Bitte beachten Sie, dass bestimmte Seitenelemente m\u00f6glicherweise nicht mehr korrekt angezeigt werden, wenn Cookies deaktiviert sind. Jumi bem\u00fcht sich jedoch, die Nutzung der Website so reibungslos wie m\u00f6glich zu gestalten.<\/li>\n<\/ul>\n\n<p>Die Verwendung von unerl\u00e4sslichen und\/oder funktionalen Cookies kann nicht deaktiviert werden, wenn dies die ordnungsgem\u00e4\u00dfe Funktion der Website beeintr\u00e4chtigen w\u00fcrde. F\u00fcr diese Cookies ist keine Zustimmung (Opt-in) erforderlich.<\/p>\n\n<h2 class=\"wp-block-heading\">Fragen zum Cookie-Richtlinie?<\/h2>\n\n<p>Alle Fragen und Anfragen k\u00f6nnen schriftlich an Jumi gerichtet werden. Dies kann per E-Mail an info@jumi.be oder per Post an Jumi Plastics Belgium NV, Katteweidelaan 39, 3590 Diepenbeek erfolgen.<\/p>\n\n<p><em>Diese Seite wurde zuletzt am 24\/04\/2024 aktualisiert.<\/em><\/p>\n","protected":false},"excerpt":{"rendered":"<p>Die folgende Cookie-Richtlinie erl\u00e4utert, wie wir personenbezogene Daten \u00fcber Cookies sammeln und wof\u00fcr wir diese verwenden. Die [&hellip;]<\/p>\n","protected":false},"author":1,"featured_media":0,"parent":0,"menu_order":0,"comment_status":"closed","ping_status":"closed","template":"","meta":{"_uag_custom_page_level_css":"","site-sidebar-layout":"default","site-content-layout":"","ast-site-content-layout":"","site-content-style":"default","site-sidebar-style":"default","ast-global-header-display":"","ast-banner-title-visibility":"","ast-main-header-display":"","ast-hfb-above-header-display":"","ast-hfb-below-header-display":"","ast-hfb-mobile-header-display":"","site-post-title":"","ast-breadcrumbs-content":"","ast-featured-img":"","footer-sml-layout":"","theme-transparent-header-meta":"","adv-header-id-meta":"","stick-header-meta":"","header-above-stick-meta":"","header-main-stick-meta":"","header-below-stick-meta":"","astra-migrate-meta-layouts":"default","ast-page-background-enabled":"default","ast-page-background-meta":{"desktop":{"background-color":"var(--ast-global-color-4)","background-image":"","background-repeat":"repeat","background-position":"center center","background-size":"auto","background-attachment":"scroll","background-type":"","background-media":"","overlay-type":"","overlay-color":"","overlay-opacity":"","overlay-gradient":""},"tablet":{"background-color":"","background-image":"","background-repeat":"repeat","background-position":"center center","background-size":"auto","background-attachment":"scroll","background-type":"","background-media":"","overlay-type":"","overlay-color":"","overlay-opacity":"","overlay-gradient":""},"mobile":{"background-color":"","background-image":"","background-repeat":"repeat","background-position":"center center","background-size":"auto","background-attachment":"scroll","background-type":"","background-media":"","overlay-type":"","overlay-color":"","overlay-opacity":"","overlay-gradient":""}},"ast-content-background-meta":{"desktop":{"background-color":"var(--ast-global-color-5)","background-image":"","background-repeat":"repeat","background-position":"center center","background-size":"auto","background-attachment":"scroll","background-type":"","background-media":"","overlay-type":"","overlay-color":"","overlay-opacity":"","overlay-gradient":""},"tablet":{"background-color":"var(--ast-global-color-5)","background-image":"","background-repeat":"repeat","background-position":"center center","background-size":"auto","background-attachment":"scroll","background-type":"","background-media":"","overlay-type":"","overlay-color":"","overlay-opacity":"","overlay-gradient":""},"mobile":{"background-color":"var(--ast-global-color-5)","background-image":"","background-repeat":"repeat","background-position":"center center","background-size":"auto","background-attachment":"scroll","background-type":"","background-media":"","overlay-type":"","overlay-color":"","overlay-opacity":"","overlay-gradient":""}},"footnotes":""},"class_list":["post-892","page","type-page","status-publish","hentry"],"yoast_head":"<!-- This site is optimized with the Yoast SEO plugin v23.9 - https:\/\/yoast.com\/wordpress\/plugins\/seo\/ -->\n<title>Cookie-Richtlinie - Jumi<\/title>\n<meta name=\"robots\" content=\"index, follow, max-snippet:-1, max-image-preview:large, max-video-preview:-1\" \/>\n<link rel=\"canonical\" href=\"https:\/\/jumi.be\/de\/cookie-richtlinie\" \/>\n<meta property=\"og:locale\" content=\"de_DE\" \/>\n<meta property=\"og:type\" content=\"article\" \/>\n<meta property=\"og:title\" content=\"Cookie-Richtlinie - Jumi\" \/>\n<meta property=\"og:description\" content=\"Die folgende Cookie-Richtlinie erl\u00e4utert, wie wir personenbezogene Daten \u00fcber Cookies sammeln und wof\u00fcr wir diese verwenden. Die [&hellip;]\" \/>\n<meta property=\"og:url\" content=\"https:\/\/jumi.be\/de\/cookie-richtlinie\" \/>\n<meta property=\"og:site_name\" content=\"Jumi\" \/>\n<meta property=\"article:modified_time\" content=\"2024-04-24T11:47:41+00:00\" \/>\n<meta name=\"twitter:card\" content=\"summary_large_image\" \/>\n<meta name=\"twitter:label1\" content=\"Gesch\u00e4tzte Lesezeit\" \/>\n\t<meta name=\"twitter:data1\" content=\"3\u00a0Minuten\" \/>\n<script type=\"application\/ld+json\" class=\"yoast-schema-graph\">{\"@context\":\"https:\/\/schema.org\",\"@graph\":[{\"@type\":\"WebPage\",\"@id\":\"https:\/\/jumi.be\/de\/cookie-richtlinie\",\"url\":\"https:\/\/jumi.be\/de\/cookie-richtlinie\",\"name\":\"Cookie-Richtlinie - Jumi\",\"isPartOf\":{\"@id\":\"https:\/\/jumi.be\/de#website\"},\"datePublished\":\"2024-03-08T14:07:47+00:00\",\"dateModified\":\"2024-04-24T11:47:41+00:00\",\"breadcrumb\":{\"@id\":\"https:\/\/jumi.be\/de\/cookie-richtlinie#breadcrumb\"},\"inLanguage\":\"de\",\"potentialAction\":[{\"@type\":\"ReadAction\",\"target\":[\"https:\/\/jumi.be\/de\/cookie-richtlinie\"]}]},{\"@type\":\"BreadcrumbList\",\"@id\":\"https:\/\/jumi.be\/de\/cookie-richtlinie#breadcrumb\",\"itemListElement\":[{\"@type\":\"ListItem\",\"position\":1,\"name\":\"Home\",\"item\":\"https:\/\/jumi.be\/de\/home\"},{\"@type\":\"ListItem\",\"position\":2,\"name\":\"Cookie-Richtlinie\"}]},{\"@type\":\"WebSite\",\"@id\":\"https:\/\/jumi.be\/de#website\",\"url\":\"https:\/\/jumi.be\/de\",\"name\":\"Jumi\",\"description\":\"En nog een WordPress website\",\"publisher\":{\"@id\":\"https:\/\/jumi.be\/de#organization\"},\"potentialAction\":[{\"@type\":\"SearchAction\",\"target\":{\"@type\":\"EntryPoint\",\"urlTemplate\":\"https:\/\/jumi.be\/de?s={search_term_string}\"},\"query-input\":{\"@type\":\"PropertyValueSpecification\",\"valueRequired\":true,\"valueName\":\"search_term_string\"}}],\"inLanguage\":\"de\"},{\"@type\":\"Organization\",\"@id\":\"https:\/\/jumi.be\/de#organization\",\"name\":\"Jumi\",\"url\":\"https:\/\/jumi.be\/de\",\"logo\":{\"@type\":\"ImageObject\",\"inLanguage\":\"de\",\"@id\":\"https:\/\/jumi.be\/de#\/schema\/logo\/image\/\",\"url\":\"https:\/\/jumi.be\/wp-content\/uploads\/2022\/09\/logo-plastics.png\",\"contentUrl\":\"https:\/\/jumi.be\/wp-content\/uploads\/2022\/09\/logo-plastics.png\",\"width\":1200,\"height\":317,\"caption\":\"Jumi\"},\"image\":{\"@id\":\"https:\/\/jumi.be\/de#\/schema\/logo\/image\/\"}}]}<\/script>\n<!-- \/ Yoast SEO plugin. -->","yoast_head_json":{"title":"Cookie-Richtlinie - Jumi","robots":{"index":"index","follow":"follow","max-snippet":"max-snippet:-1","max-image-preview":"max-image-preview:large","max-video-preview":"max-video-preview:-1"},"canonical":"https:\/\/jumi.be\/de\/cookie-richtlinie","og_locale":"de_DE","og_type":"article","og_title":"Cookie-Richtlinie - Jumi","og_description":"Die folgende Cookie-Richtlinie erl\u00e4utert, wie wir personenbezogene Daten \u00fcber Cookies sammeln und wof\u00fcr wir diese verwenden. Die [&hellip;]","og_url":"https:\/\/jumi.be\/de\/cookie-richtlinie","og_site_name":"Jumi","article_modified_time":"2024-04-24T11:47:41+00:00","twitter_card":"summary_large_image","twitter_misc":{"Gesch\u00e4tzte Lesezeit":"3\u00a0Minuten"},"schema":{"@context":"https:\/\/schema.org","@graph":[{"@type":"WebPage","@id":"https:\/\/jumi.be\/de\/cookie-richtlinie","url":"https:\/\/jumi.be\/de\/cookie-richtlinie","name":"Cookie-Richtlinie - Jumi","isPartOf":{"@id":"https:\/\/jumi.be\/de#website"},"datePublished":"2024-03-08T14:07:47+00:00","dateModified":"2024-04-24T11:47:41+00:00","breadcrumb":{"@id":"https:\/\/jumi.be\/de\/cookie-richtlinie#breadcrumb"},"inLanguage":"de","potentialAction":[{"@type":"ReadAction","target":["https:\/\/jumi.be\/de\/cookie-richtlinie"]}]},{"@type":"BreadcrumbList","@id":"https:\/\/jumi.be\/de\/cookie-richtlinie#breadcrumb","itemListElement":[{"@type":"ListItem","position":1,"name":"Home","item":"https:\/\/jumi.be\/de\/home"},{"@type":"ListItem","position":2,"name":"Cookie-Richtlinie"}]},{"@type":"WebSite","@id":"https:\/\/jumi.be\/de#website","url":"https:\/\/jumi.be\/de","name":"Jumi","description":"En nog een WordPress website","publisher":{"@id":"https:\/\/jumi.be\/de#organization"},"potentialAction":[{"@type":"SearchAction","target":{"@type":"EntryPoint","urlTemplate":"https:\/\/jumi.be\/de?s={search_term_string}"},"query-input":{"@type":"PropertyValueSpecification","valueRequired":true,"valueName":"search_term_string"}}],"inLanguage":"de"},{"@type":"Organization","@id":"https:\/\/jumi.be\/de#organization","name":"Jumi","url":"https:\/\/jumi.be\/de","logo":{"@type":"ImageObject","inLanguage":"de","@id":"https:\/\/jumi.be\/de#\/schema\/logo\/image\/","url":"https:\/\/jumi.be\/wp-content\/uploads\/2022\/09\/logo-plastics.png","contentUrl":"https:\/\/jumi.be\/wp-content\/uploads\/2022\/09\/logo-plastics.png","width":1200,"height":317,"caption":"Jumi"},"image":{"@id":"https:\/\/jumi.be\/de#\/schema\/logo\/image\/"}}]}},"uagb_featured_image_src":{"full":false,"thumbnail":false,"medium":false,"medium_large":false,"large":false,"1536x1536":false,"2048x2048":false},"uagb_author_info":{"display_name":"Linkie","author_link":"https:\/\/jumi.be\/de\/author\/linkie"},"uagb_comment_info":0,"uagb_excerpt":"Die folgende Cookie-Richtlinie erl\u00e4utert, wie wir personenbezogene Daten \u00fcber Cookies sammeln und wof\u00fcr wir diese verwenden. Die [&hellip;]","_links":{"self":[{"href":"https:\/\/jumi.be\/de\/wp-json\/wp\/v2\/pages\/892","targetHints":{"allow":["GET"]}}],"collection":[{"href":"https:\/\/jumi.be\/de\/wp-json\/wp\/v2\/pages"}],"about":[{"href":"https:\/\/jumi.be\/de\/wp-json\/wp\/v2\/types\/page"}],"author":[{"embeddable":true,"href":"https:\/\/jumi.be\/de\/wp-json\/wp\/v2\/users\/1"}],"replies":[{"embeddable":true,"href":"https:\/\/jumi.be\/de\/wp-json\/wp\/v2\/comments?post=892"}],"version-history":[{"count":7,"href":"https:\/\/jumi.be\/de\/wp-json\/wp\/v2\/pages\/892\/revisions"}],"predecessor-version":[{"id":911,"href":"https:\/\/jumi.be\/de\/wp-json\/wp\/v2\/pages\/892\/revisions\/911"}],"wp:attachment":[{"href":"https:\/\/jumi.be\/de\/wp-json\/wp\/v2\/media?parent=892"}],"curies":[{"name":"wp","href":"https:\/\/api.w.org\/{rel}","templated":true}]}}