{"id":876,"date":"2022-09-05T12:53:29","date_gmt":"2022-09-05T12:53:29","guid":{"rendered":"https:\/\/jumi.be\/jumi-metals\/kontakt"},"modified":"2024-04-24T09:19:24","modified_gmt":"2024-04-24T09:19:24","slug":"kontakt","status":"publish","type":"page","link":"https:\/\/jumi.be\/de\/jumi-metals\/kontakt","title":{"rendered":"Kontakt"},"content":{"rendered":"\n<div class=\"wp-block-cover alignfull is-light hero\" style=\"min-height:400px;aspect-ratio:unset;\"><span aria-hidden=\"true\" class=\"wp-block-cover__background has-background-dim\"><\/span><img loading=\"lazy\" decoding=\"async\" width=\"1920\" height=\"1002\" src=\"https:\/\/jumi.be\/wp-content\/uploads\/2022\/09\/amag-front-1.jpeg\" class=\"wp-block-cover__image-background wp-post-image\" alt=\"\" data-object-fit=\"cover\" data-object-position=\"50% 50%\" style=\"object-position:50% 50%;\" srcset=\"https:\/\/jumi.be\/wp-content\/uploads\/2022\/09\/amag-front-1.jpeg 1920w, https:\/\/jumi.be\/wp-content\/uploads\/2022\/09\/amag-front-1-300x157.jpeg 300w, https:\/\/jumi.be\/wp-content\/uploads\/2022\/09\/amag-front-1-1024x534.jpeg 1024w, https:\/\/jumi.be\/wp-content\/uploads\/2022\/09\/amag-front-1-768x401.jpeg 768w, https:\/\/jumi.be\/wp-content\/uploads\/2022\/09\/amag-front-1-1536x802.jpeg 1536w\" sizes=\"auto, (max-width: 1920px) 100vw, 1920px\" \/><div class=\"wp-block-cover__inner-container is-layout-flow wp-block-cover-is-layout-flow\">\n<h1 class=\"wp-block-heading has-text-align-center\">Nehmen Sie Kontakt auf mit Jumi Metals<a href=\"https:\/\/www.jumi.be\/contact#\"><\/a><\/h1>\n\n\n\n<p class=\"has-text-align-center\" style=\"font-size:18px\"><a href=\"https:\/\/www.jumi.be\/matrijzen#\"><\/a><\/p>\n\n\n\n<p class=\"has-text-align-center\" style=\"font-size:18px\"><a href=\"https:\/\/www.jumi.be\/spuitgieten#\"><\/a><\/p>\n\n\n<div class=\"yoast-breadcrumbs\"><span><span><a href=\"https:\/\/jumi.be\/de\/home\">Home<\/a><\/span> &raquo; <span><a href=\"https:\/\/jumi.be\/de\/jumi-metals\">Jumi metals<\/a><\/span> &raquo; <span class=\"breadcrumb_last\" aria-current=\"page\">Kontakt<\/span><\/span><\/div><\/div><\/div>\n\n<div class=\"wp-block-columns row-margin-top is-layout-flex wp-container-core-columns-is-layout-1 wp-block-columns-is-layout-flex\">\n<div class=\"wp-block-column is-layout-flow wp-block-column-is-layout-flow\">\n<h5 class=\"wp-block-heading has-text-align-center location\">Jumi Metals Belgium NV<br\/><a href=\"https:\/\/goo.gl\/maps\/ZG6e6riUdsPpFNFt8\" target=\"_blank\" rel=\"noreferrer noopener\">Muggenbergstraat 8<br\/>3590 Diepenbeek<\/a><br\/>BTW BE0412.540.109<\/h5>\n<\/div>\n\n\n\n<div class=\"wp-block-column is-layout-flow wp-block-column-is-layout-flow\">\n<h5 class=\"wp-block-heading has-text-align-center phone-ico\">Tel:<a href=\"tel:+3211333887\">+32 (0)11 33 38 87<\/a><\/h5>\n<\/div>\n\n\n\n<div class=\"wp-block-column is-layout-flow wp-block-column-is-layout-flow\">\n<h5 class=\"wp-block-heading has-text-align-center mail-ico\"><a href=\"mailto:info@jumi.be\">info@jumi-m.be<\/a><\/h5>\n<\/div>\n<\/div>\n\n<p class=\"has-text-align-center\">Nehmen Sie Kontakt auf mit Jumi Metals, Ihrem Limburger Partner f\u00fcr Metall- und Kunststoffbearbeitung. Unser Team hilft Ihnen gern mit n\u00e4heren Informationen oder einem ma\u00dfgeschneiderten Angebot f\u00fcr Ihr Projekt.<\/p>\n\n<div class=\"wp-block-contact-form-7-contact-form-selector row-margin-bottom\">\n<div class=\"wpcf7 no-js\" id=\"wpcf7-f981-o1\" lang=\"de-DE\" dir=\"ltr\" data-wpcf7-id=\"981\">\n<div class=\"screen-reader-response\"><p role=\"status\" aria-live=\"polite\" aria-atomic=\"true\"><\/p> <ul><\/ul><\/div>\n<form action=\"\/de\/wp-json\/wp\/v2\/pages\/876#wpcf7-f981-o1\" method=\"post\" class=\"wpcf7-form init\" aria-label=\"Kontaktformular\" novalidate=\"novalidate\" data-status=\"init\">\n<div style=\"display: none;\">\n<input type=\"hidden\" name=\"_wpcf7\" value=\"981\" \/>\n<input type=\"hidden\" name=\"_wpcf7_version\" value=\"6.0.1\" \/>\n<input type=\"hidden\" name=\"_wpcf7_locale\" value=\"de_DE\" \/>\n<input type=\"hidden\" name=\"_wpcf7_unit_tag\" value=\"wpcf7-f981-o1\" \/>\n<input type=\"hidden\" name=\"_wpcf7_container_post\" value=\"0\" \/>\n<input type=\"hidden\" name=\"_wpcf7_posted_data_hash\" value=\"\" \/>\n<input type=\"hidden\" name=\"_wpcf7_recaptcha_response\" value=\"\" \/>\n<\/div>\n<p><span class=\"wpcf7-form-control-wrap\" data-name=\"your-name\"><input size=\"40\" maxlength=\"400\" class=\"wpcf7-form-control wpcf7-text wpcf7-validates-as-required\" aria-required=\"true\" aria-invalid=\"false\" placeholder=\"Name\" value=\"\" type=\"text\" name=\"your-name\" \/><\/span><span class=\"wpcf7-form-control-wrap\" data-name=\"your-email\"><input size=\"40\" maxlength=\"400\" class=\"wpcf7-form-control wpcf7-email wpcf7-validates-as-required wpcf7-text wpcf7-validates-as-email\" aria-required=\"true\" aria-invalid=\"false\" placeholder=\"E-mail\" value=\"\" type=\"email\" name=\"your-email\" \/><\/span><span class=\"wpcf7-form-control-wrap\" data-name=\"telephone\"><input size=\"40\" maxlength=\"400\" class=\"wpcf7-form-control wpcf7-tel wpcf7-text wpcf7-validates-as-tel\" aria-invalid=\"false\" placeholder=\"Telefonnummer\" value=\"\" type=\"tel\" name=\"telephone\" \/><\/span><span class=\"wpcf7-form-control-wrap\" data-name=\"your-message\"><textarea cols=\"40\" rows=\"10\" maxlength=\"2000\" class=\"wpcf7-form-control wpcf7-textarea\" aria-invalid=\"false\" placeholder=\"Ihre Nachricht\" name=\"your-message\"><\/textarea><\/span><span class=\"wpcf7-form-control-wrap\" data-name=\"acceptance\"><span class=\"wpcf7-form-control wpcf7-acceptance\"><span class=\"wpcf7-list-item\"><label><input type=\"checkbox\" name=\"acceptance\" value=\"1\" aria-invalid=\"false\" \/><span class=\"wpcf7-list-item-label\">Ich stimme der <a href=\"\/privacybeleid\">Datenschutzrichtlinie<\/a> von Jumi Plastics NV zu.<\/span><\/label><\/span><\/span><\/span><input class=\"wpcf7-form-control wpcf7-submit has-spinner\" type=\"submit\" value=\"Verstuur\" \/>\n<\/p><div class=\"wpcf7-response-output\" aria-hidden=\"true\"><\/div>\n<\/form>\n<\/div>\n<\/div>\n","protected":false},"excerpt":{"rendered":"<p>Jumi Metals Belgium NVMuggenbergstraat 83590 DiepenbeekBTW BE0412.540.109 Tel:+32 (0)11 33 38 87 info@jumi-m.be Nehmen Sie Kontakt auf [&hellip;]<\/p>\n","protected":false},"author":1,"featured_media":877,"parent":869,"menu_order":0,"comment_status":"closed","ping_status":"closed","template":"","meta":{"_uag_custom_page_level_css":"","site-sidebar-layout":"default","site-content-layout":"","ast-site-content-layout":"","site-content-style":"default","site-sidebar-style":"default","ast-global-header-display":"","ast-banner-title-visibility":"","ast-main-header-display":"","ast-hfb-above-header-display":"","ast-hfb-below-header-display":"","ast-hfb-mobile-header-display":"","site-post-title":"","ast-breadcrumbs-content":"","ast-featured-img":"disabled","footer-sml-layout":"","theme-transparent-header-meta":"","adv-header-id-meta":"","stick-header-meta":"","header-above-stick-meta":"","header-main-stick-meta":"","header-below-stick-meta":"","astra-migrate-meta-layouts":"default","ast-page-background-enabled":"default","ast-page-background-meta":{"desktop":{"background-color":"var(--ast-global-color-4)","background-image":"","background-repeat":"repeat","background-position":"center center","background-size":"auto","background-attachment":"scroll","background-type":"","background-media":"","overlay-type":"","overlay-color":"","overlay-opacity":"","overlay-gradient":""},"tablet":{"background-color":"","background-image":"","background-repeat":"repeat","background-position":"center center","background-size":"auto","background-attachment":"scroll","background-type":"","background-media":"","overlay-type":"","overlay-color":"","overlay-opacity":"","overlay-gradient":""},"mobile":{"background-color":"","background-image":"","background-repeat":"repeat","background-position":"center center","background-size":"auto","background-attachment":"scroll","background-type":"","background-media":"","overlay-type":"","overlay-color":"","overlay-opacity":"","overlay-gradient":""}},"ast-content-background-meta":{"desktop":{"background-color":"var(--ast-global-color-5)","background-image":"","background-repeat":"repeat","background-position":"center center","background-size":"auto","background-attachment":"scroll","background-type":"","background-media":"","overlay-type":"","overlay-color":"","overlay-opacity":"","overlay-gradient":""},"tablet":{"background-color":"var(--ast-global-color-5)","background-image":"","background-repeat":"repeat","background-position":"center center","background-size":"auto","background-attachment":"scroll","background-type":"","background-media":"","overlay-type":"","overlay-color":"","overlay-opacity":"","overlay-gradient":""},"mobile":{"background-color":"var(--ast-global-color-5)","background-image":"","background-repeat":"repeat","background-position":"center center","background-size":"auto","background-attachment":"scroll","background-type":"","background-media":"","overlay-type":"","overlay-color":"","overlay-opacity":"","overlay-gradient":""}},"footnotes":""},"class_list":["post-876","page","type-page","status-publish","has-post-thumbnail","hentry"],"yoast_head":"<!-- This site is optimized with the Yoast SEO plugin v23.9 - https:\/\/yoast.com\/wordpress\/plugins\/seo\/ -->\n<title>Kontakt zu Ihrem Spezialisten f\u00fcr Metallbearbeitung in Limburg | Jumi Metals<\/title>\n<meta name=\"description\" content=\"Fragen zu Metallbearbeitung oder 3D-Fr\u00e4sen? N\u00e4here Infos oder ein Angebot erhalten Sie bei Jumi Metals, Ihrem Limburger Partner.\" \/>\n<meta name=\"robots\" content=\"index, follow, max-snippet:-1, max-image-preview:large, max-video-preview:-1\" \/>\n<link rel=\"canonical\" href=\"https:\/\/jumi.be\/de\/jumi-metals\/kontakt\" \/>\n<meta property=\"og:locale\" content=\"de_DE\" \/>\n<meta property=\"og:type\" content=\"article\" \/>\n<meta property=\"og:title\" content=\"Kontakt zu Ihrem Spezialisten f\u00fcr Metallbearbeitung in Limburg | Jumi Metals\" \/>\n<meta property=\"og:description\" content=\"Fragen zu Metallbearbeitung oder 3D-Fr\u00e4sen? N\u00e4here Infos oder ein Angebot erhalten Sie bei Jumi Metals, Ihrem Limburger Partner.\" \/>\n<meta property=\"og:url\" content=\"https:\/\/jumi.be\/de\/jumi-metals\/kontakt\" \/>\n<meta property=\"og:site_name\" content=\"Jumi\" \/>\n<meta property=\"article:modified_time\" content=\"2024-04-24T09:19:24+00:00\" \/>\n<meta property=\"og:image\" content=\"https:\/\/jumi.be\/wp-content\/uploads\/2022\/09\/amag-front-1.jpeg\" \/>\n\t<meta property=\"og:image:width\" content=\"1920\" \/>\n\t<meta property=\"og:image:height\" content=\"1002\" \/>\n\t<meta property=\"og:image:type\" content=\"image\/jpeg\" \/>\n<meta name=\"twitter:card\" content=\"summary_large_image\" \/>\n<script type=\"application\/ld+json\" class=\"yoast-schema-graph\">{\"@context\":\"https:\/\/schema.org\",\"@graph\":[{\"@type\":\"WebPage\",\"@id\":\"https:\/\/jumi.be\/de\/jumi-metals\/kontakt\",\"url\":\"https:\/\/jumi.be\/de\/jumi-metals\/kontakt\",\"name\":\"Kontakt zu Ihrem Spezialisten f\u00fcr Metallbearbeitung in Limburg | Jumi Metals\",\"isPartOf\":{\"@id\":\"https:\/\/jumi.be\/de#website\"},\"primaryImageOfPage\":{\"@id\":\"https:\/\/jumi.be\/de\/jumi-metals\/kontakt#primaryimage\"},\"image\":{\"@id\":\"https:\/\/jumi.be\/de\/jumi-metals\/kontakt#primaryimage\"},\"thumbnailUrl\":\"https:\/\/jumi.be\/wp-content\/uploads\/2022\/09\/amag-front-1.jpeg\",\"datePublished\":\"2022-09-05T12:53:29+00:00\",\"dateModified\":\"2024-04-24T09:19:24+00:00\",\"description\":\"Fragen zu Metallbearbeitung oder 3D-Fr\u00e4sen? N\u00e4here Infos oder ein Angebot erhalten Sie bei Jumi Metals, Ihrem Limburger Partner.\",\"breadcrumb\":{\"@id\":\"https:\/\/jumi.be\/de\/jumi-metals\/kontakt#breadcrumb\"},\"inLanguage\":\"de\",\"potentialAction\":[{\"@type\":\"ReadAction\",\"target\":[\"https:\/\/jumi.be\/de\/jumi-metals\/kontakt\"]}]},{\"@type\":\"ImageObject\",\"inLanguage\":\"de\",\"@id\":\"https:\/\/jumi.be\/de\/jumi-metals\/kontakt#primaryimage\",\"url\":\"https:\/\/jumi.be\/wp-content\/uploads\/2022\/09\/amag-front-1.jpeg\",\"contentUrl\":\"https:\/\/jumi.be\/wp-content\/uploads\/2022\/09\/amag-front-1.jpeg\",\"width\":1920,\"height\":1002},{\"@type\":\"BreadcrumbList\",\"@id\":\"https:\/\/jumi.be\/de\/jumi-metals\/kontakt#breadcrumb\",\"itemListElement\":[{\"@type\":\"ListItem\",\"position\":1,\"name\":\"Home\",\"item\":\"https:\/\/jumi.be\/de\/home\"},{\"@type\":\"ListItem\",\"position\":2,\"name\":\"Jumi metals\",\"item\":\"https:\/\/jumi.be\/de\/jumi-metals\"},{\"@type\":\"ListItem\",\"position\":3,\"name\":\"Kontakt\"}]},{\"@type\":\"WebSite\",\"@id\":\"https:\/\/jumi.be\/de#website\",\"url\":\"https:\/\/jumi.be\/de\",\"name\":\"Jumi\",\"description\":\"En nog een WordPress website\",\"publisher\":{\"@id\":\"https:\/\/jumi.be\/de#organization\"},\"potentialAction\":[{\"@type\":\"SearchAction\",\"target\":{\"@type\":\"EntryPoint\",\"urlTemplate\":\"https:\/\/jumi.be\/de?s={search_term_string}\"},\"query-input\":{\"@type\":\"PropertyValueSpecification\",\"valueRequired\":true,\"valueName\":\"search_term_string\"}}],\"inLanguage\":\"de\"},{\"@type\":\"Organization\",\"@id\":\"https:\/\/jumi.be\/de#organization\",\"name\":\"Jumi\",\"url\":\"https:\/\/jumi.be\/de\",\"logo\":{\"@type\":\"ImageObject\",\"inLanguage\":\"de\",\"@id\":\"https:\/\/jumi.be\/de#\/schema\/logo\/image\/\",\"url\":\"https:\/\/jumi.be\/wp-content\/uploads\/2022\/09\/logo-plastics.png\",\"contentUrl\":\"https:\/\/jumi.be\/wp-content\/uploads\/2022\/09\/logo-plastics.png\",\"width\":1200,\"height\":317,\"caption\":\"Jumi\"},\"image\":{\"@id\":\"https:\/\/jumi.be\/de#\/schema\/logo\/image\/\"}}]}<\/script>\n<!-- \/ Yoast SEO plugin. -->","yoast_head_json":{"title":"Kontakt zu Ihrem Spezialisten f\u00fcr Metallbearbeitung in Limburg | Jumi Metals","description":"Fragen zu Metallbearbeitung oder 3D-Fr\u00e4sen? N\u00e4here Infos oder ein Angebot erhalten Sie bei Jumi Metals, Ihrem Limburger Partner.","robots":{"index":"index","follow":"follow","max-snippet":"max-snippet:-1","max-image-preview":"max-image-preview:large","max-video-preview":"max-video-preview:-1"},"canonical":"https:\/\/jumi.be\/de\/jumi-metals\/kontakt","og_locale":"de_DE","og_type":"article","og_title":"Kontakt zu Ihrem Spezialisten f\u00fcr Metallbearbeitung in Limburg | Jumi Metals","og_description":"Fragen zu Metallbearbeitung oder 3D-Fr\u00e4sen? N\u00e4here Infos oder ein Angebot erhalten Sie bei Jumi Metals, Ihrem Limburger Partner.","og_url":"https:\/\/jumi.be\/de\/jumi-metals\/kontakt","og_site_name":"Jumi","article_modified_time":"2024-04-24T09:19:24+00:00","og_image":[{"width":1920,"height":1002,"url":"https:\/\/jumi.be\/wp-content\/uploads\/2022\/09\/amag-front-1.jpeg","type":"image\/jpeg"}],"twitter_card":"summary_large_image","schema":{"@context":"https:\/\/schema.org","@graph":[{"@type":"WebPage","@id":"https:\/\/jumi.be\/de\/jumi-metals\/kontakt","url":"https:\/\/jumi.be\/de\/jumi-metals\/kontakt","name":"Kontakt zu Ihrem Spezialisten f\u00fcr Metallbearbeitung in Limburg | Jumi Metals","isPartOf":{"@id":"https:\/\/jumi.be\/de#website"},"primaryImageOfPage":{"@id":"https:\/\/jumi.be\/de\/jumi-metals\/kontakt#primaryimage"},"image":{"@id":"https:\/\/jumi.be\/de\/jumi-metals\/kontakt#primaryimage"},"thumbnailUrl":"https:\/\/jumi.be\/wp-content\/uploads\/2022\/09\/amag-front-1.jpeg","datePublished":"2022-09-05T12:53:29+00:00","dateModified":"2024-04-24T09:19:24+00:00","description":"Fragen zu Metallbearbeitung oder 3D-Fr\u00e4sen? N\u00e4here Infos oder ein Angebot erhalten Sie bei Jumi Metals, Ihrem Limburger Partner.","breadcrumb":{"@id":"https:\/\/jumi.be\/de\/jumi-metals\/kontakt#breadcrumb"},"inLanguage":"de","potentialAction":[{"@type":"ReadAction","target":["https:\/\/jumi.be\/de\/jumi-metals\/kontakt"]}]},{"@type":"ImageObject","inLanguage":"de","@id":"https:\/\/jumi.be\/de\/jumi-metals\/kontakt#primaryimage","url":"https:\/\/jumi.be\/wp-content\/uploads\/2022\/09\/amag-front-1.jpeg","contentUrl":"https:\/\/jumi.be\/wp-content\/uploads\/2022\/09\/amag-front-1.jpeg","width":1920,"height":1002},{"@type":"BreadcrumbList","@id":"https:\/\/jumi.be\/de\/jumi-metals\/kontakt#breadcrumb","itemListElement":[{"@type":"ListItem","position":1,"name":"Home","item":"https:\/\/jumi.be\/de\/home"},{"@type":"ListItem","position":2,"name":"Jumi metals","item":"https:\/\/jumi.be\/de\/jumi-metals"},{"@type":"ListItem","position":3,"name":"Kontakt"}]},{"@type":"WebSite","@id":"https:\/\/jumi.be\/de#website","url":"https:\/\/jumi.be\/de","name":"Jumi","description":"En nog een WordPress website","publisher":{"@id":"https:\/\/jumi.be\/de#organization"},"potentialAction":[{"@type":"SearchAction","target":{"@type":"EntryPoint","urlTemplate":"https:\/\/jumi.be\/de?s={search_term_string}"},"query-input":{"@type":"PropertyValueSpecification","valueRequired":true,"valueName":"search_term_string"}}],"inLanguage":"de"},{"@type":"Organization","@id":"https:\/\/jumi.be\/de#organization","name":"Jumi","url":"https:\/\/jumi.be\/de","logo":{"@type":"ImageObject","inLanguage":"de","@id":"https:\/\/jumi.be\/de#\/schema\/logo\/image\/","url":"https:\/\/jumi.be\/wp-content\/uploads\/2022\/09\/logo-plastics.png","contentUrl":"https:\/\/jumi.be\/wp-content\/uploads\/2022\/09\/logo-plastics.png","width":1200,"height":317,"caption":"Jumi"},"image":{"@id":"https:\/\/jumi.be\/de#\/schema\/logo\/image\/"}}]}},"uagb_featured_image_src":{"full":["https:\/\/jumi.be\/wp-content\/uploads\/2022\/09\/amag-front-1.jpeg",1920,1002,false],"thumbnail":["https:\/\/jumi.be\/wp-content\/uploads\/2022\/09\/amag-front-1-150x150.jpeg",150,150,true],"medium":["https:\/\/jumi.be\/wp-content\/uploads\/2022\/09\/amag-front-1-300x157.jpeg",300,157,true],"medium_large":["https:\/\/jumi.be\/wp-content\/uploads\/2022\/09\/amag-front-1-768x401.jpeg",768,401,true],"large":["https:\/\/jumi.be\/wp-content\/uploads\/2022\/09\/amag-front-1-1024x534.jpeg",1024,534,true],"1536x1536":["https:\/\/jumi.be\/wp-content\/uploads\/2022\/09\/amag-front-1-1536x802.jpeg",1536,802,true],"2048x2048":["https:\/\/jumi.be\/wp-content\/uploads\/2022\/09\/amag-front-1.jpeg",1920,1002,false]},"uagb_author_info":{"display_name":"Linkie","author_link":"https:\/\/jumi.be\/de\/author\/linkie"},"uagb_comment_info":0,"uagb_excerpt":"Jumi Metals Belgium NVMuggenbergstraat 83590 DiepenbeekBTW BE0412.540.109 Tel:+32 (0)11 33 38 87 info@jumi-m.be Nehmen Sie Kontakt auf [&hellip;]","_links":{"self":[{"href":"https:\/\/jumi.be\/de\/wp-json\/wp\/v2\/pages\/876","targetHints":{"allow":["GET"]}}],"collection":[{"href":"https:\/\/jumi.be\/de\/wp-json\/wp\/v2\/pages"}],"about":[{"href":"https:\/\/jumi.be\/de\/wp-json\/wp\/v2\/types\/page"}],"author":[{"embeddable":true,"href":"https:\/\/jumi.be\/de\/wp-json\/wp\/v2\/users\/1"}],"replies":[{"embeddable":true,"href":"https:\/\/jumi.be\/de\/wp-json\/wp\/v2\/comments?post=876"}],"version-history":[{"count":1,"href":"https:\/\/jumi.be\/de\/wp-json\/wp\/v2\/pages\/876\/revisions"}],"predecessor-version":[{"id":878,"href":"https:\/\/jumi.be\/de\/wp-json\/wp\/v2\/pages\/876\/revisions\/878"}],"up":[{"embeddable":true,"href":"https:\/\/jumi.be\/de\/wp-json\/wp\/v2\/pages\/869"}],"wp:featuredmedia":[{"embeddable":true,"href":"https:\/\/jumi.be\/de\/wp-json\/wp\/v2\/media\/877"}],"wp:attachment":[{"href":"https:\/\/jumi.be\/de\/wp-json\/wp\/v2\/media?parent=876"}],"curies":[{"name":"wp","href":"https:\/\/api.w.org\/{rel}","templated":true}]}}