{"id":874,"date":"2022-09-05T12:53:09","date_gmt":"2022-09-05T12:53:09","guid":{"rendered":"https:\/\/jumi.be\/jumi-metals\/ueber-uns"},"modified":"2024-04-24T09:17:53","modified_gmt":"2024-04-24T09:17:53","slug":"ueber-uns","status":"publish","type":"page","link":"https:\/\/jumi.be\/de\/jumi-metals\/ueber-uns","title":{"rendered":"\u00dcber uns"},"content":{"rendered":"\n<div class=\"wp-block-cover alignfull is-light hero\" style=\"min-height:400px;aspect-ratio:unset;\"><span aria-hidden=\"true\" class=\"wp-block-cover__background has-background-dim\" style=\"background-color:#8da6b7\"><\/span><img loading=\"lazy\" decoding=\"async\" width=\"2500\" height=\"1673\" src=\"https:\/\/jumi.be\/wp-content\/uploads\/2022\/09\/over_jumi_plastics.jpg\" class=\"wp-block-cover__image-background wp-post-image\" alt=\"\" data-object-fit=\"cover\" data-object-position=\"50% 50%\" style=\"object-position:50% 50%;\" srcset=\"https:\/\/jumi.be\/wp-content\/uploads\/2022\/09\/over_jumi_plastics.jpg 2500w, https:\/\/jumi.be\/wp-content\/uploads\/2022\/09\/over_jumi_plastics-300x201.jpg 300w, https:\/\/jumi.be\/wp-content\/uploads\/2022\/09\/over_jumi_plastics-1024x685.jpg 1024w, https:\/\/jumi.be\/wp-content\/uploads\/2022\/09\/over_jumi_plastics-768x514.jpg 768w, https:\/\/jumi.be\/wp-content\/uploads\/2022\/09\/over_jumi_plastics-1536x1028.jpg 1536w, https:\/\/jumi.be\/wp-content\/uploads\/2022\/09\/over_jumi_plastics-2048x1371.jpg 2048w\" sizes=\"auto, (max-width: 2500px) 100vw, 2500px\" \/><div class=\"wp-block-cover__inner-container is-layout-flow wp-block-cover-is-layout-flow\">\n<h1 class=\"wp-block-heading has-text-align-center\">\u00dcber uns<\/h1>\n\n\n\n<p class=\"has-text-align-center\" style=\"font-size:18px\">D\u00fcrfen wir vorstellen: Ihr idealer Partner f\u00fcr das Spritzgie\u00dfen<a href=\"https:\/\/www.jumi.be\/overJumi#\"><\/a><\/p>\n\n\n\n<p class=\"has-text-align-center\" style=\"font-size:18px\"><a href=\"https:\/\/www.jumi.be\/matrijzen#\"><\/a><\/p>\n\n\n\n<p class=\"has-text-align-center\" style=\"font-size:18px\"><a href=\"https:\/\/www.jumi.be\/spuitgieten#\"><\/a><\/p>\n\n\n<div class=\"yoast-breadcrumbs\"><span><span><a href=\"https:\/\/jumi.be\/de\/home\">Home<\/a><\/span> &raquo; <span><a href=\"https:\/\/jumi.be\/de\/jumi-metals\">Jumi metals<\/a><\/span> &raquo; <span class=\"breadcrumb_last\" aria-current=\"page\">\u00dcber uns<\/span><\/span><\/div><\/div><\/div>\n\n<div class=\"wp-block-columns bg-light-gray is-layout-flex wp-container-core-columns-is-layout-1 wp-block-columns-is-layout-flex\">\n<div class=\"wp-block-column is-layout-flow wp-block-column-is-layout-flow\">\n<h6 class=\"wp-block-heading has-text-align-center\">Jumi Plastics ist ein innovatives Unternehmen, spezialisiert auf die Produktion f\u00fcr Sektoren wie Automobilindustrie, Maschinenbau und Telekommunikation.<\/h6>\n\n\n\n<h2 class=\"wp-block-heading has-text-align-center\">Anf\u00e4nge<\/h2>\n\n\n\n<p class=\"has-text-align-center\">Jumi Plastics ist seit seiner Gr\u00fcndung 1972 auf Spritzgie\u00dfen spezialisiert. Au\u00dferdem treiben wir als Unternehmen seit Jahren Innovationen in der Welt des Kunststoff-Spritzgie\u00dfens voran und setzen auf konstante Weiterentwicklung. Jumi Plastics produziert f\u00fcr Marktsegmente wie Telekommunikation, Automobilindustrie und Maschinenkomponenten.<\/p>\n<\/div>\n<\/div>\n\n<div class=\"wp-block-columns alignwide  info-cols row-margin is-layout-flex wp-container-core-columns-is-layout-2 wp-block-columns-is-layout-flex\">\n<div class=\"wp-block-column is-layout-flow wp-block-column-is-layout-flow\">\n<figure class=\"wp-block-image size-large\"><img loading=\"lazy\" decoding=\"async\" width=\"1024\" height=\"685\" src=\"https:\/\/jumi.be\/wp-content\/uploads\/2022\/09\/over_jumi_plastics-1024x685.jpg\" alt=\"\" class=\"wp-image-184\" srcset=\"https:\/\/jumi.be\/wp-content\/uploads\/2022\/09\/over_jumi_plastics-1024x685.jpg 1024w, https:\/\/jumi.be\/wp-content\/uploads\/2022\/09\/over_jumi_plastics-300x201.jpg 300w, https:\/\/jumi.be\/wp-content\/uploads\/2022\/09\/over_jumi_plastics-768x514.jpg 768w, https:\/\/jumi.be\/wp-content\/uploads\/2022\/09\/over_jumi_plastics-1536x1028.jpg 1536w, https:\/\/jumi.be\/wp-content\/uploads\/2022\/09\/over_jumi_plastics-2048x1371.jpg 2048w\" sizes=\"auto, (max-width: 1024px) 100vw, 1024px\" \/><\/figure><\/div>\n\n\n\n<div class=\"wp-block-column is-layout-flow wp-block-column-is-layout-flow\">\n<h6 class=\"wp-block-heading\">Zeitreise<\/h6>\n\n\n\n<h2 class=\"wp-block-heading\">Kurzer \u00dcberblick<\/h2>\n\n\n\n<ul class=\"wp-block-list\">\n<li>1980 folgte mit der Gr\u00fcndung von AMAG, heute Jumi Metals, die Trennung der Spritzgie\u00df- von der Montageabteilung.<\/li>\n\n\n\n<li>2000 wurden neue Lagerfl\u00e4chen angelegt und unser Maschinenpark wurde um schwere Pressen erg\u00e4nzt.<\/li>\n\n\n\n<li>2013 folgte eine erneute Erweiterung der Lagerfl\u00e4chen.<\/li>\n\n\n\n<li>2015, nach dem Tod von Hugo Philips, \u00fcbernahmen die zweite und dritte Generation das Unternehmen.<\/li>\n\n\n\n<li>2016 wurde in einen neuen Rohstofftransport und in Trocken\u00f6fen investiert.<\/li>\n\n\n\n<li>2017 wurden neue Spritzgie\u00dfmaschinen angeschafft.<\/li>\n<\/ul>\n\n\n\n<div class=\"wp-block-buttons is-layout-flex wp-block-buttons-is-layout-flex\">\n<div class=\"wp-block-button\"><a class=\"wp-block-button__link wp-element-button\" href=\"https:\/\/jumi.be\/de\/jumi-plastics\/kontakt\">Haben Sie eine Frage an Ihren Partner in Sachen Spritzgie\u00dfen?<br\/>Nehmen Sie Kontakt mit uns auf!<\/a><\/div>\n<\/div>\n<\/div>\n<\/div>\n\n<div class=\"wp-block-columns info-cols dark is-layout-flex wp-container-core-columns-is-layout-3 wp-block-columns-is-layout-flex\">\n<div class=\"wp-block-column is-layout-flow wp-block-column-is-layout-flow\">\n<figure class=\"wp-block-image size-large\"><img loading=\"lazy\" decoding=\"async\" width=\"1024\" height=\"683\" src=\"https:\/\/jumi.be\/wp-content\/uploads\/2022\/09\/cnc-machine-1-1024x683.jpeg\" alt=\"\" class=\"wp-image-271\" srcset=\"https:\/\/jumi.be\/wp-content\/uploads\/2022\/09\/cnc-machine-1-1024x683.jpeg 1024w, https:\/\/jumi.be\/wp-content\/uploads\/2022\/09\/cnc-machine-1-300x200.jpeg 300w, https:\/\/jumi.be\/wp-content\/uploads\/2022\/09\/cnc-machine-1-768x512.jpeg 768w, https:\/\/jumi.be\/wp-content\/uploads\/2022\/09\/cnc-machine-1-1536x1024.jpeg 1536w, https:\/\/jumi.be\/wp-content\/uploads\/2022\/09\/cnc-machine-1.jpeg 1920w\" sizes=\"auto, (max-width: 1024px) 100vw, 1024px\" \/><\/figure><\/div>\n\n\n\n<div class=\"wp-block-column mini-grid is-layout-flow wp-block-column-is-layout-flow\">\n<h6 class=\"wp-block-heading\">Jumi Plastics ist ein Unternehmen, in dem sozialvertr\u00e4gliches Unternehmertum mehr als ein Slogan ist<\/h6>\n\n\n\n<h2 class=\"wp-block-heading\">Wir engagieren uns Tag f\u00fcr Tag mit vollem Einsatz:<\/h2>\n\n\n\n<div class=\"inherit-container-width wp-block-group is-layout-constrained wp-block-group-is-layout-constrained\">\n<h5 class=\"wp-block-heading\">Ziele f\u00fcr nachhaltige Entwicklung<\/h5>\n\n\n\n<p>Jumi Plastics setzt auf nachhaltige Entwicklung und engagiert sich daher f\u00fcr Initiativen und Entscheidungen, die notwendig sind, um unsere Gesellschaft und unseren Planeten auf nachhaltigen Kurs zu bringen.<\/p>\n<\/div>\n\n\n\n<div class=\"inherit-container-width wp-block-group is-layout-constrained wp-block-group-is-layout-constrained\">\n<h5 class=\"wp-block-heading\">Sicherheit &amp; Gesundheit<\/h5>\n\n\n\n<p>Jumi Plastics unternimmt verst\u00e4rkte Bem\u00fchungen zur F\u00f6rderung des Wohlbefindens bei der Arbeit. So wird den Mitarbeitern ein sicherer und gesunder Arbeitsplatz zur Verf\u00fcgung gestellt, damit sie jederzeit qualitative Produkte abliefern k\u00f6nnen.<\/p>\n<\/div>\n\n\n\n<div class=\"inherit-container-width wp-block-group is-layout-constrained wp-block-group-is-layout-constrained\">\n<h5 class=\"wp-block-heading\">Entwicklung der Arbeitnehmer<\/h5>\n\n\n\n<p>Die Entwicklung der Kompetenzen von Arbeitnehmern ist f\u00fcr Jumi Plastics besonders wichtig. Weiterbildung und ein Auge f\u00fcr neue Trends stellen einen Mehrwert f\u00fcr unser Unternehmen dar und sorgen f\u00fcr informierte und engagierte Arbeitnehmer.<\/p>\n<\/div>\n\n\n\n<div class=\"inherit-container-width wp-block-group is-layout-constrained wp-block-group-is-layout-constrained\">\n<h5 class=\"wp-block-heading\">Nachhaltigen Materialverbrauch<\/h5>\n\n\n\n<p>Materialien bilden das R\u00fcckgrat unserer Wirtschaft, haben aber oft nachteilige Auswirkungen auf die Umwelt. Jumi Plastics setzt sich daher f\u00fcr einen nachhaltigen Materialverbrauch ein, um damit die Auswirkungen unserer Produkte zu verringern.<\/p>\n<\/div>\n\n\n\n<div class=\"inherit-container-width wp-block-group is-layout-constrained wp-block-group-is-layout-constrained\">\n<h5 class=\"wp-block-heading\">Kundenzufriedenheit<\/h5>\n\n\n\n<p>Jumi Plastics legt gr\u00f6\u00dften Wert auf langlebige Kundenbeziehungen. So pflegen wir eine Kundenpolitik, die stets alle W\u00fcnsche des Kunden ber\u00fccksichtigt, und Sie k\u00f6nnen sich jederzeit auf pers\u00f6nliche Betreuung und pers\u00f6nlichen Service verlassen.<\/p>\n<\/div>\n<\/div>\n<\/div>\n\n<div class=\"wp-block-columns alignwide are-vertically-aligned-center cta-row is-layout-flex wp-container-core-columns-is-layout-4 wp-block-columns-is-layout-flex\">\n<div class=\"wp-block-column is-vertically-aligned-center is-layout-flow wp-block-column-is-layout-flow\" style=\"flex-basis:100%\">\n<h2 class=\"wp-block-heading\">Sie haben eine Frage zum technischen Spritzgie\u00dfen?<br\/><\/h2>\n<\/div>\n\n\n\n<div class=\"wp-block-column is-vertically-aligned-center is-layout-flow wp-block-column-is-layout-flow\" style=\"flex-basis:281px\">\n<div class=\"wp-block-buttons is-content-justification-right is-layout-flex wp-container-core-buttons-is-layout-2 wp-block-buttons-is-layout-flex\">\n<div class=\"wp-block-button is-style-outline is-style-outline--1\"><a class=\"wp-block-button__link\" href=\"https:\/\/jumi.be\/de\/jumi-metals\/kontakt\">Kontaktier uns<\/a><\/div>\n<\/div>\n<\/div>\n<\/div>\n","protected":false},"excerpt":{"rendered":"<p>Jumi Plastics ist ein innovatives Unternehmen, spezialisiert auf die Produktion f\u00fcr Sektoren wie Automobilindustrie, Maschinenbau und Telekommunikation. [&hellip;]<\/p>\n","protected":false},"author":1,"featured_media":860,"parent":869,"menu_order":0,"comment_status":"closed","ping_status":"closed","template":"","meta":{"_uag_custom_page_level_css":"","site-sidebar-layout":"default","site-content-layout":"","ast-site-content-layout":"default","site-content-style":"default","site-sidebar-style":"default","ast-global-header-display":"","ast-banner-title-visibility":"","ast-main-header-display":"","ast-hfb-above-header-display":"","ast-hfb-below-header-display":"","ast-hfb-mobile-header-display":"","site-post-title":"","ast-breadcrumbs-content":"","ast-featured-img":"disabled","footer-sml-layout":"","theme-transparent-header-meta":"","adv-header-id-meta":"","stick-header-meta":"","header-above-stick-meta":"","header-main-stick-meta":"","header-below-stick-meta":"","astra-migrate-meta-layouts":"default","ast-page-background-enabled":"default","ast-page-background-meta":{"desktop":{"background-color":"var(--ast-global-color-4)","background-image":"","background-repeat":"repeat","background-position":"center center","background-size":"auto","background-attachment":"scroll","background-type":"","background-media":"","overlay-type":"","overlay-color":"","overlay-opacity":"","overlay-gradient":""},"tablet":{"background-color":"","background-image":"","background-repeat":"repeat","background-position":"center center","background-size":"auto","background-attachment":"scroll","background-type":"","background-media":"","overlay-type":"","overlay-color":"","overlay-opacity":"","overlay-gradient":""},"mobile":{"background-color":"","background-image":"","background-repeat":"repeat","background-position":"center center","background-size":"auto","background-attachment":"scroll","background-type":"","background-media":"","overlay-type":"","overlay-color":"","overlay-opacity":"","overlay-gradient":""}},"ast-content-background-meta":{"desktop":{"background-color":"var(--ast-global-color-5)","background-image":"","background-repeat":"repeat","background-position":"center center","background-size":"auto","background-attachment":"scroll","background-type":"","background-media":"","overlay-type":"","overlay-color":"","overlay-opacity":"","overlay-gradient":""},"tablet":{"background-color":"var(--ast-global-color-5)","background-image":"","background-repeat":"repeat","background-position":"center center","background-size":"auto","background-attachment":"scroll","background-type":"","background-media":"","overlay-type":"","overlay-color":"","overlay-opacity":"","overlay-gradient":""},"mobile":{"background-color":"var(--ast-global-color-5)","background-image":"","background-repeat":"repeat","background-position":"center center","background-size":"auto","background-attachment":"scroll","background-type":"","background-media":"","overlay-type":"","overlay-color":"","overlay-opacity":"","overlay-gradient":""}},"footnotes":""},"class_list":["post-874","page","type-page","status-publish","has-post-thumbnail","hentry"],"yoast_head":"<!-- This site is optimized with the Yoast SEO plugin v23.9 - https:\/\/yoast.com\/wordpress\/plugins\/seo\/ -->\n<title>Ihr Spezialist in Kunststoff- und Metallbearbeitung &amp; 3D-Fr\u00e4sen<\/title>\n<meta name=\"robots\" content=\"index, follow, max-snippet:-1, max-image-preview:large, max-video-preview:-1\" \/>\n<link rel=\"canonical\" href=\"https:\/\/jumi.be\/de\/jumi-metals\/ueber-uns\" \/>\n<meta property=\"og:locale\" content=\"de_DE\" \/>\n<meta property=\"og:type\" content=\"article\" \/>\n<meta property=\"og:title\" content=\"Ihr Spezialist in Kunststoff- und Metallbearbeitung &amp; 3D-Fr\u00e4sen\" \/>\n<meta property=\"og:description\" content=\"Jumi Plastics ist ein innovatives Unternehmen, spezialisiert auf die Produktion f\u00fcr Sektoren wie Automobilindustrie, Maschinenbau und Telekommunikation. [&hellip;]\" \/>\n<meta property=\"og:url\" content=\"https:\/\/jumi.be\/de\/jumi-metals\/ueber-uns\" \/>\n<meta property=\"og:site_name\" content=\"Jumi\" \/>\n<meta property=\"article:modified_time\" content=\"2024-04-24T09:17:53+00:00\" \/>\n<meta property=\"og:image\" content=\"https:\/\/jumi.be\/wp-content\/uploads\/2022\/09\/over_jumi_plastics.jpg\" \/>\n\t<meta property=\"og:image:width\" content=\"2500\" \/>\n\t<meta property=\"og:image:height\" content=\"1673\" \/>\n\t<meta property=\"og:image:type\" content=\"image\/jpeg\" \/>\n<meta name=\"twitter:card\" content=\"summary_large_image\" \/>\n<meta name=\"twitter:label1\" content=\"Gesch\u00e4tzte Lesezeit\" \/>\n\t<meta name=\"twitter:data1\" content=\"2\u00a0Minuten\" \/>\n<script type=\"application\/ld+json\" class=\"yoast-schema-graph\">{\"@context\":\"https:\/\/schema.org\",\"@graph\":[{\"@type\":\"WebPage\",\"@id\":\"https:\/\/jumi.be\/de\/jumi-metals\/ueber-uns\",\"url\":\"https:\/\/jumi.be\/de\/jumi-metals\/ueber-uns\",\"name\":\"Ihr Spezialist in Kunststoff- und Metallbearbeitung & 3D-Fr\u00e4sen\",\"isPartOf\":{\"@id\":\"https:\/\/jumi.be\/de#website\"},\"primaryImageOfPage\":{\"@id\":\"https:\/\/jumi.be\/de\/jumi-metals\/ueber-uns#primaryimage\"},\"image\":{\"@id\":\"https:\/\/jumi.be\/de\/jumi-metals\/ueber-uns#primaryimage\"},\"thumbnailUrl\":\"https:\/\/jumi.be\/wp-content\/uploads\/2022\/09\/over_jumi_plastics.jpg\",\"datePublished\":\"2022-09-05T12:53:09+00:00\",\"dateModified\":\"2024-04-24T09:17:53+00:00\",\"breadcrumb\":{\"@id\":\"https:\/\/jumi.be\/de\/jumi-metals\/ueber-uns#breadcrumb\"},\"inLanguage\":\"de\",\"potentialAction\":[{\"@type\":\"ReadAction\",\"target\":[\"https:\/\/jumi.be\/de\/jumi-metals\/ueber-uns\"]}]},{\"@type\":\"ImageObject\",\"inLanguage\":\"de\",\"@id\":\"https:\/\/jumi.be\/de\/jumi-metals\/ueber-uns#primaryimage\",\"url\":\"https:\/\/jumi.be\/wp-content\/uploads\/2022\/09\/over_jumi_plastics.jpg\",\"contentUrl\":\"https:\/\/jumi.be\/wp-content\/uploads\/2022\/09\/over_jumi_plastics.jpg\",\"width\":2500,\"height\":1673},{\"@type\":\"BreadcrumbList\",\"@id\":\"https:\/\/jumi.be\/de\/jumi-metals\/ueber-uns#breadcrumb\",\"itemListElement\":[{\"@type\":\"ListItem\",\"position\":1,\"name\":\"Home\",\"item\":\"https:\/\/jumi.be\/de\/home\"},{\"@type\":\"ListItem\",\"position\":2,\"name\":\"Jumi metals\",\"item\":\"https:\/\/jumi.be\/de\/jumi-metals\"},{\"@type\":\"ListItem\",\"position\":3,\"name\":\"\u00dcber uns\"}]},{\"@type\":\"WebSite\",\"@id\":\"https:\/\/jumi.be\/de#website\",\"url\":\"https:\/\/jumi.be\/de\",\"name\":\"Jumi\",\"description\":\"En nog een WordPress website\",\"publisher\":{\"@id\":\"https:\/\/jumi.be\/de#organization\"},\"potentialAction\":[{\"@type\":\"SearchAction\",\"target\":{\"@type\":\"EntryPoint\",\"urlTemplate\":\"https:\/\/jumi.be\/de?s={search_term_string}\"},\"query-input\":{\"@type\":\"PropertyValueSpecification\",\"valueRequired\":true,\"valueName\":\"search_term_string\"}}],\"inLanguage\":\"de\"},{\"@type\":\"Organization\",\"@id\":\"https:\/\/jumi.be\/de#organization\",\"name\":\"Jumi\",\"url\":\"https:\/\/jumi.be\/de\",\"logo\":{\"@type\":\"ImageObject\",\"inLanguage\":\"de\",\"@id\":\"https:\/\/jumi.be\/de#\/schema\/logo\/image\/\",\"url\":\"https:\/\/jumi.be\/wp-content\/uploads\/2022\/09\/logo-plastics.png\",\"contentUrl\":\"https:\/\/jumi.be\/wp-content\/uploads\/2022\/09\/logo-plastics.png\",\"width\":1200,\"height\":317,\"caption\":\"Jumi\"},\"image\":{\"@id\":\"https:\/\/jumi.be\/de#\/schema\/logo\/image\/\"}}]}<\/script>\n<!-- \/ Yoast SEO plugin. -->","yoast_head_json":{"title":"Ihr Spezialist in Kunststoff- und Metallbearbeitung & 3D-Fr\u00e4sen","robots":{"index":"index","follow":"follow","max-snippet":"max-snippet:-1","max-image-preview":"max-image-preview:large","max-video-preview":"max-video-preview:-1"},"canonical":"https:\/\/jumi.be\/de\/jumi-metals\/ueber-uns","og_locale":"de_DE","og_type":"article","og_title":"Ihr Spezialist in Kunststoff- und Metallbearbeitung & 3D-Fr\u00e4sen","og_description":"Jumi Plastics ist ein innovatives Unternehmen, spezialisiert auf die Produktion f\u00fcr Sektoren wie Automobilindustrie, Maschinenbau und Telekommunikation. [&hellip;]","og_url":"https:\/\/jumi.be\/de\/jumi-metals\/ueber-uns","og_site_name":"Jumi","article_modified_time":"2024-04-24T09:17:53+00:00","og_image":[{"width":2500,"height":1673,"url":"https:\/\/jumi.be\/wp-content\/uploads\/2022\/09\/over_jumi_plastics.jpg","type":"image\/jpeg"}],"twitter_card":"summary_large_image","twitter_misc":{"Gesch\u00e4tzte Lesezeit":"2\u00a0Minuten"},"schema":{"@context":"https:\/\/schema.org","@graph":[{"@type":"WebPage","@id":"https:\/\/jumi.be\/de\/jumi-metals\/ueber-uns","url":"https:\/\/jumi.be\/de\/jumi-metals\/ueber-uns","name":"Ihr Spezialist in Kunststoff- und Metallbearbeitung & 3D-Fr\u00e4sen","isPartOf":{"@id":"https:\/\/jumi.be\/de#website"},"primaryImageOfPage":{"@id":"https:\/\/jumi.be\/de\/jumi-metals\/ueber-uns#primaryimage"},"image":{"@id":"https:\/\/jumi.be\/de\/jumi-metals\/ueber-uns#primaryimage"},"thumbnailUrl":"https:\/\/jumi.be\/wp-content\/uploads\/2022\/09\/over_jumi_plastics.jpg","datePublished":"2022-09-05T12:53:09+00:00","dateModified":"2024-04-24T09:17:53+00:00","breadcrumb":{"@id":"https:\/\/jumi.be\/de\/jumi-metals\/ueber-uns#breadcrumb"},"inLanguage":"de","potentialAction":[{"@type":"ReadAction","target":["https:\/\/jumi.be\/de\/jumi-metals\/ueber-uns"]}]},{"@type":"ImageObject","inLanguage":"de","@id":"https:\/\/jumi.be\/de\/jumi-metals\/ueber-uns#primaryimage","url":"https:\/\/jumi.be\/wp-content\/uploads\/2022\/09\/over_jumi_plastics.jpg","contentUrl":"https:\/\/jumi.be\/wp-content\/uploads\/2022\/09\/over_jumi_plastics.jpg","width":2500,"height":1673},{"@type":"BreadcrumbList","@id":"https:\/\/jumi.be\/de\/jumi-metals\/ueber-uns#breadcrumb","itemListElement":[{"@type":"ListItem","position":1,"name":"Home","item":"https:\/\/jumi.be\/de\/home"},{"@type":"ListItem","position":2,"name":"Jumi metals","item":"https:\/\/jumi.be\/de\/jumi-metals"},{"@type":"ListItem","position":3,"name":"\u00dcber uns"}]},{"@type":"WebSite","@id":"https:\/\/jumi.be\/de#website","url":"https:\/\/jumi.be\/de","name":"Jumi","description":"En nog een WordPress website","publisher":{"@id":"https:\/\/jumi.be\/de#organization"},"potentialAction":[{"@type":"SearchAction","target":{"@type":"EntryPoint","urlTemplate":"https:\/\/jumi.be\/de?s={search_term_string}"},"query-input":{"@type":"PropertyValueSpecification","valueRequired":true,"valueName":"search_term_string"}}],"inLanguage":"de"},{"@type":"Organization","@id":"https:\/\/jumi.be\/de#organization","name":"Jumi","url":"https:\/\/jumi.be\/de","logo":{"@type":"ImageObject","inLanguage":"de","@id":"https:\/\/jumi.be\/de#\/schema\/logo\/image\/","url":"https:\/\/jumi.be\/wp-content\/uploads\/2022\/09\/logo-plastics.png","contentUrl":"https:\/\/jumi.be\/wp-content\/uploads\/2022\/09\/logo-plastics.png","width":1200,"height":317,"caption":"Jumi"},"image":{"@id":"https:\/\/jumi.be\/de#\/schema\/logo\/image\/"}}]}},"uagb_featured_image_src":{"full":["https:\/\/jumi.be\/wp-content\/uploads\/2022\/09\/over_jumi_plastics.jpg",2500,1673,false],"thumbnail":["https:\/\/jumi.be\/wp-content\/uploads\/2022\/09\/over_jumi_plastics-150x150.jpg",150,150,true],"medium":["https:\/\/jumi.be\/wp-content\/uploads\/2022\/09\/over_jumi_plastics-300x201.jpg",300,201,true],"medium_large":["https:\/\/jumi.be\/wp-content\/uploads\/2022\/09\/over_jumi_plastics-768x514.jpg",768,514,true],"large":["https:\/\/jumi.be\/wp-content\/uploads\/2022\/09\/over_jumi_plastics-1024x685.jpg",1024,685,true],"1536x1536":["https:\/\/jumi.be\/wp-content\/uploads\/2022\/09\/over_jumi_plastics-1536x1028.jpg",1536,1028,true],"2048x2048":["https:\/\/jumi.be\/wp-content\/uploads\/2022\/09\/over_jumi_plastics-2048x1371.jpg",2048,1371,true]},"uagb_author_info":{"display_name":"Linkie","author_link":"https:\/\/jumi.be\/de\/author\/linkie"},"uagb_comment_info":0,"uagb_excerpt":"Jumi Plastics ist ein innovatives Unternehmen, spezialisiert auf die Produktion f\u00fcr Sektoren wie Automobilindustrie, Maschinenbau und Telekommunikation. [&hellip;]","_links":{"self":[{"href":"https:\/\/jumi.be\/de\/wp-json\/wp\/v2\/pages\/874","targetHints":{"allow":["GET"]}}],"collection":[{"href":"https:\/\/jumi.be\/de\/wp-json\/wp\/v2\/pages"}],"about":[{"href":"https:\/\/jumi.be\/de\/wp-json\/wp\/v2\/types\/page"}],"author":[{"embeddable":true,"href":"https:\/\/jumi.be\/de\/wp-json\/wp\/v2\/users\/1"}],"replies":[{"embeddable":true,"href":"https:\/\/jumi.be\/de\/wp-json\/wp\/v2\/comments?post=874"}],"version-history":[{"count":1,"href":"https:\/\/jumi.be\/de\/wp-json\/wp\/v2\/pages\/874\/revisions"}],"predecessor-version":[{"id":875,"href":"https:\/\/jumi.be\/de\/wp-json\/wp\/v2\/pages\/874\/revisions\/875"}],"up":[{"embeddable":true,"href":"https:\/\/jumi.be\/de\/wp-json\/wp\/v2\/pages\/869"}],"wp:featuredmedia":[{"embeddable":true,"href":"https:\/\/jumi.be\/de\/wp-json\/wp\/v2\/media\/860"}],"wp:attachment":[{"href":"https:\/\/jumi.be\/de\/wp-json\/wp\/v2\/media?parent=874"}],"curies":[{"name":"wp","href":"https:\/\/api.w.org\/{rel}","templated":true}]}}