{"id":856,"date":"2022-09-05T12:44:30","date_gmt":"2022-09-05T12:44:30","guid":{"rendered":"https:\/\/jumi.be\/jumi-plastics\/matrizen"},"modified":"2024-04-24T14:37:25","modified_gmt":"2024-04-24T14:37:25","slug":"matrizen","status":"publish","type":"page","link":"https:\/\/jumi.be\/de\/jumi-plastics\/matrizen","title":{"rendered":"Matrizen"},"content":{"rendered":"\n<div class=\"wp-block-cover alignfull hero\" style=\"min-height:400px;aspect-ratio:unset;\"><span aria-hidden=\"true\" class=\"wp-block-cover__background has-background-dim\"><\/span><img loading=\"lazy\" decoding=\"async\" width=\"2500\" height=\"1667\" src=\"https:\/\/jumi.be\/wp-content\/uploads\/2022\/09\/matrijs_spuitgieten.jpg\" class=\"wp-block-cover__image-background wp-post-image\" alt=\"\" data-object-fit=\"cover\" data-object-position=\"50% 50%\" style=\"object-position:50% 50%;\" srcset=\"https:\/\/jumi.be\/wp-content\/uploads\/2022\/09\/matrijs_spuitgieten.jpg 2500w, https:\/\/jumi.be\/wp-content\/uploads\/2022\/09\/matrijs_spuitgieten-300x200.jpg 300w, https:\/\/jumi.be\/wp-content\/uploads\/2022\/09\/matrijs_spuitgieten-1024x683.jpg 1024w, https:\/\/jumi.be\/wp-content\/uploads\/2022\/09\/matrijs_spuitgieten-768x512.jpg 768w, https:\/\/jumi.be\/wp-content\/uploads\/2022\/09\/matrijs_spuitgieten-1536x1024.jpg 1536w, https:\/\/jumi.be\/wp-content\/uploads\/2022\/09\/matrijs_spuitgieten-2048x1366.jpg 2048w\" sizes=\"auto, (max-width: 2500px) 100vw, 2500px\" \/><div class=\"wp-block-cover__inner-container is-layout-flow wp-block-cover-is-layout-flow\">\n<h1 class=\"has-text-align-center wp-block-heading\">Matrizen f\u00fcr das Kunststoff-Spritzgie\u00dfen<\/h1>\n\n\n\n<p class=\"has-text-align-center\" style=\"font-size:18px\">Produktionsprozess von Jumi Plastics<a href=\"https:\/\/www.jumi.be\/matrijzen#\"><\/a><\/p>\n\n\n\n<p class=\"has-text-align-center\" style=\"font-size:18px\"><a href=\"https:\/\/www.jumi.be\/spuitgieten#\"><\/a><\/p>\n\n\n<div class=\"yoast-breadcrumbs\"><span><span><a href=\"https:\/\/jumi.be\/de\/home\">Home<\/a><\/span> &raquo; <span><a href=\"https:\/\/jumi.be\/de\/jumi-plastics\">Jumi plastics<\/a><\/span> &raquo; <span class=\"breadcrumb_last\" aria-current=\"page\">Matrizen<\/span><\/span><\/div><\/div><\/div>\n\n<div class=\"wp-block-columns alignwide bg-light-gray info-cols is-layout-flex wp-container-core-columns-is-layout-1 wp-block-columns-is-layout-flex\">\n<div class=\"wp-block-column is-layout-flow wp-block-column-is-layout-flow\">\n<div class=\"wp-block-cb-carousel cb-single-slide\" data-slick=\"{&quot;slidesToShow&quot;:1,&quot;slidesToScroll&quot;:1,&quot;speed&quot;:300,&quot;arrows&quot;:false,&quot;dots&quot;:true,&quot;autoplay&quot;:true,&quot;autoplaySpeed&quot;:3000,&quot;infinite&quot;:true,&quot;responsive&quot;:[{&quot;breakpoint&quot;:769,&quot;settings&quot;:{&quot;slidesToShow&quot;:1,&quot;slidesToScroll&quot;:1}}]}\">\n<div class=\"wp-block-cb-slide\">\n<figure class=\"wp-block-image size-full\"><img loading=\"lazy\" decoding=\"async\" width=\"1000\" height=\"667\" src=\"https:\/\/jumi.be\/wp-content\/uploads\/2022\/09\/matrijs_spuitgieten2.jpg\" alt=\"\" class=\"wp-image-179\" srcset=\"https:\/\/jumi.be\/wp-content\/uploads\/2022\/09\/matrijs_spuitgieten2.jpg 1000w, https:\/\/jumi.be\/wp-content\/uploads\/2022\/09\/matrijs_spuitgieten2-300x200.jpg 300w, https:\/\/jumi.be\/wp-content\/uploads\/2022\/09\/matrijs_spuitgieten2-768x512.jpg 768w\" sizes=\"auto, (max-width: 1000px) 100vw, 1000px\" \/><\/figure>\n<\/div>\n\n\n\n<div class=\"wp-block-cb-slide\">\n<figure class=\"wp-block-image size-full\"><img loading=\"lazy\" decoding=\"async\" width=\"1000\" height=\"667\" src=\"https:\/\/jumi.be\/wp-content\/uploads\/2022\/09\/matrijs_voor_spuitgieten.jpg\" alt=\"\" class=\"wp-image-180\" srcset=\"https:\/\/jumi.be\/wp-content\/uploads\/2022\/09\/matrijs_voor_spuitgieten.jpg 1000w, https:\/\/jumi.be\/wp-content\/uploads\/2022\/09\/matrijs_voor_spuitgieten-300x200.jpg 300w, https:\/\/jumi.be\/wp-content\/uploads\/2022\/09\/matrijs_voor_spuitgieten-768x512.jpg 768w\" sizes=\"auto, (max-width: 1000px) 100vw, 1000px\" \/><\/figure>\n<\/div>\n\n\n\n<div class=\"wp-block-cb-slide\">\n<figure class=\"wp-block-image size-full\"><img loading=\"lazy\" decoding=\"async\" width=\"1000\" height=\"667\" src=\"https:\/\/jumi.be\/wp-content\/uploads\/2022\/09\/matrijzen_technisch_spuitgieten.jpg\" alt=\"\" class=\"wp-image-181\" srcset=\"https:\/\/jumi.be\/wp-content\/uploads\/2022\/09\/matrijzen_technisch_spuitgieten.jpg 1000w, https:\/\/jumi.be\/wp-content\/uploads\/2022\/09\/matrijzen_technisch_spuitgieten-300x200.jpg 300w, https:\/\/jumi.be\/wp-content\/uploads\/2022\/09\/matrijzen_technisch_spuitgieten-768x512.jpg 768w\" sizes=\"auto, (max-width: 1000px) 100vw, 1000px\" \/><\/figure>\n<\/div>\n<\/div>\n\n\n\n<div class=\"wp-block-buttons is-layout-flex wp-block-buttons-is-layout-flex\">\n<div class=\"wp-block-button\"><a class=\"wp-block-button__link\" href=\"https:\/\/jumi.be\/de\/jumi-plastics\/kontakt\">Sie haben einen Produktentwurf, den Sie mittels technischem Spritzgie\u00dfen produzieren m\u00f6chten? Nutzen Sie f\u00fcr einen sorgenfreien Produktionsprozess unsere Co-Design-Produktionsassistenz<\/a><\/div>\n<\/div>\n<\/div>\n\n\n\n<div class=\"wp-block-column is-layout-flow wp-block-column-is-layout-flow\">\n<h6 class=\"wp-block-heading\">Jumi Plastics ist seit Jahren ein innovatives Unternehmen in der Welt des Kunststoff-Spritzgie\u00dfens.<br\/><\/h6>\n\n\n\n<h2 class=\"wp-block-heading\">Matrizen f\u00fcr das Kunststoff-Spritzgie\u00dfen<\/h2>\n\n\n\n<p>Jumi Plastics legt gro\u00dfen Wert auf qualitative und gut gepflegte Matrizen. Aus diesem Grund unterst\u00fctzen wir unsere Kunden auch im Entwicklungsprozess dieser Matrizen. Bei Jumi Plastics produzieren wir im eigenen Haus keine Matrizen f\u00fcr das Spritzgie\u00dfen, arbeiten bei unseren Projekten aber mit einem Co-Design-Zugang. Das bedeutet, dass wir gemeinsam mit dem Kunden die Arbeit des Matrizenherstellers koordinieren und mithilfe unseres Know-hows und unserer Erfahrung als Spritzgie\u00dfunternehmen lenken, sodass wir stets ein qualitativ starkes Endergebnis erzielen. Sobald uns die Matrizen zu Beginn des Spritzgie\u00dfprozesses anvertraut werden, werden sie sorgf\u00e4ltigst gepflegt. Die Matrizen f\u00fcr das Spritzgie\u00dfen werden nach jedem Gebrauch gereinigt und geschmiert, um zuk\u00fcnftige Produktionsprozesse jederzeit optimal und reibungslos verlaufen zu lassen. Danach werden sie sorgf\u00e4ltig verpackt, damit sie f\u00fcr den folgenden Produktionsprozess bereit sind.<\/p>\n<\/div>\n<\/div>\n\n<div class=\"wp-block-columns alignwide are-vertically-aligned-center cta-row is-layout-flex wp-container-core-columns-is-layout-2 wp-block-columns-is-layout-flex\">\n<div class=\"wp-block-column is-vertically-aligned-center is-layout-flow wp-block-column-is-layout-flow\" style=\"flex-basis:100%\">\n<h2 class=\"wp-block-heading\">Sie haben eine Frage zum technischen Spritzgie\u00dfen?<\/h2>\n<\/div>\n\n\n\n<div class=\"wp-block-column is-vertically-aligned-center is-layout-flow wp-block-column-is-layout-flow\" style=\"flex-basis:281px\">\n<div class=\"wp-block-buttons is-content-justification-right is-layout-flex wp-container-core-buttons-is-layout-2 wp-block-buttons-is-layout-flex\">\n<div class=\"wp-block-button is-style-outline is-style-outline--1\"><a class=\"wp-block-button__link\" href=\"https:\/\/jumi.be\/de\/jumi-plastics\/kontakt\">Kontaktier uns<\/a><\/div>\n<\/div>\n<\/div>\n<\/div>\n","protected":false},"excerpt":{"rendered":"<p>Jumi Plastics ist seit Jahren ein innovatives Unternehmen in der Welt des Kunststoff-Spritzgie\u00dfens. Matrizen f\u00fcr das Kunststoff-Spritzgie\u00dfen [&hellip;]<\/p>\n","protected":false},"author":1,"featured_media":857,"parent":847,"menu_order":0,"comment_status":"closed","ping_status":"closed","template":"","meta":{"_uag_custom_page_level_css":"","site-sidebar-layout":"default","site-content-layout":"","ast-site-content-layout":"","site-content-style":"default","site-sidebar-style":"default","ast-global-header-display":"","ast-banner-title-visibility":"","ast-main-header-display":"","ast-hfb-above-header-display":"","ast-hfb-below-header-display":"","ast-hfb-mobile-header-display":"","site-post-title":"","ast-breadcrumbs-content":"","ast-featured-img":"disabled","footer-sml-layout":"","theme-transparent-header-meta":"","adv-header-id-meta":"","stick-header-meta":"","header-above-stick-meta":"","header-main-stick-meta":"","header-below-stick-meta":"","astra-migrate-meta-layouts":"default","ast-page-background-enabled":"default","ast-page-background-meta":{"desktop":{"background-color":"var(--ast-global-color-4)","background-image":"","background-repeat":"repeat","background-position":"center center","background-size":"auto","background-attachment":"scroll","background-type":"","background-media":"","overlay-type":"","overlay-color":"","overlay-opacity":"","overlay-gradient":""},"tablet":{"background-color":"","background-image":"","background-repeat":"repeat","background-position":"center center","background-size":"auto","background-attachment":"scroll","background-type":"","background-media":"","overlay-type":"","overlay-color":"","overlay-opacity":"","overlay-gradient":""},"mobile":{"background-color":"","background-image":"","background-repeat":"repeat","background-position":"center center","background-size":"auto","background-attachment":"scroll","background-type":"","background-media":"","overlay-type":"","overlay-color":"","overlay-opacity":"","overlay-gradient":""}},"ast-content-background-meta":{"desktop":{"background-color":"var(--ast-global-color-5)","background-image":"","background-repeat":"repeat","background-position":"center center","background-size":"auto","background-attachment":"scroll","background-type":"","background-media":"","overlay-type":"","overlay-color":"","overlay-opacity":"","overlay-gradient":""},"tablet":{"background-color":"var(--ast-global-color-5)","background-image":"","background-repeat":"repeat","background-position":"center center","background-size":"auto","background-attachment":"scroll","background-type":"","background-media":"","overlay-type":"","overlay-color":"","overlay-opacity":"","overlay-gradient":""},"mobile":{"background-color":"var(--ast-global-color-5)","background-image":"","background-repeat":"repeat","background-position":"center center","background-size":"auto","background-attachment":"scroll","background-type":"","background-media":"","overlay-type":"","overlay-color":"","overlay-opacity":"","overlay-gradient":""}},"footnotes":""},"class_list":["post-856","page","type-page","status-publish","has-post-thumbnail","hentry"],"yoast_head":"<!-- This site is optimized with the Yoast SEO plugin v23.9 - https:\/\/yoast.com\/wordpress\/plugins\/seo\/ -->\n<title>Matrizen f\u00fcr das Kunststoff-Spritzgie\u00dfen | Jumi Plastics<\/title>\n<meta name=\"description\" content=\"Matrizen bestimmen die Qualit\u00e4t des Endprodukts. Jumi Plastics bietet mit Co-Design Unterst\u00fctzung bei deren Herstellung.\" \/>\n<meta name=\"robots\" content=\"index, follow, max-snippet:-1, max-image-preview:large, max-video-preview:-1\" \/>\n<link rel=\"canonical\" href=\"https:\/\/jumi.be\/de\/jumi-plastics\/matrizen\" \/>\n<meta property=\"og:locale\" content=\"de_DE\" \/>\n<meta property=\"og:type\" content=\"article\" \/>\n<meta property=\"og:title\" content=\"Matrizen f\u00fcr das Kunststoff-Spritzgie\u00dfen | Jumi Plastics\" \/>\n<meta property=\"og:description\" content=\"Matrizen bestimmen die Qualit\u00e4t des Endprodukts. Jumi Plastics bietet mit Co-Design Unterst\u00fctzung bei deren Herstellung.\" \/>\n<meta property=\"og:url\" content=\"https:\/\/jumi.be\/de\/jumi-plastics\/matrizen\" \/>\n<meta property=\"og:site_name\" content=\"Jumi\" \/>\n<meta property=\"article:modified_time\" content=\"2024-04-24T14:37:25+00:00\" \/>\n<meta property=\"og:image\" content=\"https:\/\/jumi.be\/wp-content\/uploads\/2022\/09\/matrijs_spuitgieten.jpg\" \/>\n\t<meta property=\"og:image:width\" content=\"2500\" \/>\n\t<meta property=\"og:image:height\" content=\"1667\" \/>\n\t<meta property=\"og:image:type\" content=\"image\/jpeg\" \/>\n<meta name=\"twitter:card\" content=\"summary_large_image\" \/>\n<meta name=\"twitter:label1\" content=\"Gesch\u00e4tzte Lesezeit\" \/>\n\t<meta name=\"twitter:data1\" content=\"1\u00a0Minute\" \/>\n<script type=\"application\/ld+json\" class=\"yoast-schema-graph\">{\"@context\":\"https:\/\/schema.org\",\"@graph\":[{\"@type\":\"WebPage\",\"@id\":\"https:\/\/jumi.be\/de\/jumi-plastics\/matrizen\",\"url\":\"https:\/\/jumi.be\/de\/jumi-plastics\/matrizen\",\"name\":\"Matrizen f\u00fcr das Kunststoff-Spritzgie\u00dfen | Jumi Plastics\",\"isPartOf\":{\"@id\":\"https:\/\/jumi.be\/de#website\"},\"primaryImageOfPage\":{\"@id\":\"https:\/\/jumi.be\/de\/jumi-plastics\/matrizen#primaryimage\"},\"image\":{\"@id\":\"https:\/\/jumi.be\/de\/jumi-plastics\/matrizen#primaryimage\"},\"thumbnailUrl\":\"https:\/\/jumi.be\/wp-content\/uploads\/2022\/09\/matrijs_spuitgieten.jpg\",\"datePublished\":\"2022-09-05T12:44:30+00:00\",\"dateModified\":\"2024-04-24T14:37:25+00:00\",\"description\":\"Matrizen bestimmen die Qualit\u00e4t des Endprodukts. Jumi Plastics bietet mit Co-Design Unterst\u00fctzung bei deren Herstellung.\",\"breadcrumb\":{\"@id\":\"https:\/\/jumi.be\/de\/jumi-plastics\/matrizen#breadcrumb\"},\"inLanguage\":\"de\",\"potentialAction\":[{\"@type\":\"ReadAction\",\"target\":[\"https:\/\/jumi.be\/de\/jumi-plastics\/matrizen\"]}]},{\"@type\":\"ImageObject\",\"inLanguage\":\"de\",\"@id\":\"https:\/\/jumi.be\/de\/jumi-plastics\/matrizen#primaryimage\",\"url\":\"https:\/\/jumi.be\/wp-content\/uploads\/2022\/09\/matrijs_spuitgieten.jpg\",\"contentUrl\":\"https:\/\/jumi.be\/wp-content\/uploads\/2022\/09\/matrijs_spuitgieten.jpg\",\"width\":2500,\"height\":1667},{\"@type\":\"BreadcrumbList\",\"@id\":\"https:\/\/jumi.be\/de\/jumi-plastics\/matrizen#breadcrumb\",\"itemListElement\":[{\"@type\":\"ListItem\",\"position\":1,\"name\":\"Home\",\"item\":\"https:\/\/jumi.be\/de\/home\"},{\"@type\":\"ListItem\",\"position\":2,\"name\":\"Jumi plastics\",\"item\":\"https:\/\/jumi.be\/de\/jumi-plastics\"},{\"@type\":\"ListItem\",\"position\":3,\"name\":\"Matrizen\"}]},{\"@type\":\"WebSite\",\"@id\":\"https:\/\/jumi.be\/de#website\",\"url\":\"https:\/\/jumi.be\/de\",\"name\":\"Jumi\",\"description\":\"En nog een WordPress website\",\"publisher\":{\"@id\":\"https:\/\/jumi.be\/de#organization\"},\"potentialAction\":[{\"@type\":\"SearchAction\",\"target\":{\"@type\":\"EntryPoint\",\"urlTemplate\":\"https:\/\/jumi.be\/de?s={search_term_string}\"},\"query-input\":{\"@type\":\"PropertyValueSpecification\",\"valueRequired\":true,\"valueName\":\"search_term_string\"}}],\"inLanguage\":\"de\"},{\"@type\":\"Organization\",\"@id\":\"https:\/\/jumi.be\/de#organization\",\"name\":\"Jumi\",\"url\":\"https:\/\/jumi.be\/de\",\"logo\":{\"@type\":\"ImageObject\",\"inLanguage\":\"de\",\"@id\":\"https:\/\/jumi.be\/de#\/schema\/logo\/image\/\",\"url\":\"https:\/\/jumi.be\/wp-content\/uploads\/2022\/09\/logo-plastics.png\",\"contentUrl\":\"https:\/\/jumi.be\/wp-content\/uploads\/2022\/09\/logo-plastics.png\",\"width\":1200,\"height\":317,\"caption\":\"Jumi\"},\"image\":{\"@id\":\"https:\/\/jumi.be\/de#\/schema\/logo\/image\/\"}}]}<\/script>\n<!-- \/ Yoast SEO plugin. -->","yoast_head_json":{"title":"Matrizen f\u00fcr das Kunststoff-Spritzgie\u00dfen | Jumi Plastics","description":"Matrizen bestimmen die Qualit\u00e4t des Endprodukts. Jumi Plastics bietet mit Co-Design Unterst\u00fctzung bei deren Herstellung.","robots":{"index":"index","follow":"follow","max-snippet":"max-snippet:-1","max-image-preview":"max-image-preview:large","max-video-preview":"max-video-preview:-1"},"canonical":"https:\/\/jumi.be\/de\/jumi-plastics\/matrizen","og_locale":"de_DE","og_type":"article","og_title":"Matrizen f\u00fcr das Kunststoff-Spritzgie\u00dfen | Jumi Plastics","og_description":"Matrizen bestimmen die Qualit\u00e4t des Endprodukts. Jumi Plastics bietet mit Co-Design Unterst\u00fctzung bei deren Herstellung.","og_url":"https:\/\/jumi.be\/de\/jumi-plastics\/matrizen","og_site_name":"Jumi","article_modified_time":"2024-04-24T14:37:25+00:00","og_image":[{"width":2500,"height":1667,"url":"https:\/\/jumi.be\/wp-content\/uploads\/2022\/09\/matrijs_spuitgieten.jpg","type":"image\/jpeg"}],"twitter_card":"summary_large_image","twitter_misc":{"Gesch\u00e4tzte Lesezeit":"1\u00a0Minute"},"schema":{"@context":"https:\/\/schema.org","@graph":[{"@type":"WebPage","@id":"https:\/\/jumi.be\/de\/jumi-plastics\/matrizen","url":"https:\/\/jumi.be\/de\/jumi-plastics\/matrizen","name":"Matrizen f\u00fcr das Kunststoff-Spritzgie\u00dfen | Jumi Plastics","isPartOf":{"@id":"https:\/\/jumi.be\/de#website"},"primaryImageOfPage":{"@id":"https:\/\/jumi.be\/de\/jumi-plastics\/matrizen#primaryimage"},"image":{"@id":"https:\/\/jumi.be\/de\/jumi-plastics\/matrizen#primaryimage"},"thumbnailUrl":"https:\/\/jumi.be\/wp-content\/uploads\/2022\/09\/matrijs_spuitgieten.jpg","datePublished":"2022-09-05T12:44:30+00:00","dateModified":"2024-04-24T14:37:25+00:00","description":"Matrizen bestimmen die Qualit\u00e4t des Endprodukts. Jumi Plastics bietet mit Co-Design Unterst\u00fctzung bei deren Herstellung.","breadcrumb":{"@id":"https:\/\/jumi.be\/de\/jumi-plastics\/matrizen#breadcrumb"},"inLanguage":"de","potentialAction":[{"@type":"ReadAction","target":["https:\/\/jumi.be\/de\/jumi-plastics\/matrizen"]}]},{"@type":"ImageObject","inLanguage":"de","@id":"https:\/\/jumi.be\/de\/jumi-plastics\/matrizen#primaryimage","url":"https:\/\/jumi.be\/wp-content\/uploads\/2022\/09\/matrijs_spuitgieten.jpg","contentUrl":"https:\/\/jumi.be\/wp-content\/uploads\/2022\/09\/matrijs_spuitgieten.jpg","width":2500,"height":1667},{"@type":"BreadcrumbList","@id":"https:\/\/jumi.be\/de\/jumi-plastics\/matrizen#breadcrumb","itemListElement":[{"@type":"ListItem","position":1,"name":"Home","item":"https:\/\/jumi.be\/de\/home"},{"@type":"ListItem","position":2,"name":"Jumi plastics","item":"https:\/\/jumi.be\/de\/jumi-plastics"},{"@type":"ListItem","position":3,"name":"Matrizen"}]},{"@type":"WebSite","@id":"https:\/\/jumi.be\/de#website","url":"https:\/\/jumi.be\/de","name":"Jumi","description":"En nog een WordPress website","publisher":{"@id":"https:\/\/jumi.be\/de#organization"},"potentialAction":[{"@type":"SearchAction","target":{"@type":"EntryPoint","urlTemplate":"https:\/\/jumi.be\/de?s={search_term_string}"},"query-input":{"@type":"PropertyValueSpecification","valueRequired":true,"valueName":"search_term_string"}}],"inLanguage":"de"},{"@type":"Organization","@id":"https:\/\/jumi.be\/de#organization","name":"Jumi","url":"https:\/\/jumi.be\/de","logo":{"@type":"ImageObject","inLanguage":"de","@id":"https:\/\/jumi.be\/de#\/schema\/logo\/image\/","url":"https:\/\/jumi.be\/wp-content\/uploads\/2022\/09\/logo-plastics.png","contentUrl":"https:\/\/jumi.be\/wp-content\/uploads\/2022\/09\/logo-plastics.png","width":1200,"height":317,"caption":"Jumi"},"image":{"@id":"https:\/\/jumi.be\/de#\/schema\/logo\/image\/"}}]}},"uagb_featured_image_src":{"full":["https:\/\/jumi.be\/wp-content\/uploads\/2022\/09\/matrijs_spuitgieten.jpg",2500,1667,false],"thumbnail":["https:\/\/jumi.be\/wp-content\/uploads\/2022\/09\/matrijs_spuitgieten-150x150.jpg",150,150,true],"medium":["https:\/\/jumi.be\/wp-content\/uploads\/2022\/09\/matrijs_spuitgieten-300x200.jpg",300,200,true],"medium_large":["https:\/\/jumi.be\/wp-content\/uploads\/2022\/09\/matrijs_spuitgieten-768x512.jpg",768,512,true],"large":["https:\/\/jumi.be\/wp-content\/uploads\/2022\/09\/matrijs_spuitgieten-1024x683.jpg",1024,683,true],"1536x1536":["https:\/\/jumi.be\/wp-content\/uploads\/2022\/09\/matrijs_spuitgieten-1536x1024.jpg",1536,1024,true],"2048x2048":["https:\/\/jumi.be\/wp-content\/uploads\/2022\/09\/matrijs_spuitgieten-2048x1366.jpg",2048,1366,true]},"uagb_author_info":{"display_name":"Linkie","author_link":"https:\/\/jumi.be\/de\/author\/linkie"},"uagb_comment_info":0,"uagb_excerpt":"Jumi Plastics ist seit Jahren ein innovatives Unternehmen in der Welt des Kunststoff-Spritzgie\u00dfens. Matrizen f\u00fcr das Kunststoff-Spritzgie\u00dfen [&hellip;]","_links":{"self":[{"href":"https:\/\/jumi.be\/de\/wp-json\/wp\/v2\/pages\/856","targetHints":{"allow":["GET"]}}],"collection":[{"href":"https:\/\/jumi.be\/de\/wp-json\/wp\/v2\/pages"}],"about":[{"href":"https:\/\/jumi.be\/de\/wp-json\/wp\/v2\/types\/page"}],"author":[{"embeddable":true,"href":"https:\/\/jumi.be\/de\/wp-json\/wp\/v2\/users\/1"}],"replies":[{"embeddable":true,"href":"https:\/\/jumi.be\/de\/wp-json\/wp\/v2\/comments?post=856"}],"version-history":[{"count":2,"href":"https:\/\/jumi.be\/de\/wp-json\/wp\/v2\/pages\/856\/revisions"}],"predecessor-version":[{"id":995,"href":"https:\/\/jumi.be\/de\/wp-json\/wp\/v2\/pages\/856\/revisions\/995"}],"up":[{"embeddable":true,"href":"https:\/\/jumi.be\/de\/wp-json\/wp\/v2\/pages\/847"}],"wp:featuredmedia":[{"embeddable":true,"href":"https:\/\/jumi.be\/de\/wp-json\/wp\/v2\/media\/857"}],"wp:attachment":[{"href":"https:\/\/jumi.be\/de\/wp-json\/wp\/v2\/media?parent=856"}],"curies":[{"name":"wp","href":"https:\/\/api.w.org\/{rel}","templated":true}]}}