{"id":847,"date":"2022-09-05T12:43:38","date_gmt":"2022-09-05T12:43:38","guid":{"rendered":"https:\/\/jumi.be\/jumi-plastics"},"modified":"2024-11-07T15:09:37","modified_gmt":"2024-11-07T15:09:37","slug":"jumi-plastics","status":"publish","type":"page","link":"https:\/\/jumi.be\/de\/jumi-plastics","title":{"rendered":"Jumi plastics"},"content":{"rendered":"\n<div class=\"wp-block-cover alignfull is-light\"><span aria-hidden=\"true\" class=\"wp-block-cover__background has-background-dim\"><\/span><img loading=\"lazy\" decoding=\"async\" width=\"2400\" height=\"900\" class=\"wp-block-cover__image-background wp-image-69\" alt=\"\" src=\"https:\/\/jumi.be\/wp-content\/uploads\/2022\/09\/technisch-spuitgieten.jpg\" style=\"object-position:50% 0%\" data-object-fit=\"cover\" data-object-position=\"50% 0%\" srcset=\"https:\/\/jumi.be\/wp-content\/uploads\/2022\/09\/technisch-spuitgieten.jpg 2400w, https:\/\/jumi.be\/wp-content\/uploads\/2022\/09\/technisch-spuitgieten-300x113.jpg 300w, https:\/\/jumi.be\/wp-content\/uploads\/2022\/09\/technisch-spuitgieten-1024x384.jpg 1024w, https:\/\/jumi.be\/wp-content\/uploads\/2022\/09\/technisch-spuitgieten-768x288.jpg 768w, https:\/\/jumi.be\/wp-content\/uploads\/2022\/09\/technisch-spuitgieten-1536x576.jpg 1536w, https:\/\/jumi.be\/wp-content\/uploads\/2022\/09\/technisch-spuitgieten-2048x768.jpg 2048w\" sizes=\"auto, (max-width: 2400px) 100vw, 2400px\" \/><div class=\"wp-block-cover__inner-container is-layout-flow wp-block-cover-is-layout-flow\">\n<h1 class=\"wp-block-heading has-text-align-center\">Spezialist f\u00fcr technisches Spritzgie\u00dfen seit 1972<\/h1>\n<\/div><\/div>\n\n<div class=\"wp-block-columns alignwide are-vertically-aligned-center cta-row is-layout-flex wp-container-core-columns-is-layout-1 wp-block-columns-is-layout-flex\">\n<div class=\"wp-block-column is-vertically-aligned-center is-layout-flow wp-block-column-is-layout-flow\" style=\"flex-basis:100%\">\n<h2 class=\"wp-block-heading\">Sie haben eine Frage zum technischen Spritzgie\u00dfen?<\/h2>\n<\/div>\n\n\n\n<div class=\"wp-block-column is-vertically-aligned-center is-layout-flow wp-block-column-is-layout-flow\" style=\"flex-basis:281px\">\n<div class=\"wp-block-buttons is-content-justification-right is-layout-flex wp-container-core-buttons-is-layout-1 wp-block-buttons-is-layout-flex\">\n<div class=\"wp-block-button is-style-outline is-style-outline--1\"><a class=\"wp-block-button__link\" href=\"https:\/\/jumi.be\/de\/jumi-plastics\/kontakt\">Kontaktier uns<\/a><\/div>\n<\/div>\n<\/div>\n<\/div>\n\n<div class=\"wp-block-columns alignwide is-layout-flex wp-container-core-columns-is-layout-2 wp-block-columns-is-layout-flex\">\n<div class=\"wp-block-column is-layout-flow wp-block-column-is-layout-flow\">\n<figure class=\"wp-block-video alignfull bedrijfsfilm\"><video controls=\"\" src=\"https:\/\/jumi.be\/wp-content\/uploads\/2024\/11\/Jumi-Plastics-met-interview.mp4\"><\/video><\/figure>\n<\/div>\n<\/div>\n\n<div class=\"wp-block-columns alignwide pillars row-margin is-layout-flex wp-container-core-columns-is-layout-3 wp-block-columns-is-layout-flex\">\n<div class=\"wp-block-column is-layout-flow wp-block-column-is-layout-flow\">\n<figure class=\"wp-block-image aligncenter size-large is-resized\"><img loading=\"lazy\" decoding=\"async\" width=\"52\" height=\"53\" src=\"https:\/\/jumi.be\/wp-content\/uploads\/2022\/09\/clock-2.svg\" alt=\"\" class=\"wp-image-433\" style=\"width:50px\"\/><\/figure>\n\n\n\n<h3 class=\"wp-block-heading has-text-align-center\">Kontinuierlicher Produktionsprozess<\/h3>\n\n\n\n<p class=\"has-text-align-center\">Mit einem 5-Schicht-System bieten wir unsere Dienstleistung 7 Tage pro Woche an, um so eine kontinuierliche Produktion gew\u00e4hrleisten zu k\u00f6nnen.<\/p>\n<\/div>\n\n\n\n<div class=\"wp-block-column is-layout-flow wp-block-column-is-layout-flow\">\n<figure class=\"wp-block-image aligncenter size-large\"><img loading=\"lazy\" decoding=\"async\" width=\"50\" height=\"53\" src=\"https:\/\/jumi.be\/wp-content\/uploads\/2022\/09\/gear-2.svg\" alt=\"\" class=\"wp-image-435\"\/><\/figure>\n\n\n\n<h3 class=\"wp-block-heading has-text-align-center\">Umfassender Maschinenpark<\/h3>\n\n\n\n<p class=\"has-text-align-center\">40 Spritzgie\u00dfmaschinen mit einer Schlie\u00dfkraft von 25 bis 1.400 Tonnen zum technischen Spritzgie\u00dfen von Produkten von 1 g bis 6 kg.<\/p>\n<\/div>\n\n\n\n<div class=\"wp-block-column is-layout-flow wp-block-column-is-layout-flow\">\n<figure class=\"wp-block-image aligncenter size-large is-resized\"><img loading=\"lazy\" decoding=\"async\" width=\"52\" height=\"53\" src=\"https:\/\/jumi.be\/wp-content\/uploads\/2022\/09\/globe-2.svg\" alt=\"\" class=\"wp-image-437\" style=\"width:50px;height:50px\"\/><\/figure>\n\n\n\n<h3 class=\"wp-block-heading has-text-align-center\">Umweltbewusst<\/h3>\n\n\n\n<p class=\"has-text-align-center\">Wir investieren konstant in unsere Produktionsprozesse und Infrastruktur, um unsere Auswirkungen auf die Umwelt zu beschr\u00e4nken, und wollen uns unserer sozialen Verantwortung als Unternehmen stellen.<\/p>\n<\/div>\n<\/div>\n\n<div class=\"wp-block-columns alignwide bg-light-gray info-cols is-layout-flex wp-container-core-columns-is-layout-4 wp-block-columns-is-layout-flex\">\n<div class=\"wp-block-column is-layout-flow wp-block-column-is-layout-flow\">\n<figure class=\"wp-block-image size-large\"><img loading=\"lazy\" decoding=\"async\" width=\"1024\" height=\"683\" src=\"https:\/\/jumi.be\/wp-content\/uploads\/2022\/09\/spuitgieten-1024x683.jpeg\" alt=\"\" class=\"wp-image-100\" srcset=\"https:\/\/jumi.be\/wp-content\/uploads\/2022\/09\/spuitgieten-1024x683.jpeg 1024w, https:\/\/jumi.be\/wp-content\/uploads\/2022\/09\/spuitgieten-300x200.jpeg 300w, https:\/\/jumi.be\/wp-content\/uploads\/2022\/09\/spuitgieten-768x512.jpeg 768w, https:\/\/jumi.be\/wp-content\/uploads\/2022\/09\/spuitgieten-1536x1024.jpeg 1536w, https:\/\/jumi.be\/wp-content\/uploads\/2022\/09\/spuitgieten-2048x1366.jpeg 2048w\" sizes=\"auto, (max-width: 1024px) 100vw, 1024px\" \/><\/figure>\n<\/div>\n\n\n\n<div class=\"wp-block-column is-layout-flow wp-block-column-is-layout-flow\">\n<h6 class=\"wp-block-heading\">Jumi Plastics Belgium NV ist seit Jahren ein innovatives Unternehmen in der Welt des Kunststoff-Spritzgie\u00dfens.<\/h6>\n\n\n\n<h2 class=\"wp-block-heading\">Technisches Spritzgie\u00dfen<\/h2>\n\n\n\n<p>Dank unseres Maschinenparks, bestehend aus Pressen der j\u00fcngsten Generation mit einer Schlie\u00dfkraft von 25 bis 1.400 Tonnen, k\u00f6nnen wir alle Spritzgie\u00dfprodukte unter optimalen Bedingungen herstellen. Zugleich sind alle Maschinen mit modernsten Robotern mit starker Automatisierung ausger\u00fcstet, wodurch die unterschiedlichsten Produkte aus der gesamten Palette von thermoplastischen Kunststoffen erzeugt werden k\u00f6nnen.<\/p>\n\n\n\n<div class=\"wp-block-buttons is-layout-flex wp-block-buttons-is-layout-flex\">\n<div class=\"wp-block-button\"><a class=\"wp-block-button__link wp-element-button\" href=\"https:\/\/jumi.be\/de\/jumi-plastics\/spritzgiessen\">Technisches Spritzgie\u00dfen<\/a><\/div>\n<\/div>\n<\/div>\n<\/div>\n\n<div class=\"wp-block-cover alignfull has-parallax\" style=\"min-height:430px;aspect-ratio:unset;\"><span aria-hidden=\"true\" class=\"wp-block-cover__background has-background-dim-70 has-background-dim\"><\/span><div class=\"wp-block-cover__image-background wp-image-113 has-parallax\" style=\"background-position:50% 50%;background-image:url(https:\/\/jumi.be\/wp-content\/uploads\/2022\/09\/bg-parallax.jpeg)\"><\/div><div class=\"wp-block-cover__inner-container is-layout-flow wp-block-cover-is-layout-flow\">\n<h2 class=\"wp-block-heading\">\u00dcber Jumi Plastics Belgium<\/h2>\n\n\n\n<p>Jumi Plastics verf\u00fcgt \u00fcber 40 Spritzgie\u00dfmaschinen mit einer Schlie\u00dfkraft von 25 bis 1.400 Tonnen. Alle Maschinen sind mit Roboterarmen ausgestattet, um eine hochgradige Automatisierung anbieten zu k\u00f6nnen.<\/p>\n\n\n\n<div class=\"wp-block-columns is-layout-flex wp-container-core-columns-is-layout-5 wp-block-columns-is-layout-flex\">\n<div class=\"wp-block-column is-layout-flow wp-block-column-is-layout-flow\">\n<div class=\"wp-block-ideabox-counter\"><div class=\"ib-counter-container\" style=\"text-align:left\"><div class=\"ib-counter\" style=\"font-size:40px\"><span class=\"ib-counter-number\" data-from-value=\"0\" data-to-value=\"6\" data-delimiter=\"none\" data-duration=\"2000\">0<\/span><\/div><div class=\"ib-counter-title\">Marktsegmente<\/div><\/div><\/div>\n<\/div>\n\n\n\n<div class=\"wp-block-column is-layout-flow wp-block-column-is-layout-flow\">\n<div class=\"wp-block-ideabox-counter\"><div class=\"ib-counter-container\" style=\"text-align:left\"><div class=\"ib-counter\" style=\"font-size:40px\"><span class=\"ib-counter-number\" data-from-value=\"0\" data-to-value=\"12000\" data-delimiter=\"none\" data-duration=\"2000\">0<\/span><\/div><div class=\"ib-counter-title\">Meter bebaute Fl\u00e4che<\/div><\/div><\/div>\n<\/div>\n\n\n\n<div class=\"wp-block-column is-layout-flow wp-block-column-is-layout-flow\">\n<div class=\"wp-block-ideabox-counter\"><div class=\"ib-counter-container\" style=\"text-align:left\"><div class=\"ib-counter\" style=\"font-size:40px\"><span class=\"ib-counter-number\" data-from-value=\"0\" data-to-value=\"40\" data-delimiter=\"none\" data-duration=\"2000\">0<\/span><\/div><div class=\"ib-counter-title\">Spritzmaschinen<\/div><\/div><\/div>\n<\/div>\n\n\n\n<div class=\"wp-block-column is-layout-flow wp-block-column-is-layout-flow\">\n<div class=\"wp-block-ideabox-counter\"><div class=\"ib-counter-container\" style=\"text-align:left\"><div class=\"ib-counter\" style=\"font-size:40px\"><span class=\"ib-counter-number\" data-from-value=\"0\" data-to-value=\"15\" data-delimiter=\"none\" data-duration=\"2000\">0<\/span><\/div><div class=\"ib-counter-title\">L\u00e4nder<\/div><\/div><\/div>\n<\/div>\n<\/div>\n<\/div><\/div>\n\n<div class=\"wp-block-columns alignwide row-margin is-layout-flex wp-container-core-columns-is-layout-6 wp-block-columns-is-layout-flex\">\n<div class=\"wp-block-column is-layout-flow wp-block-column-is-layout-flow\"><ul class=\"wp-block-latest-posts__list has-dates wp-block-latest-posts\"><li><div class=\"wp-block-latest-posts__featured-image\"><a href=\"https:\/\/jumi.be\/de\/unkategorisiert\/produktion-eines-blumentopfs-auf-einer-unserer-660-tonnen-maschinen\" aria-label=\"Produktion eines Blumentopfs auf einer unserer 660-Tonnen-Maschinen.\"><img loading=\"lazy\" decoding=\"async\" width=\"300\" height=\"135\" src=\"https:\/\/jumi.be\/wp-content\/uploads\/2022\/11\/Screenshot_20221116-112521_Gallery-300x135.jpg\" class=\"attachment-medium size-medium wp-post-image\" alt=\"\" style=\"\" srcset=\"https:\/\/jumi.be\/wp-content\/uploads\/2022\/11\/Screenshot_20221116-112521_Gallery-300x135.jpg 300w, https:\/\/jumi.be\/wp-content\/uploads\/2022\/11\/Screenshot_20221116-112521_Gallery-1024x461.jpg 1024w, https:\/\/jumi.be\/wp-content\/uploads\/2022\/11\/Screenshot_20221116-112521_Gallery-768x346.jpg 768w, https:\/\/jumi.be\/wp-content\/uploads\/2022\/11\/Screenshot_20221116-112521_Gallery-1536x691.jpg 1536w, https:\/\/jumi.be\/wp-content\/uploads\/2022\/11\/Screenshot_20221116-112521_Gallery-2048x922.jpg 2048w\" sizes=\"auto, (max-width: 300px) 100vw, 300px\" \/><\/a><\/div><a class=\"wp-block-latest-posts__post-title\" href=\"https:\/\/jumi.be\/de\/unkategorisiert\/produktion-eines-blumentopfs-auf-einer-unserer-660-tonnen-maschinen\">Produktion eines Blumentopfs auf einer unserer 660-Tonnen-Maschinen.<\/a><time datetime=\"2024-04-30T09:18:35+00:00\" class=\"wp-block-latest-posts__post-date\">30 April 2024<\/time><div class=\"wp-block-latest-posts__post-excerpt\">Neben dem Spritzgie\u00dfen sind wir auch in der Lage, Produkte automatisch zu kennzeichnen \/ bedrucken\u2026\u00a0<a class=\"wp-block-latest-posts__read-more\" href=\"https:\/\/jumi.be\/de\/unkategorisiert\/produktion-eines-blumentopfs-auf-einer-unserer-660-tonnen-maschinen\" rel=\"noopener noreferrer\"><span class=\"screen-reader-text\">Produktion eines Blumentopfs auf einer unserer 660-Tonnen-Maschinen. <\/span>weiterlesen<\/a><\/div><\/li>\n<li><div class=\"wp-block-latest-posts__featured-image\"><a href=\"https:\/\/jumi.be\/de\/unkategorisiert\/unser-ekw-pi-hybrid-von-bmb\" aria-label=\"Unser eKW-Pi HYBRID von BMB\"><img loading=\"lazy\" decoding=\"async\" width=\"300\" height=\"225\" src=\"https:\/\/jumi.be\/wp-content\/uploads\/2022\/09\/1400-ton-hybride-machine-van-BMB-300x225.jpg\" class=\"attachment-medium size-medium wp-post-image\" alt=\"\" style=\"\" srcset=\"https:\/\/jumi.be\/wp-content\/uploads\/2022\/09\/1400-ton-hybride-machine-van-BMB-300x225.jpg 300w, https:\/\/jumi.be\/wp-content\/uploads\/2022\/09\/1400-ton-hybride-machine-van-BMB-1024x768.jpg 1024w, https:\/\/jumi.be\/wp-content\/uploads\/2022\/09\/1400-ton-hybride-machine-van-BMB-768x576.jpg 768w, https:\/\/jumi.be\/wp-content\/uploads\/2022\/09\/1400-ton-hybride-machine-van-BMB-1536x1152.jpg 1536w, https:\/\/jumi.be\/wp-content\/uploads\/2022\/09\/1400-ton-hybride-machine-van-BMB.jpg 2016w\" sizes=\"auto, (max-width: 300px) 100vw, 300px\" \/><\/a><\/div><a class=\"wp-block-latest-posts__post-title\" href=\"https:\/\/jumi.be\/de\/unkategorisiert\/unser-ekw-pi-hybrid-von-bmb\">Unser eKW-Pi HYBRID von BMB<\/a><time datetime=\"2022-09-22T07:17:05+00:00\" class=\"wp-block-latest-posts__post-date\">22 September 2022<\/time><div class=\"wp-block-latest-posts__post-excerpt\">Unsere neueste Maschine ist eine 1400-Tonnen-Hybridmaschine von BMB. Derzeit die gr\u00f6\u00dfte Maschine in unserem Sortiment.\u2026\u00a0<a class=\"wp-block-latest-posts__read-more\" href=\"https:\/\/jumi.be\/de\/unkategorisiert\/unser-ekw-pi-hybrid-von-bmb\" rel=\"noopener noreferrer\"><span class=\"screen-reader-text\">Unser eKW-Pi HYBRID von BMB <\/span>weiterlesen<\/a><\/div><\/li>\n<\/ul><\/div>\n<\/div>\n","protected":false},"excerpt":{"rendered":"<p>Kontinuierlicher Produktionsprozess Mit einem 5-Schicht-System bieten wir unsere Dienstleistung 7 Tage pro Woche an, um so eine [&hellip;]<\/p>\n","protected":false},"author":1,"featured_media":0,"parent":0,"menu_order":0,"comment_status":"closed","ping_status":"closed","template":"","meta":{"_uag_custom_page_level_css":"","site-sidebar-layout":"default","site-content-layout":"","ast-site-content-layout":"default","site-content-style":"default","site-sidebar-style":"default","ast-global-header-display":"","ast-banner-title-visibility":"","ast-main-header-display":"","ast-hfb-above-header-display":"","ast-hfb-below-header-display":"","ast-hfb-mobile-header-display":"","site-post-title":"","ast-breadcrumbs-content":"","ast-featured-img":"","footer-sml-layout":"","theme-transparent-header-meta":"","adv-header-id-meta":"","stick-header-meta":"","header-above-stick-meta":"","header-main-stick-meta":"","header-below-stick-meta":"","astra-migrate-meta-layouts":"default","ast-page-background-enabled":"default","ast-page-background-meta":{"desktop":{"background-color":"var(--ast-global-color-4)","background-image":"","background-repeat":"repeat","background-position":"center center","background-size":"auto","background-attachment":"scroll","background-type":"","background-media":"","overlay-type":"","overlay-color":"","overlay-opacity":"","overlay-gradient":""},"tablet":{"background-color":"","background-image":"","background-repeat":"repeat","background-position":"center center","background-size":"auto","background-attachment":"scroll","background-type":"","background-media":"","overlay-type":"","overlay-color":"","overlay-opacity":"","overlay-gradient":""},"mobile":{"background-color":"","background-image":"","background-repeat":"repeat","background-position":"center center","background-size":"auto","background-attachment":"scroll","background-type":"","background-media":"","overlay-type":"","overlay-color":"","overlay-opacity":"","overlay-gradient":""}},"ast-content-background-meta":{"desktop":{"background-color":"var(--ast-global-color-5)","background-image":"","background-repeat":"repeat","background-position":"center center","background-size":"auto","background-attachment":"scroll","background-type":"","background-media":"","overlay-type":"","overlay-color":"","overlay-opacity":"","overlay-gradient":""},"tablet":{"background-color":"var(--ast-global-color-5)","background-image":"","background-repeat":"repeat","background-position":"center center","background-size":"auto","background-attachment":"scroll","background-type":"","background-media":"","overlay-type":"","overlay-color":"","overlay-opacity":"","overlay-gradient":""},"mobile":{"background-color":"var(--ast-global-color-5)","background-image":"","background-repeat":"repeat","background-position":"center center","background-size":"auto","background-attachment":"scroll","background-type":"","background-media":"","overlay-type":"","overlay-color":"","overlay-opacity":"","overlay-gradient":""}},"footnotes":""},"class_list":["post-847","page","type-page","status-publish","hentry"],"yoast_head":"<!-- This site is optimized with the Yoast SEO plugin v23.9 - https:\/\/yoast.com\/wordpress\/plugins\/seo\/ -->\n<title>Spezialisiert auf Spritzgie\u00dfen von Kunststoffprodukten | Jumi Plastics<\/title>\n<meta name=\"description\" content=\"Kunststoff spritzgie\u00dfen lassen? Jumi Plastics in Diepenbeek, Limburg! Unsere Spritzgie\u00dfmaschinen garantieren Qualit\u00e4t.\" \/>\n<meta name=\"robots\" content=\"index, follow, max-snippet:-1, max-image-preview:large, max-video-preview:-1\" \/>\n<link rel=\"canonical\" href=\"https:\/\/jumi.be\/de\/jumi-plastics\" \/>\n<meta property=\"og:locale\" content=\"de_DE\" \/>\n<meta property=\"og:type\" content=\"article\" \/>\n<meta property=\"og:title\" content=\"Spezialisiert auf Spritzgie\u00dfen von Kunststoffprodukten | Jumi Plastics\" \/>\n<meta property=\"og:description\" content=\"Kunststoff spritzgie\u00dfen lassen? Jumi Plastics in Diepenbeek, Limburg! Unsere Spritzgie\u00dfmaschinen garantieren Qualit\u00e4t.\" \/>\n<meta property=\"og:url\" content=\"https:\/\/jumi.be\/de\/jumi-plastics\" \/>\n<meta property=\"og:site_name\" content=\"Jumi\" \/>\n<meta property=\"article:modified_time\" content=\"2024-11-07T15:09:37+00:00\" \/>\n<meta property=\"og:image\" content=\"https:\/\/jumi.be\/wp-content\/uploads\/2022\/09\/technisch-spuitgieten.jpg\" \/>\n\t<meta property=\"og:image:width\" content=\"2400\" \/>\n\t<meta property=\"og:image:height\" content=\"900\" \/>\n\t<meta property=\"og:image:type\" content=\"image\/jpeg\" \/>\n<meta name=\"twitter:card\" content=\"summary_large_image\" \/>\n<meta name=\"twitter:label1\" content=\"Gesch\u00e4tzte Lesezeit\" \/>\n\t<meta name=\"twitter:data1\" content=\"1\u00a0Minute\" \/>\n<script type=\"application\/ld+json\" class=\"yoast-schema-graph\">{\"@context\":\"https:\/\/schema.org\",\"@graph\":[{\"@type\":\"WebPage\",\"@id\":\"https:\/\/jumi.be\/de\/jumi-plastics\",\"url\":\"https:\/\/jumi.be\/de\/jumi-plastics\",\"name\":\"Spezialisiert auf Spritzgie\u00dfen von Kunststoffprodukten | Jumi Plastics\",\"isPartOf\":{\"@id\":\"https:\/\/jumi.be\/de#website\"},\"primaryImageOfPage\":{\"@id\":\"https:\/\/jumi.be\/de\/jumi-plastics#primaryimage\"},\"image\":{\"@id\":\"https:\/\/jumi.be\/de\/jumi-plastics#primaryimage\"},\"thumbnailUrl\":\"https:\/\/jumi.be\/wp-content\/uploads\/2022\/09\/technisch-spuitgieten.jpg\",\"datePublished\":\"2022-09-05T12:43:38+00:00\",\"dateModified\":\"2024-11-07T15:09:37+00:00\",\"description\":\"Kunststoff spritzgie\u00dfen lassen? Jumi Plastics in Diepenbeek, Limburg! Unsere Spritzgie\u00dfmaschinen garantieren Qualit\u00e4t.\",\"breadcrumb\":{\"@id\":\"https:\/\/jumi.be\/de\/jumi-plastics#breadcrumb\"},\"inLanguage\":\"de\",\"potentialAction\":[{\"@type\":\"ReadAction\",\"target\":[\"https:\/\/jumi.be\/de\/jumi-plastics\"]}]},{\"@type\":\"ImageObject\",\"inLanguage\":\"de\",\"@id\":\"https:\/\/jumi.be\/de\/jumi-plastics#primaryimage\",\"url\":\"https:\/\/jumi.be\/wp-content\/uploads\/2022\/09\/technisch-spuitgieten.jpg\",\"contentUrl\":\"https:\/\/jumi.be\/wp-content\/uploads\/2022\/09\/technisch-spuitgieten.jpg\"},{\"@type\":\"BreadcrumbList\",\"@id\":\"https:\/\/jumi.be\/de\/jumi-plastics#breadcrumb\",\"itemListElement\":[{\"@type\":\"ListItem\",\"position\":1,\"name\":\"Home\",\"item\":\"https:\/\/jumi.be\/de\/home\"},{\"@type\":\"ListItem\",\"position\":2,\"name\":\"Jumi plastics\"}]},{\"@type\":\"WebSite\",\"@id\":\"https:\/\/jumi.be\/de#website\",\"url\":\"https:\/\/jumi.be\/de\",\"name\":\"Jumi\",\"description\":\"En nog een WordPress website\",\"publisher\":{\"@id\":\"https:\/\/jumi.be\/de#organization\"},\"potentialAction\":[{\"@type\":\"SearchAction\",\"target\":{\"@type\":\"EntryPoint\",\"urlTemplate\":\"https:\/\/jumi.be\/de?s={search_term_string}\"},\"query-input\":{\"@type\":\"PropertyValueSpecification\",\"valueRequired\":true,\"valueName\":\"search_term_string\"}}],\"inLanguage\":\"de\"},{\"@type\":\"Organization\",\"@id\":\"https:\/\/jumi.be\/de#organization\",\"name\":\"Jumi\",\"url\":\"https:\/\/jumi.be\/de\",\"logo\":{\"@type\":\"ImageObject\",\"inLanguage\":\"de\",\"@id\":\"https:\/\/jumi.be\/de#\/schema\/logo\/image\/\",\"url\":\"https:\/\/jumi.be\/wp-content\/uploads\/2022\/09\/logo-plastics.png\",\"contentUrl\":\"https:\/\/jumi.be\/wp-content\/uploads\/2022\/09\/logo-plastics.png\",\"width\":1200,\"height\":317,\"caption\":\"Jumi\"},\"image\":{\"@id\":\"https:\/\/jumi.be\/de#\/schema\/logo\/image\/\"}}]}<\/script>\n<!-- \/ Yoast SEO plugin. -->","yoast_head_json":{"title":"Spezialisiert auf Spritzgie\u00dfen von Kunststoffprodukten | Jumi Plastics","description":"Kunststoff spritzgie\u00dfen lassen? Jumi Plastics in Diepenbeek, Limburg! Unsere Spritzgie\u00dfmaschinen garantieren Qualit\u00e4t.","robots":{"index":"index","follow":"follow","max-snippet":"max-snippet:-1","max-image-preview":"max-image-preview:large","max-video-preview":"max-video-preview:-1"},"canonical":"https:\/\/jumi.be\/de\/jumi-plastics","og_locale":"de_DE","og_type":"article","og_title":"Spezialisiert auf Spritzgie\u00dfen von Kunststoffprodukten | Jumi Plastics","og_description":"Kunststoff spritzgie\u00dfen lassen? Jumi Plastics in Diepenbeek, Limburg! Unsere Spritzgie\u00dfmaschinen garantieren Qualit\u00e4t.","og_url":"https:\/\/jumi.be\/de\/jumi-plastics","og_site_name":"Jumi","article_modified_time":"2024-11-07T15:09:37+00:00","og_image":[{"width":2400,"height":900,"url":"https:\/\/jumi.be\/wp-content\/uploads\/2022\/09\/technisch-spuitgieten.jpg","type":"image\/jpeg"}],"twitter_card":"summary_large_image","twitter_misc":{"Gesch\u00e4tzte Lesezeit":"1\u00a0Minute"},"schema":{"@context":"https:\/\/schema.org","@graph":[{"@type":"WebPage","@id":"https:\/\/jumi.be\/de\/jumi-plastics","url":"https:\/\/jumi.be\/de\/jumi-plastics","name":"Spezialisiert auf Spritzgie\u00dfen von Kunststoffprodukten | Jumi Plastics","isPartOf":{"@id":"https:\/\/jumi.be\/de#website"},"primaryImageOfPage":{"@id":"https:\/\/jumi.be\/de\/jumi-plastics#primaryimage"},"image":{"@id":"https:\/\/jumi.be\/de\/jumi-plastics#primaryimage"},"thumbnailUrl":"https:\/\/jumi.be\/wp-content\/uploads\/2022\/09\/technisch-spuitgieten.jpg","datePublished":"2022-09-05T12:43:38+00:00","dateModified":"2024-11-07T15:09:37+00:00","description":"Kunststoff spritzgie\u00dfen lassen? Jumi Plastics in Diepenbeek, Limburg! Unsere Spritzgie\u00dfmaschinen garantieren Qualit\u00e4t.","breadcrumb":{"@id":"https:\/\/jumi.be\/de\/jumi-plastics#breadcrumb"},"inLanguage":"de","potentialAction":[{"@type":"ReadAction","target":["https:\/\/jumi.be\/de\/jumi-plastics"]}]},{"@type":"ImageObject","inLanguage":"de","@id":"https:\/\/jumi.be\/de\/jumi-plastics#primaryimage","url":"https:\/\/jumi.be\/wp-content\/uploads\/2022\/09\/technisch-spuitgieten.jpg","contentUrl":"https:\/\/jumi.be\/wp-content\/uploads\/2022\/09\/technisch-spuitgieten.jpg"},{"@type":"BreadcrumbList","@id":"https:\/\/jumi.be\/de\/jumi-plastics#breadcrumb","itemListElement":[{"@type":"ListItem","position":1,"name":"Home","item":"https:\/\/jumi.be\/de\/home"},{"@type":"ListItem","position":2,"name":"Jumi plastics"}]},{"@type":"WebSite","@id":"https:\/\/jumi.be\/de#website","url":"https:\/\/jumi.be\/de","name":"Jumi","description":"En nog een WordPress website","publisher":{"@id":"https:\/\/jumi.be\/de#organization"},"potentialAction":[{"@type":"SearchAction","target":{"@type":"EntryPoint","urlTemplate":"https:\/\/jumi.be\/de?s={search_term_string}"},"query-input":{"@type":"PropertyValueSpecification","valueRequired":true,"valueName":"search_term_string"}}],"inLanguage":"de"},{"@type":"Organization","@id":"https:\/\/jumi.be\/de#organization","name":"Jumi","url":"https:\/\/jumi.be\/de","logo":{"@type":"ImageObject","inLanguage":"de","@id":"https:\/\/jumi.be\/de#\/schema\/logo\/image\/","url":"https:\/\/jumi.be\/wp-content\/uploads\/2022\/09\/logo-plastics.png","contentUrl":"https:\/\/jumi.be\/wp-content\/uploads\/2022\/09\/logo-plastics.png","width":1200,"height":317,"caption":"Jumi"},"image":{"@id":"https:\/\/jumi.be\/de#\/schema\/logo\/image\/"}}]}},"uagb_featured_image_src":{"full":false,"thumbnail":false,"medium":false,"medium_large":false,"large":false,"1536x1536":false,"2048x2048":false},"uagb_author_info":{"display_name":"Linkie","author_link":"https:\/\/jumi.be\/de\/author\/linkie"},"uagb_comment_info":0,"uagb_excerpt":"Kontinuierlicher Produktionsprozess Mit einem 5-Schicht-System bieten wir unsere Dienstleistung 7 Tage pro Woche an, um so eine [&hellip;]","_links":{"self":[{"href":"https:\/\/jumi.be\/de\/wp-json\/wp\/v2\/pages\/847","targetHints":{"allow":["GET"]}}],"collection":[{"href":"https:\/\/jumi.be\/de\/wp-json\/wp\/v2\/pages"}],"about":[{"href":"https:\/\/jumi.be\/de\/wp-json\/wp\/v2\/types\/page"}],"author":[{"embeddable":true,"href":"https:\/\/jumi.be\/de\/wp-json\/wp\/v2\/users\/1"}],"replies":[{"embeddable":true,"href":"https:\/\/jumi.be\/de\/wp-json\/wp\/v2\/comments?post=847"}],"version-history":[{"count":6,"href":"https:\/\/jumi.be\/de\/wp-json\/wp\/v2\/pages\/847\/revisions"}],"predecessor-version":[{"id":1444,"href":"https:\/\/jumi.be\/de\/wp-json\/wp\/v2\/pages\/847\/revisions\/1444"}],"wp:attachment":[{"href":"https:\/\/jumi.be\/de\/wp-json\/wp\/v2\/media?parent=847"}],"curies":[{"name":"wp","href":"https:\/\/api.w.org\/{rel}","templated":true}]}}